{"id":1036,"date":"2025-04-03T14:30:39","date_gmt":"2025-04-03T12:30:39","guid":{"rendered":"https:\/\/modellbahn-wiehe.s1135308.keymachine.de\/wordpress\/?page_id=1036"},"modified":"2025-07-25T10:09:36","modified_gmt":"2025-07-25T08:09:36","slug":"barrierefreiheit","status":"publish","type":"page","link":"https:\/\/www.modellbahn-wiehe.de\/?page_id=1036","title":{"rendered":"Barrierefreiheit"},"content":{"rendered":"\t\t<div data-elementor-type=\"wp-page\" data-elementor-id=\"1036\" class=\"elementor elementor-1036\" data-elementor-post-type=\"page\">\n\t\t\t\t<div class=\"elementor-element elementor-element-f8b1cff e-con-full e-flex e-con e-parent\" data-id=\"f8b1cff\" data-element_type=\"container\" data-e-type=\"container\" data-settings=\"{&quot;background_background&quot;:&quot;classic&quot;,&quot;background_motion_fx_motion_fx_scrolling&quot;:&quot;yes&quot;,&quot;shape_divider_bottom&quot;:&quot;opacity-tilt&quot;,&quot;motion_fx_motion_fx_scrolling&quot;:&quot;yes&quot;,&quot;background_motion_fx_opacity_effect&quot;:&quot;yes&quot;,&quot;background_motion_fx_opacity_level&quot;:{&quot;unit&quot;:&quot;px&quot;,&quot;size&quot;:5,&quot;sizes&quot;:[]},&quot;background_motion_fx_opacity_range&quot;:{&quot;unit&quot;:&quot;%&quot;,&quot;size&quot;:&quot;&quot;,&quot;sizes&quot;:{&quot;start&quot;:0,&quot;end&quot;:100}},&quot;background_motion_fx_scale_effect&quot;:&quot;yes&quot;,&quot;background_motion_fx_scale_speed&quot;:{&quot;unit&quot;:&quot;px&quot;,&quot;size&quot;:0,&quot;sizes&quot;:[]},&quot;background_motion_fx_opacity_direction&quot;:&quot;out-in&quot;,&quot;background_motion_fx_scale_direction&quot;:&quot;out-in&quot;,&quot;background_motion_fx_scale_range&quot;:{&quot;unit&quot;:&quot;%&quot;,&quot;size&quot;:&quot;&quot;,&quot;sizes&quot;:{&quot;start&quot;:20,&quot;end&quot;:80}},&quot;background_motion_fx_devices&quot;:[&quot;desktop&quot;,&quot;tablet&quot;,&quot;mobile&quot;],&quot;motion_fx_devices&quot;:[&quot;desktop&quot;,&quot;tablet&quot;,&quot;mobile&quot;]}\">\n\t\t\t\t<div class=\"elementor-shape elementor-shape-bottom\" aria-hidden=\"true\" data-negative=\"false\">\n\t\t\t<svg xmlns=\"http:\/\/www.w3.org\/2000\/svg\" viewBox=\"0 0 2600 131.1\" preserveAspectRatio=\"none\">\n\t<path class=\"elementor-shape-fill\" d=\"M0 0L2600 0 2600 69.1 0 0z\"\/>\n\t<path class=\"elementor-shape-fill\" style=\"opacity:0.5\" d=\"M0 0L2600 0 2600 69.1 0 69.1z\"\/>\n\t<path class=\"elementor-shape-fill\" style=\"opacity:0.25\" d=\"M2600 0L0 0 0 130.1 2600 69.1z\"\/>\n<\/svg>\t\t<\/div>\n\t\t\t\t<div class=\"elementor-element elementor-element-511e661 elementor-widget elementor-widget-heading\" data-id=\"511e661\" data-element_type=\"widget\" data-e-type=\"widget\" data-settings=\"{&quot;motion_fx_motion_fx_scrolling&quot;:&quot;yes&quot;,&quot;motion_fx_opacity_effect&quot;:&quot;yes&quot;,&quot;motion_fx_opacity_direction&quot;:&quot;out-in-out&quot;,&quot;motion_fx_scale_effect&quot;:&quot;yes&quot;,&quot;motion_fx_scale_direction&quot;:&quot;in-out-in&quot;,&quot;motion_fx_scale_speed&quot;:{&quot;unit&quot;:&quot;px&quot;,&quot;size&quot;:10,&quot;sizes&quot;:[]},&quot;motion_fx_opacity_level&quot;:{&quot;unit&quot;:&quot;px&quot;,&quot;size&quot;:10,&quot;sizes&quot;:[]},&quot;motion_fx_opacity_range&quot;:{&quot;unit&quot;:&quot;%&quot;,&quot;size&quot;:&quot;&quot;,&quot;sizes&quot;:{&quot;start&quot;:20,&quot;end&quot;:80}},&quot;motion_fx_scale_range&quot;:{&quot;unit&quot;:&quot;%&quot;,&quot;size&quot;:&quot;&quot;,&quot;sizes&quot;:{&quot;start&quot;:20,&quot;end&quot;:80}},&quot;motion_fx_devices&quot;:[&quot;desktop&quot;,&quot;tablet&quot;,&quot;mobile&quot;]}\" data-widget_type=\"heading.default\">\n\t\t\t\t<div class=\"elementor-widget-container\">\n\t\t\t\t\t<h1 class=\"elementor-heading-title elementor-size-default\">Barrierefreiheit<\/h1>\t\t\t\t<\/div>\n\t\t\t\t<\/div>\n\t\t\t\t<\/div>\n\t\t<div class=\"elementor-element elementor-element-b9d1a4f elementor-hidden-mobile e-flex e-con-boxed e-con e-parent\" data-id=\"b9d1a4f\" data-element_type=\"container\" data-e-type=\"container\">\n\t\t\t\t\t<div class=\"e-con-inner\">\n\t\t\t\t<div class=\"elementor-element elementor-element-eaf6a32 elementor-widget elementor-widget-spacer\" data-id=\"eaf6a32\" data-element_type=\"widget\" data-e-type=\"widget\" data-widget_type=\"spacer.default\">\n\t\t\t\t<div class=\"elementor-widget-container\">\n\t\t\t\t\t\t\t<div class=\"elementor-spacer\">\n\t\t\t<div class=\"elementor-spacer-inner\"><\/div>\n\t\t<\/div>\n\t\t\t\t\t\t<\/div>\n\t\t\t\t<\/div>\n\t\t\t\t\t<\/div>\n\t\t\t\t<\/div>\n\t\t<div class=\"elementor-element elementor-element-b8f5f66 e-flex e-con-boxed e-con e-parent\" data-id=\"b8f5f66\" data-element_type=\"container\" data-e-type=\"container\">\n\t\t\t\t\t<div class=\"e-con-inner\">\n\t\t\t\t<div class=\"elementor-element elementor-element-7033a7f elementor-widget elementor-widget-heading\" data-id=\"7033a7f\" data-element_type=\"widget\" data-e-type=\"widget\" data-widget_type=\"heading.default\">\n\t\t\t\t<div class=\"elementor-widget-container\">\n\t\t\t\t\t<h3 class=\"elementor-heading-title elementor-size-default\">Herzlich willkommen \u2013 so wie Sie sind!<\/h3>\t\t\t\t<\/div>\n\t\t\t\t<\/div>\n\t\t\t\t\t<\/div>\n\t\t\t\t<\/div>\n\t\t<div class=\"elementor-element elementor-element-7ab6517 e-flex e-con-boxed e-con e-parent\" data-id=\"7ab6517\" data-element_type=\"container\" data-e-type=\"container\">\n\t\t\t\t\t<div class=\"e-con-inner\">\n\t\t\t\t<div class=\"elementor-element elementor-element-f5292ec elementor-widget elementor-widget-text-editor\" data-id=\"f5292ec\" data-element_type=\"widget\" data-e-type=\"widget\" data-widget_type=\"text-editor.default\">\n\t\t\t\t<div class=\"elementor-widget-container\">\n\t\t\t\t\t\t\t\t\t<p class=\"\" data-start=\"324\" data-end=\"511\">Die Modellbahn Wiehe steht f\u00fcr gelebte Inklusion. Wir m\u00f6chten, dass sich <strong data-start=\"399\" data-end=\"435\">alle Besucher bei uns wohlf\u00fchlen<\/strong> \u2013 unabh\u00e4ngig von k\u00f6rperlichen Einschr\u00e4nkungen oder besonderen Bed\u00fcrfnissen.<\/p><p class=\"\" data-start=\"513\" data-end=\"703\">Ob im Rollstuhl, mit Rollator, Kinderwagen oder einfach etwas langsamer unterwegs:\u00a0<strong data-start=\"598\" data-end=\"703\">Bei uns finden Sie ideale Bedingungen, um die Ausstellung stressfrei, sicher und in Ruhe zu genie\u00dfen.<\/strong><\/p><p class=\"\" data-start=\"901\" data-end=\"1125\"><strong data-start=\"904\" data-end=\"977\">Wir freuen uns auf Ihren Besuch \u2013 ganz gleich, wie Sie zu uns kommen. <\/strong>Bei Fragen zur Barrierefreiheit oder bei besonderem Unterst\u00fctzungsbedarf helfen wir Ihnen gerne weiter \u2013 pers\u00f6nlich, telefonisch oder per E-Mail.<\/p>\t\t\t\t\t\t\t\t<\/div>\n\t\t\t\t<\/div>\n\t\t\t\t\t<\/div>\n\t\t\t\t<\/div>\n\t\t<div class=\"elementor-element elementor-element-e908008 elementor-hidden-mobile e-flex e-con-boxed e-con e-parent\" data-id=\"e908008\" data-element_type=\"container\" data-e-type=\"container\">\n\t\t\t\t\t<div class=\"e-con-inner\">\n\t\t\t\t<div class=\"elementor-element elementor-element-6e0f4d2 elementor-widget elementor-widget-spacer\" data-id=\"6e0f4d2\" data-element_type=\"widget\" data-e-type=\"widget\" data-widget_type=\"spacer.default\">\n\t\t\t\t<div class=\"elementor-widget-container\">\n\t\t\t\t\t\t\t<div class=\"elementor-spacer\">\n\t\t\t<div class=\"elementor-spacer-inner\"><\/div>\n\t\t<\/div>\n\t\t\t\t\t\t<\/div>\n\t\t\t\t<\/div>\n\t\t\t\t\t<\/div>\n\t\t\t\t<\/div>\n\t\t<div class=\"elementor-element elementor-element-3648cfd e-flex e-con-boxed e-con e-parent\" data-id=\"3648cfd\" data-element_type=\"container\" data-e-type=\"container\">\n\t\t\t\t\t<div class=\"e-con-inner\">\n\t\t\t\t<div class=\"elementor-element elementor-element-74b8bdf elementor-widget elementor-widget-heading\" data-id=\"74b8bdf\" data-element_type=\"widget\" data-e-type=\"widget\" data-widget_type=\"heading.default\">\n\t\t\t\t<div class=\"elementor-widget-container\">\n\t\t\t\t\t<h3 class=\"elementor-heading-title elementor-size-default\">Erkl\u00e4rung zur Barrierefreiheit<\/h3>\t\t\t\t<\/div>\n\t\t\t\t<\/div>\n\t\t\t\t\t<\/div>\n\t\t\t\t<\/div>\n\t\t<div class=\"elementor-element elementor-element-76b9dad e-flex e-con-boxed e-con e-parent\" data-id=\"76b9dad\" data-element_type=\"container\" data-e-type=\"container\">\n\t\t\t\t\t<div class=\"e-con-inner\">\n\t\t\t\t<div class=\"elementor-element elementor-element-b56fcad elementor-widget elementor-widget-text-editor\" data-id=\"b56fcad\" data-element_type=\"widget\" data-e-type=\"widget\" data-widget_type=\"text-editor.default\">\n\t\t\t\t<div class=\"elementor-widget-container\">\n\t\t\t\t\t\t\t\t\t<p class=\"\" data-start=\"306\" data-end=\"534\">Die <strong data-start=\"310\" data-end=\"330\">Modellbahn Wiehe<\/strong> legt gro\u00dfen Wert darauf, dass ihre Website unter <a class=\"\" href=\"https:\/\/www.modellbahn-wiehe.de\" target=\"_new\" rel=\"noopener\" data-start=\"380\" data-end=\"438\">www.modellbahn-wiehe.de<\/a> f\u00fcr alle Menschen zug\u00e4nglich ist \u2013 unabh\u00e4ngig von k\u00f6rperlichen oder kognitiven Einschr\u00e4nkungen.<\/p><p class=\"\" data-start=\"536\" data-end=\"823\">Obwohl unsere Website derzeit <strong data-start=\"566\" data-end=\"654\">nicht unmittelbar unter die Regelungen des Barrierefreiheitsst\u00e4rkungsgesetzes (BFSG)<\/strong> f\u00e4llt, ist uns das Thema <strong data-start=\"680\" data-end=\"701\">digitale Teilhabe<\/strong> ein zentrales Anliegen. Wir m\u00f6chten allen Besucherinnen und Besuchern ein m\u00f6glichst barrierearmes Online-Erlebnis bieten.<\/p>\t\t\t\t\t\t\t\t<\/div>\n\t\t\t\t<\/div>\n\t\t\t\t\t<\/div>\n\t\t\t\t<\/div>\n\t\t<div class=\"elementor-element elementor-element-de8c3d5 elementor-hidden-mobile e-flex e-con-boxed e-con e-parent\" data-id=\"de8c3d5\" data-element_type=\"container\" data-e-type=\"container\">\n\t\t\t\t\t<div class=\"e-con-inner\">\n\t\t\t\t<div class=\"elementor-element elementor-element-152722d elementor-widget elementor-widget-spacer\" data-id=\"152722d\" data-element_type=\"widget\" data-e-type=\"widget\" data-widget_type=\"spacer.default\">\n\t\t\t\t<div class=\"elementor-widget-container\">\n\t\t\t\t\t\t\t<div class=\"elementor-spacer\">\n\t\t\t<div class=\"elementor-spacer-inner\"><\/div>\n\t\t<\/div>\n\t\t\t\t\t\t<\/div>\n\t\t\t\t<\/div>\n\t\t\t\t\t<\/div>\n\t\t\t\t<\/div>\n\t\t<div class=\"elementor-element elementor-element-f4e9b0b e-flex e-con-boxed e-con e-parent\" data-id=\"f4e9b0b\" data-element_type=\"container\" data-e-type=\"container\">\n\t\t\t\t\t<div class=\"e-con-inner\">\n\t\t\t\t<div class=\"elementor-element elementor-element-e41d008 elementor-widget elementor-widget-heading\" data-id=\"e41d008\" data-element_type=\"widget\" data-e-type=\"widget\" data-widget_type=\"heading.default\">\n\t\t\t\t<div class=\"elementor-widget-container\">\n\t\t\t\t\t<h3 class=\"elementor-heading-title elementor-size-default\">Unsere Ma\u00dfnahmen zur Verbesserung der Barrierefreiheit<\/h3>\t\t\t\t<\/div>\n\t\t\t\t<\/div>\n\t\t\t\t\t<\/div>\n\t\t\t\t<\/div>\n\t\t<div class=\"elementor-element elementor-element-d121b31 e-flex e-con-boxed e-con e-parent\" data-id=\"d121b31\" data-element_type=\"container\" data-e-type=\"container\">\n\t\t\t\t\t<div class=\"e-con-inner\">\n\t\t\t\t<div class=\"elementor-element elementor-element-9bd4a15 elementor-widget elementor-widget-text-editor\" data-id=\"9bd4a15\" data-element_type=\"widget\" data-e-type=\"widget\" data-widget_type=\"text-editor.default\">\n\t\t\t\t<div class=\"elementor-widget-container\">\n\t\t\t\t\t\t\t\t\t<p class=\"\" data-start=\"890\" data-end=\"1060\">Wir orientieren uns an den Anforderungen der <strong data-start=\"935\" data-end=\"986\">Web Content Accessibility Guidelines (WCAG) 2.1<\/strong> und setzen kontinuierlich Ma\u00dfnahmen um, um die Nutzbarkeit zu verbessern:<\/p><ul data-start=\"1062\" data-end=\"1605\"><li class=\"\" data-start=\"1062\" data-end=\"1137\"><p class=\"\" data-start=\"1064\" data-end=\"1137\"><strong data-start=\"1067\" data-end=\"1085\">Kontrastmodus:<\/strong> Ausreichende Farbkontraste erleichtern das Lesen.<\/p><\/li><li class=\"\" data-start=\"1138\" data-end=\"1236\"><p class=\"\" data-start=\"1140\" data-end=\"1236\"><strong data-start=\"1143\" data-end=\"1172\">Anpassbare Schriftgr\u00f6\u00dfen:<\/strong> \u00dcber die Browsersteuerung kann die Schrift vergr\u00f6\u00dfert werden.<\/p><\/li><li class=\"\" data-start=\"1237\" data-end=\"1336\"><p class=\"\" data-start=\"1239\" data-end=\"1336\"><strong data-start=\"1242\" data-end=\"1268\">Strukturierte Inhalte:<\/strong> Klare Navigation und gegliederte Inhalte sorgen f\u00fcr Orientierung.<\/p><\/li><li class=\"\" data-start=\"1337\" data-end=\"1457\"><p class=\"\" data-start=\"1339\" data-end=\"1457\"><strong data-start=\"1342\" data-end=\"1368\">Tastaturbedienbarkeit:<\/strong> Die Website ist \u00fcber <strong data-start=\"1390\" data-end=\"1403\">Tabulator<\/strong>, <strong data-start=\"1405\" data-end=\"1418\">Leertaste<\/strong> und <strong data-start=\"1423\" data-end=\"1432\">Enter<\/strong> vollst\u00e4ndig bedienbar.<\/p><\/li><li class=\"\" data-start=\"1458\" data-end=\"1605\"><p class=\"\" data-start=\"1460\" data-end=\"1605\"><strong data-start=\"1463\" data-end=\"1495\">Screenreader-Kompatibilit\u00e4t:<\/strong> Die Seitenstruktur ist so aufgebaut, dass Assistenztechnologien Inhalte m\u00f6glichst fehlerfrei erfassen k\u00f6nnen.<\/p><\/li><\/ul>\t\t\t\t\t\t\t\t<\/div>\n\t\t\t\t<\/div>\n\t\t\t\t\t<\/div>\n\t\t\t\t<\/div>\n\t\t<div class=\"elementor-element elementor-element-cf71b2c elementor-hidden-mobile e-flex e-con-boxed e-con e-parent\" data-id=\"cf71b2c\" data-element_type=\"container\" data-e-type=\"container\">\n\t\t\t\t\t<div class=\"e-con-inner\">\n\t\t\t\t<div class=\"elementor-element elementor-element-0947eb6 elementor-widget elementor-widget-spacer\" data-id=\"0947eb6\" data-element_type=\"widget\" data-e-type=\"widget\" data-widget_type=\"spacer.default\">\n\t\t\t\t<div class=\"elementor-widget-container\">\n\t\t\t\t\t\t\t<div class=\"elementor-spacer\">\n\t\t\t<div class=\"elementor-spacer-inner\"><\/div>\n\t\t<\/div>\n\t\t\t\t\t\t<\/div>\n\t\t\t\t<\/div>\n\t\t\t\t\t<\/div>\n\t\t\t\t<\/div>\n\t\t<div class=\"elementor-element elementor-element-006ed88 e-flex e-con-boxed e-con e-parent\" data-id=\"006ed88\" data-element_type=\"container\" data-e-type=\"container\">\n\t\t\t\t\t<div class=\"e-con-inner\">\n\t\t\t\t<div class=\"elementor-element elementor-element-29ecd2c elementor-widget elementor-widget-heading\" data-id=\"29ecd2c\" data-element_type=\"widget\" data-e-type=\"widget\" data-widget_type=\"heading.default\">\n\t\t\t\t<div class=\"elementor-widget-container\">\n\t\t\t\t\t<h3 class=\"elementor-heading-title elementor-size-default\">Bestehende Barrieren melden<\/h3>\t\t\t\t<\/div>\n\t\t\t\t<\/div>\n\t\t\t\t\t<\/div>\n\t\t\t\t<\/div>\n\t\t<div class=\"elementor-element elementor-element-f0e899b e-flex e-con-boxed e-con e-parent\" data-id=\"f0e899b\" data-element_type=\"container\" data-e-type=\"container\">\n\t\t\t\t\t<div class=\"e-con-inner\">\n\t\t\t\t<div class=\"elementor-element elementor-element-9c7c0e2 elementor-widget elementor-widget-text-editor\" data-id=\"9c7c0e2\" data-element_type=\"widget\" data-e-type=\"widget\" data-widget_type=\"text-editor.default\">\n\t\t\t\t<div class=\"elementor-widget-container\">\n\t\t\t\t\t\t\t\t\t<p class=\"\" data-start=\"1947\" data-end=\"2068\">Sind Ihnen bei der Nutzung unserer Website Barrieren aufgefallen? Oder m\u00f6chten Sie uns Hinweise zur Verbesserung geben?<\/p>\n<p class=\"\" data-start=\"2070\" data-end=\"2110\">Dann freuen wir uns \u00fcber Ihre Nachricht:<\/p>\n<p class=\"\" data-start=\"2112\" data-end=\"2263\"><strong data-start=\"2115\" data-end=\"2126\">E-Mail:<\/strong> <a rel=\"noopener\" data-start=\"2127\" data-end=\"2186\">info@modellbahn-wiehe.de<\/a><br data-start=\"2186\" data-end=\"2189\"><strong data-start=\"2192\" data-end=\"2216\">Oder direkt vor Ort:<\/strong> Sprechen Sie uns an \u2013 wir helfen gerne weiter!<\/p>\n<p class=\"\" data-start=\"2265\" data-end=\"2363\">Vielen Dank, dass Sie uns dabei unterst\u00fctzen, die digitale Barrierefreiheit weiter voranzubringen.<\/p>\t\t\t\t\t\t\t\t<\/div>\n\t\t\t\t<\/div>\n\t\t\t\t\t<\/div>\n\t\t\t\t<\/div>\n\t\t<div class=\"elementor-element elementor-element-44c0347 elementor-hidden-mobile e-flex e-con-boxed e-con e-parent\" data-id=\"44c0347\" data-element_type=\"container\" data-e-type=\"container\">\n\t\t\t\t\t<div class=\"e-con-inner\">\n\t\t\t\t<div class=\"elementor-element elementor-element-fbe7da6 elementor-widget elementor-widget-spacer\" data-id=\"fbe7da6\" data-element_type=\"widget\" data-e-type=\"widget\" data-widget_type=\"spacer.default\">\n\t\t\t\t<div class=\"elementor-widget-container\">\n\t\t\t\t\t\t\t<div class=\"elementor-spacer\">\n\t\t\t<div class=\"elementor-spacer-inner\"><\/div>\n\t\t<\/div>\n\t\t\t\t\t\t<\/div>\n\t\t\t\t<\/div>\n\t\t\t\t\t<\/div>\n\t\t\t\t<\/div>\n\t\t\t\t<\/div>\n\t\t","protected":false},"excerpt":{"rendered":"<p>Barrierefreiheit Herzlich willkommen \u2013 so wie Sie sind! Die Modellbahn Wiehe steht f\u00fcr gelebte Inklusion. Wir m\u00f6chten, dass sich alle Besucher bei uns wohlf\u00fchlen \u2013 unabh\u00e4ngig von k\u00f6rperlichen Einschr\u00e4nkungen oder besonderen Bed\u00fcrfnissen. Ob im Rollstuhl, mit Rollator, Kinderwagen oder einfach etwas langsamer unterwegs:\u00a0Bei uns finden Sie ideale Bedingungen, um die Ausstellung stressfrei, sicher und in [&hellip;]<\/p>\n","protected":false},"author":2,"featured_media":0,"parent":0,"menu_order":0,"comment_status":"closed","ping_status":"closed","template":"","meta":{"footnotes":""},"class_list":["post-1036","page","type-page","status-publish","hentry"],"_links":{"self":[{"href":"https:\/\/www.modellbahn-wiehe.de\/index.php?rest_route=\/wp\/v2\/pages\/1036","targetHints":{"allow":["GET"]}}],"collection":[{"href":"https:\/\/www.modellbahn-wiehe.de\/index.php?rest_route=\/wp\/v2\/pages"}],"about":[{"href":"https:\/\/www.modellbahn-wiehe.de\/index.php?rest_route=\/wp\/v2\/types\/page"}],"author":[{"embeddable":true,"href":"https:\/\/www.modellbahn-wiehe.de\/index.php?rest_route=\/wp\/v2\/users\/2"}],"replies":[{"embeddable":true,"href":"https:\/\/www.modellbahn-wiehe.de\/index.php?rest_route=%2Fwp%2Fv2%2Fcomments&post=1036"}],"version-history":[{"count":49,"href":"https:\/\/www.modellbahn-wiehe.de\/index.php?rest_route=\/wp\/v2\/pages\/1036\/revisions"}],"predecessor-version":[{"id":3243,"href":"https:\/\/www.modellbahn-wiehe.de\/index.php?rest_route=\/wp\/v2\/pages\/1036\/revisions\/3243"}],"wp:attachment":[{"href":"https:\/\/www.modellbahn-wiehe.de\/index.php?rest_route=%2Fwp%2Fv2%2Fmedia&parent=1036"}],"curies":[{"name":"wp","href":"https:\/\/api.w.org\/{rel}","templated":true}]}}