{"id":15,"date":"2025-04-02T13:03:55","date_gmt":"2025-04-02T11:03:55","guid":{"rendered":"https:\/\/modellbahn-wiehe.s1135308.keymachine.de\/wordpress\/?page_id=15"},"modified":"2025-04-25T09:33:30","modified_gmt":"2025-04-25T07:33:30","slug":"impressum","status":"publish","type":"page","link":"https:\/\/www.modellbahn-wiehe.de\/?page_id=15","title":{"rendered":"Impressum"},"content":{"rendered":"\t\t<div data-elementor-type=\"wp-page\" data-elementor-id=\"15\" class=\"elementor elementor-15\" data-elementor-post-type=\"page\">\n\t\t\t\t<div class=\"elementor-element elementor-element-260c6b8 e-con-full e-flex e-con e-parent\" data-id=\"260c6b8\" data-element_type=\"container\" data-e-type=\"container\" data-settings=\"{&quot;background_background&quot;:&quot;classic&quot;,&quot;background_motion_fx_motion_fx_scrolling&quot;:&quot;yes&quot;,&quot;shape_divider_bottom&quot;:&quot;opacity-tilt&quot;,&quot;motion_fx_motion_fx_scrolling&quot;:&quot;yes&quot;,&quot;background_motion_fx_opacity_effect&quot;:&quot;yes&quot;,&quot;background_motion_fx_opacity_level&quot;:{&quot;unit&quot;:&quot;px&quot;,&quot;size&quot;:5,&quot;sizes&quot;:[]},&quot;background_motion_fx_opacity_range&quot;:{&quot;unit&quot;:&quot;%&quot;,&quot;size&quot;:&quot;&quot;,&quot;sizes&quot;:{&quot;start&quot;:0,&quot;end&quot;:100}},&quot;background_motion_fx_scale_effect&quot;:&quot;yes&quot;,&quot;background_motion_fx_scale_speed&quot;:{&quot;unit&quot;:&quot;px&quot;,&quot;size&quot;:0,&quot;sizes&quot;:[]},&quot;background_motion_fx_opacity_direction&quot;:&quot;out-in&quot;,&quot;background_motion_fx_scale_direction&quot;:&quot;out-in&quot;,&quot;background_motion_fx_scale_range&quot;:{&quot;unit&quot;:&quot;%&quot;,&quot;size&quot;:&quot;&quot;,&quot;sizes&quot;:{&quot;start&quot;:20,&quot;end&quot;:80}},&quot;background_motion_fx_devices&quot;:[&quot;desktop&quot;,&quot;tablet&quot;,&quot;mobile&quot;],&quot;motion_fx_devices&quot;:[&quot;desktop&quot;,&quot;tablet&quot;,&quot;mobile&quot;]}\">\n\t\t\t\t<div class=\"elementor-shape elementor-shape-bottom\" aria-hidden=\"true\" data-negative=\"false\">\n\t\t\t<svg xmlns=\"http:\/\/www.w3.org\/2000\/svg\" viewBox=\"0 0 2600 131.1\" preserveAspectRatio=\"none\">\n\t<path class=\"elementor-shape-fill\" d=\"M0 0L2600 0 2600 69.1 0 0z\"\/>\n\t<path class=\"elementor-shape-fill\" style=\"opacity:0.5\" d=\"M0 0L2600 0 2600 69.1 0 69.1z\"\/>\n\t<path class=\"elementor-shape-fill\" style=\"opacity:0.25\" d=\"M2600 0L0 0 0 130.1 2600 69.1z\"\/>\n<\/svg>\t\t<\/div>\n\t\t\t\t<div class=\"elementor-element elementor-element-ac1c739 elementor-widget elementor-widget-heading\" data-id=\"ac1c739\" data-element_type=\"widget\" data-e-type=\"widget\" data-settings=\"{&quot;motion_fx_motion_fx_scrolling&quot;:&quot;yes&quot;,&quot;motion_fx_opacity_effect&quot;:&quot;yes&quot;,&quot;motion_fx_opacity_direction&quot;:&quot;out-in-out&quot;,&quot;motion_fx_scale_effect&quot;:&quot;yes&quot;,&quot;motion_fx_scale_direction&quot;:&quot;in-out-in&quot;,&quot;motion_fx_scale_speed&quot;:{&quot;unit&quot;:&quot;px&quot;,&quot;size&quot;:10,&quot;sizes&quot;:[]},&quot;motion_fx_opacity_level&quot;:{&quot;unit&quot;:&quot;px&quot;,&quot;size&quot;:10,&quot;sizes&quot;:[]},&quot;motion_fx_opacity_range&quot;:{&quot;unit&quot;:&quot;%&quot;,&quot;size&quot;:&quot;&quot;,&quot;sizes&quot;:{&quot;start&quot;:20,&quot;end&quot;:80}},&quot;motion_fx_scale_range&quot;:{&quot;unit&quot;:&quot;%&quot;,&quot;size&quot;:&quot;&quot;,&quot;sizes&quot;:{&quot;start&quot;:20,&quot;end&quot;:80}},&quot;motion_fx_devices&quot;:[&quot;desktop&quot;,&quot;tablet&quot;,&quot;mobile&quot;]}\" data-widget_type=\"heading.default\">\n\t\t\t\t<div class=\"elementor-widget-container\">\n\t\t\t\t\t<h1 class=\"elementor-heading-title elementor-size-default\">Impressum<\/h1>\t\t\t\t<\/div>\n\t\t\t\t<\/div>\n\t\t\t\t<\/div>\n\t\t<div class=\"elementor-element elementor-element-caf69b2 e-flex e-con-boxed e-con e-parent\" data-id=\"caf69b2\" data-element_type=\"container\" data-e-type=\"container\">\n\t\t\t\t\t<div class=\"e-con-inner\">\n\t\t\t\t<div class=\"elementor-element elementor-element-4bac223 elementor-widget elementor-widget-text-editor\" data-id=\"4bac223\" data-element_type=\"widget\" data-e-type=\"widget\" data-widget_type=\"text-editor.default\">\n\t\t\t\t<div class=\"elementor-widget-container\">\n\t\t\t\t\t\t\t\t\t<p><span style=\"color: var( --e-global-color-text ); font-family: var( --e-global-typography-text-font-family ), Sans-serif; font-weight: var( --e-global-typography-text-font-weight ); font-size: 1rem;\">Modellbahn Wiehe GmbH<br \/><\/span><span style=\"color: var( --e-global-color-text ); font-family: var( --e-global-typography-text-font-family ), Sans-serif; font-weight: var( --e-global-typography-text-font-weight ); font-size: 1rem;\">Sonnenring 69<br \/><\/span><span style=\"color: var( --e-global-color-text ); font-family: var( --e-global-typography-text-font-family ), Sans-serif; font-weight: var( --e-global-typography-text-font-weight ); font-size: 1rem;\">84051 Essenbach &#8211; Altheim<br \/><\/span><span style=\"color: var( --e-global-color-text ); font-family: var( --e-global-typography-text-font-family ), Sans-serif; font-weight: var( --e-global-typography-text-font-weight ); font-size: 1rem;\">Telefon: 08703\/2891<br \/><\/span><span style=\"color: var( --e-global-color-text ); font-family: var( --e-global-typography-text-font-family ), Sans-serif; font-weight: var( --e-global-typography-text-font-weight ); font-size: 1rem;\"><br \/>Fax: 08703\/938830<br \/><\/span><span style=\"color: var( --e-global-color-text ); font-family: var( --e-global-typography-text-font-family ), Sans-serif; font-weight: var( --e-global-typography-text-font-weight ); font-size: 1rem;\">Mobil: 0171\/4733889<br \/><\/span><br \/>Gesch\u00e4ftsf\u00fchrer:\u00a0<span style=\"color: var( --e-global-color-text ); font-family: var( --e-global-typography-text-font-family ), Sans-serif; font-weight: var( --e-global-typography-text-font-weight ); font-size: 1rem;\">Helmut Aiwanger<br \/><\/span><span style=\"color: var( --e-global-color-text ); font-family: var( --e-global-typography-text-font-family ), Sans-serif; font-weight: var( --e-global-typography-text-font-weight ); font-size: 1rem;\"><br \/>Inhaltliche Verantwortung:\u00a0<\/span><span style=\"color: var( --e-global-color-text ); font-family: var( --e-global-typography-text-font-family ), Sans-serif; font-weight: var( --e-global-typography-text-font-weight ); font-size: 1rem;\">Helmuth Aiwanger<br \/><\/span><span style=\"color: var( --e-global-color-text ); font-family: var( --e-global-typography-text-font-family ), Sans-serif; font-weight: var( --e-global-typography-text-font-weight ); font-size: 1rem;\">Telefon: 034672-83630<br \/><\/span><span style=\"color: var( --e-global-color-text ); font-family: var( --e-global-typography-text-font-family ), Sans-serif; font-weight: var( --e-global-typography-text-font-weight ); font-size: 1rem;\"><br \/><strong>Technische Umsetzung<\/strong><br \/><\/span><span style=\"color: var( --e-global-color-text ); font-family: var( --e-global-typography-text-font-family ), Sans-serif; font-weight: var( --e-global-typography-text-font-weight ); font-size: 1rem;\">Unser Internetauftritt wurde durch die Firma LUIS Fotografie &amp; Werbung erstellt und gepflegt. Soweit die Verarbeitung von Daten im Rahmen dieser T\u00e4tigkeit notwendig ist, erfolgt diese auf Grundlage eines Auftragsdatenverarbeitungsvertrags (ADV-Vertrag).<br \/><\/span><span style=\"color: var( --e-global-color-text ); font-family: var( --e-global-typography-text-font-family ), Sans-serif; font-weight: var( --e-global-typography-text-font-weight ); font-size: 1rem;\"><br \/>LUIS Fotografie &amp; Werbung<br \/>Silvio Luis<br \/>Obh\u00e4user Weg 27<br \/>06279 Farnst\u00e4dt<br \/><\/span><a href=\"https:\/\/www.luisfoto.de\"><span style=\"color: var( --e-global-color-text ); font-family: var( --e-global-typography-text-font-family ), Sans-serif; font-weight: var( --e-global-typography-text-font-weight ); font-size: 1rem;\">www.luisfoto.de<\/span><\/a><\/p><p><strong>Hosting<\/strong><br \/>Unser Web-Server wird durch die nextbrand UG (hb.) betrieben. Soweit die Verarbeitung von Daten im Rahmen dieser T\u00e4tigkeit notwendig ist, erfolgt diese auf Grundlage eines Auftragsdatenverarbeitungsvertrags (ADV-Vertrag).<\/p><p>nextbrand UG (haftungsbeschr\u00e4nkt)<br \/>Nordh\u00e4user Stra\u00dfe 48<br \/>99706 Sondershausen<br \/><a href=\"http:\/\/www.nextbrand-webdesign.de\"><span style=\"color: var( --e-global-color-text ); font-family: var( --e-global-typography-text-font-family ), Sans-serif; font-weight: var( --e-global-typography-text-font-weight ); font-size: 1rem;\">www.nextbrand-webdesign.de<\/span><\/a><\/p><p><strong>Nutzungsbedingungen<\/strong><br \/>Texte, Bilder, Grafiken sowie die Gestaltung dieser Internetseiten unterliegen dem Urheberrecht. Sie d\u00fcrfen im Rahmen des \u00a7 53 Urheberrechtsgesetz (UrhG) nur zum privaten oder sonstigem eigenen Gebrauch verwendet werden. Eine ganz oder teilweise vorgenommene Vervielf\u00e4ltigung, Verwendung oder Ver\u00f6ffentlichung dieser Seiten in anderen elektronischen oder gedruckten Publikationen ist nur mit unserer vorherigen schriftlichen Zustimmung gestattet. Diese kann auf Anfrage durch die f\u00fcr den Inhalt verantwortlichen Personen erteilt werden. Der Nachdruck und Auswertung von Pressemitteilungen und Reden sind allgemein mit entsprechender Quellenangabe gestattet.<\/p><p><strong>Urheberrechte Dritter<\/strong><br \/>Weiterhin k\u00f6nnen Texte, Bilder, Grafiken und sonstige Dateien, ganz oder teilweise, dem Urheberrecht Dritter unterliegen. Wir weisen &#8211; innerhalb unserer Internetseiten &#8211; stets in unmittelbarer N\u00e4he zum abgebildeten Werk, auf die jeweiligen Urheber- oder auf andere gleichartige Rechte hin. Zudem finden Sie nachfolgen eine vollst\u00e4ndige Aufz\u00e4hlung der auf unseren Seiten verwendeten Werke:<\/p><p><strong>Texte:<\/strong><br \/>Alle Texte wurden durch die Modellbahn Wiehe erstellt und aktualisiert.<\/p><p><strong>Bilder:<\/strong><br \/>Alle Bilder stammen aus dem Bilderarchiv der Modellbahn Wiehe bzw. dem Bilderarchiv der Firma UNIMY, die entsprechenden Freigaben liegen vor.<\/p><p><strong>Haftungsausschluss<\/strong><br \/>Alle auf dieser Internetseite bereitgestellten Informationen haben wir nach bestem Wissen und Gewissen erarbeitet und gepr\u00fcft. Eine Gew\u00e4hr f\u00fcr die jederzeitige Aktualit\u00e4t, Richtigkeit, Vollst\u00e4ndigkeit und Verf\u00fcgbarkeit der bereit gestellten Informationen k\u00f6nnen wir allerdings nicht \u00fcbernehmen. Ein Vertragsverh\u00e4ltnis mit den Nutzern dieses Internetangebots kommt nicht zustande. Wir haften nicht f\u00fcr Sch\u00e4den, die durch die Nutzung dieses Internetangebots entstehen. F\u00fcr etwaige Sch\u00e4den, die beim Aufrufen oder Herunterladen von Daten durch Schadsoftware oder der Installation oder Nutzung von Software verursacht werden, wird nicht gehaftet.<\/p><p><strong>Links<\/strong><br \/>Von unseren eigenen Inhalten sind Querverweise (\u201eLinks\u201c) auf Webseiten anderer Anbieter zu unterscheiden. Durch diese externen Links erm\u00f6glichen wir lediglich den Zugang zu einer Nutzung \u201efremder Inhalte\u201c nach \u00a7 8 Telemediengesetz (TMG). Wir sind f\u00fcr diese \u201efremden Inhalte\u201c nicht verantwortlich. Bei der erstmaligen Verkn\u00fcpfung mit diesen Internetangeboten haben wir diese \u201efremden\u201c Inhalte darauf \u00fcberpr\u00fcft, ob durch sie eine m\u00f6gliche zivilrechtliche oder strafrechtliche Verantwortlichkeit ausgel\u00f6st wird. Wir k\u00f6nnen diese fremden Inhalte aber nicht st\u00e4ndig auf Ver\u00e4nderungen \u00fcberpr\u00fcfen und daher auch keine Verantwortung daf\u00fcr \u00fcbernehmen. Dementsprechend machen wir uns diese fremden Inhalte ausdr\u00fccklich nicht zu Eigen. F\u00fcr illegale, fehlerhafte oder unvollst\u00e4ndige Inhalte und insbesondere f\u00fcr Sch\u00e4den, die aus der Nutzung oder Nichtnutzung von Informationen Dritter entstehen, haftet allein der jeweilige Anbieter der Seite.<br \/>Namentlich gekennzeichnete Internetseiten, wurden mit Zustimmung der namentlich Genannten verlinkt und geben die Auffassungen und Erkenntnisse der genannten Personen wieder. Nur die genannten Personen haften f\u00fcr die Inhalte und Datenschutzvorkehrungen dieser Seiten.<\/p><p><strong>Streitbeilegungsverfahren<\/strong><br \/>Sollte einmal ein Konfliktfall eintreten m\u00f6chten wir Ihnen helfen und den Konflikt schnellstm\u00f6glich beseitigen. Daher sind wir gerne bereit an Streitschlichtungsverfahren teilzunehmen. Zur au\u00dfergerichtlichen Beilegung von verbraucherrechtlichen Streitigkeiten stellt die EU eine Online- Streitbeilegungs-Plattform (sog. OS-Plattform) bereit: Sie ist unter www.ec.europa.eu\/consumer\/odr erreichbar.<\/p>\t\t\t\t\t\t\t\t<\/div>\n\t\t\t\t<\/div>\n\t\t\t\t\t<\/div>\n\t\t\t\t<\/div>\n\t\t<div class=\"elementor-element elementor-element-0e293ab e-flex e-con-boxed e-con e-parent\" data-id=\"0e293ab\" data-element_type=\"container\" data-e-type=\"container\">\n\t\t\t\t\t<div class=\"e-con-inner\">\n\t\t\t\t<div class=\"elementor-element elementor-element-443ad8c elementor-widget elementor-widget-spacer\" data-id=\"443ad8c\" data-element_type=\"widget\" data-e-type=\"widget\" data-widget_type=\"spacer.default\">\n\t\t\t\t<div class=\"elementor-widget-container\">\n\t\t\t\t\t\t\t<div class=\"elementor-spacer\">\n\t\t\t<div class=\"elementor-spacer-inner\"><\/div>\n\t\t<\/div>\n\t\t\t\t\t\t<\/div>\n\t\t\t\t<\/div>\n\t\t\t\t\t<\/div>\n\t\t\t\t<\/div>\n\t\t\t\t<\/div>\n\t\t","protected":false},"excerpt":{"rendered":"<p>Impressum Modellbahn Wiehe GmbHSonnenring 6984051 Essenbach &#8211; AltheimTelefon: 08703\/2891 Fax: 08703\/938830Mobil: 0171\/4733889 Gesch\u00e4ftsf\u00fchrer:\u00a0Helmut Aiwanger Inhaltliche Verantwortung:\u00a0Helmuth AiwangerTelefon: 034672-83630 Technische UmsetzungUnser Internetauftritt wurde durch die Firma LUIS Fotografie &amp; Werbung erstellt und gepflegt. Soweit die Verarbeitung von Daten im Rahmen dieser T\u00e4tigkeit notwendig ist, erfolgt diese auf Grundlage eines Auftragsdatenverarbeitungsvertrags (ADV-Vertrag). LUIS Fotografie &amp; WerbungSilvio LuisObh\u00e4user [&hellip;]<\/p>\n","protected":false},"author":2,"featured_media":0,"parent":0,"menu_order":0,"comment_status":"closed","ping_status":"closed","template":"","meta":{"footnotes":""},"class_list":["post-15","page","type-page","status-publish","hentry"],"_links":{"self":[{"href":"https:\/\/www.modellbahn-wiehe.de\/index.php?rest_route=\/wp\/v2\/pages\/15","targetHints":{"allow":["GET"]}}],"collection":[{"href":"https:\/\/www.modellbahn-wiehe.de\/index.php?rest_route=\/wp\/v2\/pages"}],"about":[{"href":"https:\/\/www.modellbahn-wiehe.de\/index.php?rest_route=\/wp\/v2\/types\/page"}],"author":[{"embeddable":true,"href":"https:\/\/www.modellbahn-wiehe.de\/index.php?rest_route=\/wp\/v2\/users\/2"}],"replies":[{"embeddable":true,"href":"https:\/\/www.modellbahn-wiehe.de\/index.php?rest_route=%2Fwp%2Fv2%2Fcomments&post=15"}],"version-history":[{"count":46,"href":"https:\/\/www.modellbahn-wiehe.de\/index.php?rest_route=\/wp\/v2\/pages\/15\/revisions"}],"predecessor-version":[{"id":3110,"href":"https:\/\/www.modellbahn-wiehe.de\/index.php?rest_route=\/wp\/v2\/pages\/15\/revisions\/3110"}],"wp:attachment":[{"href":"https:\/\/www.modellbahn-wiehe.de\/index.php?rest_route=%2Fwp%2Fv2%2Fmedia&parent=15"}],"curies":[{"name":"wp","href":"https:\/\/api.w.org\/{rel}","templated":true}]}}