{"id":2434,"date":"2025-04-07T17:14:26","date_gmt":"2025-04-07T15:14:26","guid":{"rendered":"https:\/\/modellbahn-wiehe.s1135308.keymachine.de\/wordpress\/?page_id=2434"},"modified":"2025-04-25T09:32:30","modified_gmt":"2025-04-25T07:32:30","slug":"halle-d-2","status":"publish","type":"page","link":"https:\/\/www.modellbahn-wiehe.de\/?page_id=2434","title":{"rendered":"Halle E"},"content":{"rendered":"\t\t<div data-elementor-type=\"wp-page\" data-elementor-id=\"2434\" class=\"elementor elementor-2434\" data-elementor-post-type=\"page\">\n\t\t\t\t<div class=\"elementor-element elementor-element-f0146da e-con-full e-flex e-con e-parent\" data-id=\"f0146da\" data-element_type=\"container\" data-e-type=\"container\" data-settings=\"{&quot;background_background&quot;:&quot;classic&quot;,&quot;background_motion_fx_motion_fx_scrolling&quot;:&quot;yes&quot;,&quot;shape_divider_bottom&quot;:&quot;opacity-tilt&quot;,&quot;motion_fx_motion_fx_scrolling&quot;:&quot;yes&quot;,&quot;background_motion_fx_opacity_effect&quot;:&quot;yes&quot;,&quot;background_motion_fx_opacity_level&quot;:{&quot;unit&quot;:&quot;px&quot;,&quot;size&quot;:2.5,&quot;sizes&quot;:[]},&quot;background_motion_fx_opacity_range&quot;:{&quot;unit&quot;:&quot;%&quot;,&quot;size&quot;:&quot;&quot;,&quot;sizes&quot;:{&quot;start&quot;:0,&quot;end&quot;:100}},&quot;background_motion_fx_scale_effect&quot;:&quot;yes&quot;,&quot;background_motion_fx_scale_speed&quot;:{&quot;unit&quot;:&quot;px&quot;,&quot;size&quot;:0,&quot;sizes&quot;:[]},&quot;background_motion_fx_opacity_direction&quot;:&quot;out-in&quot;,&quot;background_motion_fx_scale_direction&quot;:&quot;out-in&quot;,&quot;background_motion_fx_scale_range&quot;:{&quot;unit&quot;:&quot;%&quot;,&quot;size&quot;:&quot;&quot;,&quot;sizes&quot;:{&quot;start&quot;:20,&quot;end&quot;:80}},&quot;background_motion_fx_devices&quot;:[&quot;desktop&quot;,&quot;tablet&quot;,&quot;mobile&quot;],&quot;motion_fx_devices&quot;:[&quot;desktop&quot;,&quot;tablet&quot;,&quot;mobile&quot;]}\">\n\t\t\t\t<div class=\"elementor-shape elementor-shape-bottom\" aria-hidden=\"true\" data-negative=\"false\">\n\t\t\t<svg xmlns=\"http:\/\/www.w3.org\/2000\/svg\" viewBox=\"0 0 2600 131.1\" preserveAspectRatio=\"none\">\n\t<path class=\"elementor-shape-fill\" d=\"M0 0L2600 0 2600 69.1 0 0z\"\/>\n\t<path class=\"elementor-shape-fill\" style=\"opacity:0.5\" d=\"M0 0L2600 0 2600 69.1 0 69.1z\"\/>\n\t<path class=\"elementor-shape-fill\" style=\"opacity:0.25\" d=\"M2600 0L0 0 0 130.1 2600 69.1z\"\/>\n<\/svg>\t\t<\/div>\n\t\t\t\t<div class=\"elementor-element elementor-element-1f67cd4 elementor-widget elementor-widget-heading\" data-id=\"1f67cd4\" data-element_type=\"widget\" data-e-type=\"widget\" data-settings=\"{&quot;motion_fx_motion_fx_scrolling&quot;:&quot;yes&quot;,&quot;motion_fx_opacity_effect&quot;:&quot;yes&quot;,&quot;motion_fx_opacity_direction&quot;:&quot;out-in-out&quot;,&quot;motion_fx_scale_effect&quot;:&quot;yes&quot;,&quot;motion_fx_scale_direction&quot;:&quot;in-out-in&quot;,&quot;motion_fx_scale_speed&quot;:{&quot;unit&quot;:&quot;px&quot;,&quot;size&quot;:10,&quot;sizes&quot;:[]},&quot;motion_fx_opacity_level&quot;:{&quot;unit&quot;:&quot;px&quot;,&quot;size&quot;:10,&quot;sizes&quot;:[]},&quot;motion_fx_opacity_range&quot;:{&quot;unit&quot;:&quot;%&quot;,&quot;size&quot;:&quot;&quot;,&quot;sizes&quot;:{&quot;start&quot;:20,&quot;end&quot;:80}},&quot;motion_fx_scale_range&quot;:{&quot;unit&quot;:&quot;%&quot;,&quot;size&quot;:&quot;&quot;,&quot;sizes&quot;:{&quot;start&quot;:20,&quot;end&quot;:80}},&quot;motion_fx_devices&quot;:[&quot;desktop&quot;,&quot;tablet&quot;,&quot;mobile&quot;]}\" data-widget_type=\"heading.default\">\n\t\t\t\t<div class=\"elementor-widget-container\">\n\t\t\t\t\t<h1 class=\"elementor-heading-title elementor-size-default\">Halle E<\/h1>\t\t\t\t<\/div>\n\t\t\t\t<\/div>\n\t\t\t\t<\/div>\n\t\t<div class=\"elementor-element elementor-element-31c47b2 e-flex e-con-boxed e-con e-parent\" data-id=\"31c47b2\" data-element_type=\"container\" data-e-type=\"container\">\n\t\t\t\t\t<div class=\"e-con-inner\">\n\t\t\t\t<div class=\"elementor-element elementor-element-24b0dd4 elementor-widget elementor-widget-heading\" data-id=\"24b0dd4\" data-element_type=\"widget\" data-e-type=\"widget\" data-widget_type=\"heading.default\">\n\t\t\t\t<div class=\"elementor-widget-container\">\n\t\t\t\t\t<h3 class=\"elementor-heading-title elementor-size-default\">Die Terrakotta-Armee \u2013 Macht, Mythos und Menschlichkeit in Ton<\/h3>\t\t\t\t<\/div>\n\t\t\t\t<\/div>\n\t\t\t\t\t<\/div>\n\t\t\t\t<\/div>\n\t\t<div class=\"elementor-element elementor-element-06d861e e-flex e-con-boxed e-con e-parent\" data-id=\"06d861e\" data-element_type=\"container\" data-e-type=\"container\">\n\t\t\t\t\t<div class=\"e-con-inner\">\n\t\t\t\t<div class=\"elementor-element elementor-element-8330239 elementor-widget elementor-widget-text-editor\" data-id=\"8330239\" data-element_type=\"widget\" data-e-type=\"widget\" data-widget_type=\"text-editor.default\">\n\t\t\t\t<div class=\"elementor-widget-container\">\n\t\t\t\t\t\t\t\t\t<p class=\"\" data-start=\"363\" data-end=\"793\">Willkommen im Reich der Mitte: In Halle E der Modellbahn Wiehe betreten Sie kein gew\u00f6hnliches Ausstellungsgeb\u00e4ude \u2013 Sie betreten <strong data-start=\"461\" data-end=\"494\">eine Zeitreise ins alte China<\/strong>. Hier erwartet Sie eine monumentale Nachbildung der weltber\u00fchmten <strong data-start=\"563\" data-end=\"618\">Terrakotta-Armee des ersten Kaisers Qin Shi Huangdi<\/strong>, die mit \u00fcber <strong data-start=\"633\" data-end=\"665\">780 Figuren im Ma\u00dfstab 1:2,5<\/strong> und <strong data-start=\"670\" data-end=\"730\">lebensgro\u00dfen Offizieren, Gener\u00e4len und dem Kaiser selbst<\/strong> zu einer der eindrucksvollsten Pr\u00e4sentationen au\u00dferhalb Asiens z\u00e4hlt.<\/p>\t\t\t\t\t\t\t\t<\/div>\n\t\t\t\t<\/div>\n\t\t\t\t\t<\/div>\n\t\t\t\t<\/div>\n\t\t<div class=\"elementor-element elementor-element-1e3e3eb elementor-hidden-mobile e-flex e-con-boxed e-con e-parent\" data-id=\"1e3e3eb\" data-element_type=\"container\" data-e-type=\"container\">\n\t\t\t\t\t<div class=\"e-con-inner\">\n\t\t\t\t<div class=\"elementor-element elementor-element-0fd417b elementor-widget elementor-widget-spacer\" data-id=\"0fd417b\" data-element_type=\"widget\" data-e-type=\"widget\" data-widget_type=\"spacer.default\">\n\t\t\t\t<div class=\"elementor-widget-container\">\n\t\t\t\t\t\t\t<div class=\"elementor-spacer\">\n\t\t\t<div class=\"elementor-spacer-inner\"><\/div>\n\t\t<\/div>\n\t\t\t\t\t\t<\/div>\n\t\t\t\t<\/div>\n\t\t\t\t\t<\/div>\n\t\t\t\t<\/div>\n\t\t<div class=\"elementor-element elementor-element-62a1bb8 e-flex e-con-boxed e-con e-parent\" data-id=\"62a1bb8\" data-element_type=\"container\" data-e-type=\"container\">\n\t\t\t\t\t<div class=\"e-con-inner\">\n\t\t<div class=\"elementor-element elementor-element-e805fc4 e-con-full e-flex e-con e-child\" data-id=\"e805fc4\" data-element_type=\"container\" data-e-type=\"container\">\n\t\t\t\t<div class=\"elementor-element elementor-element-e0cd38d elementor-widget elementor-widget-image\" data-id=\"e0cd38d\" data-element_type=\"widget\" data-e-type=\"widget\" data-widget_type=\"image.default\">\n\t\t\t\t<div class=\"elementor-widget-container\">\n\t\t\t\t\t\t\t\t\t\t\t\t\t\t\t<img fetchpriority=\"high\" decoding=\"async\" width=\"800\" height=\"534\" src=\"https:\/\/www.modellbahn-wiehe.de\/wp-content\/uploads\/2025\/04\/LUIS7382-1024x683.webp\" class=\"attachment-large size-large wp-image-939\" alt=\"\" srcset=\"https:\/\/www.modellbahn-wiehe.de\/wp-content\/uploads\/2025\/04\/LUIS7382-1024x683.webp 1024w, https:\/\/www.modellbahn-wiehe.de\/wp-content\/uploads\/2025\/04\/LUIS7382-300x200.webp 300w, https:\/\/www.modellbahn-wiehe.de\/wp-content\/uploads\/2025\/04\/LUIS7382-768x512.webp 768w, https:\/\/www.modellbahn-wiehe.de\/wp-content\/uploads\/2025\/04\/LUIS7382.webp 1080w\" sizes=\"(max-width: 800px) 100vw, 800px\" \/>\t\t\t\t\t\t\t\t\t\t\t\t\t\t\t<\/div>\n\t\t\t\t<\/div>\n\t\t\t\t<\/div>\n\t\t<div class=\"elementor-element elementor-element-aaf8f14 e-con-full e-flex e-con e-child\" data-id=\"aaf8f14\" data-element_type=\"container\" data-e-type=\"container\">\n\t\t\t\t<div class=\"elementor-element elementor-element-ec79114 elementor-widget elementor-widget-heading\" data-id=\"ec79114\" data-element_type=\"widget\" data-e-type=\"widget\" data-widget_type=\"heading.default\">\n\t\t\t\t<div class=\"elementor-widget-container\">\n\t\t\t\t\t<h3 class=\"elementor-heading-title elementor-size-default\">Ein Heer aus Ton \u2013 so echt, so nah<\/h3>\t\t\t\t<\/div>\n\t\t\t\t<\/div>\n\t\t\t\t<div class=\"elementor-element elementor-element-bd11b1f elementor-widget elementor-widget-text-editor\" data-id=\"bd11b1f\" data-element_type=\"widget\" data-e-type=\"widget\" data-widget_type=\"text-editor.default\">\n\t\t\t\t<div class=\"elementor-widget-container\">\n\t\t\t\t\t\t\t\t\t<p class=\"\" data-start=\"848\" data-end=\"1209\">Jede Figur ist ein originalgetreuer Nachbau aus China \u2013 mit individuellen Gesichtsz\u00fcgen, unterschiedlichen R\u00fcstungen, Haltungen und Haartrachten. Kein Krieger gleicht dem anderen. Die feinen Details der Mimik, Frisuren und Gew\u00e4nder lassen die Armee lebendig erscheinen und zeigen: Hier steht <strong data-start=\"1140\" data-end=\"1206\">nicht nur ein Heer, sondern eine Vielzahl von Pers\u00f6nlichkeiten<\/strong>.<\/p>\t\t\t\t\t\t\t\t<\/div>\n\t\t\t\t<\/div>\n\t\t\t\t<\/div>\n\t\t\t\t\t<\/div>\n\t\t\t\t<\/div>\n\t\t<div class=\"elementor-element elementor-element-b16d650 elementor-hidden-mobile e-flex e-con-boxed e-con e-parent\" data-id=\"b16d650\" data-element_type=\"container\" data-e-type=\"container\">\n\t\t\t\t\t<div class=\"e-con-inner\">\n\t\t\t\t<div class=\"elementor-element elementor-element-1618696 elementor-widget elementor-widget-spacer\" data-id=\"1618696\" data-element_type=\"widget\" data-e-type=\"widget\" data-widget_type=\"spacer.default\">\n\t\t\t\t<div class=\"elementor-widget-container\">\n\t\t\t\t\t\t\t<div class=\"elementor-spacer\">\n\t\t\t<div class=\"elementor-spacer-inner\"><\/div>\n\t\t<\/div>\n\t\t\t\t\t\t<\/div>\n\t\t\t\t<\/div>\n\t\t\t\t\t<\/div>\n\t\t\t\t<\/div>\n\t\t<div class=\"elementor-element elementor-element-dd07fd7 e-flex e-con-boxed e-con e-parent\" data-id=\"dd07fd7\" data-element_type=\"container\" data-e-type=\"container\">\n\t\t\t\t\t<div class=\"e-con-inner\">\n\t\t\t\t<div class=\"elementor-element elementor-element-1093b49 elementor-widget elementor-widget-heading\" data-id=\"1093b49\" data-element_type=\"widget\" data-e-type=\"widget\" data-widget_type=\"heading.default\">\n\t\t\t\t<div class=\"elementor-widget-container\">\n\t\t\t\t\t<h3 class=\"elementor-heading-title elementor-size-default\">2.200 Jahre verborgen \u2013 und bis heute voller Geheimnisse<\/h3>\t\t\t\t<\/div>\n\t\t\t\t<\/div>\n\t\t\t\t\t<\/div>\n\t\t\t\t<\/div>\n\t\t<div class=\"elementor-element elementor-element-57b44fc e-flex e-con-boxed e-con e-parent\" data-id=\"57b44fc\" data-element_type=\"container\" data-e-type=\"container\">\n\t\t\t\t\t<div class=\"e-con-inner\">\n\t\t\t\t<div class=\"elementor-element elementor-element-40e506c elementor-widget elementor-widget-text-editor\" data-id=\"40e506c\" data-element_type=\"widget\" data-e-type=\"widget\" data-widget_type=\"text-editor.default\">\n\t\t\t\t<div class=\"elementor-widget-container\">\n\t\t\t\t\t\t\t\t\t<p class=\"\" data-start=\"2042\" data-end=\"2241\">Entstanden zwischen <strong data-start=\"2062\" data-end=\"2085\">220 und 210 v. Chr.<\/strong>, war die Tonarmee Teil der gigantischen Grabst\u00e4tte von Kaiser Qin Shi Huangdi \u2013 ein unsterbliches Machtsymbol und Schutzgeist f\u00fcr das Leben nach dem Tod.\u00a0<span style=\"font-family: var( --e-global-typography-text-font-family ), Sans-serif; font-weight: var( --e-global-typography-text-font-weight ); text-align: var(--text-align); color: var( --e-global-color-text ); font-size: 1rem;\">Wie konnten tausende Figuren mit solcher Individualit\u00e4t geschaffen werden? Welche Techniken verwendeten die Handwerker? Warum zeigen viele Krieger Brandspuren? Antworten liefert die Ausstellung in Wiehe \u2013 ebenso wie neue Fragen, die Besucher zum Nachdenken und Staunen bringen.<\/span><\/p>\t\t\t\t\t\t\t\t<\/div>\n\t\t\t\t<\/div>\n\t\t\t\t\t<\/div>\n\t\t\t\t<\/div>\n\t\t<div class=\"elementor-element elementor-element-0e293ab elementor-hidden-mobile e-flex e-con-boxed e-con e-parent\" data-id=\"0e293ab\" data-element_type=\"container\" data-e-type=\"container\">\n\t\t\t\t\t<div class=\"e-con-inner\">\n\t\t\t\t<div class=\"elementor-element elementor-element-443ad8c elementor-widget elementor-widget-spacer\" data-id=\"443ad8c\" data-element_type=\"widget\" data-e-type=\"widget\" data-widget_type=\"spacer.default\">\n\t\t\t\t<div class=\"elementor-widget-container\">\n\t\t\t\t\t\t\t<div class=\"elementor-spacer\">\n\t\t\t<div class=\"elementor-spacer-inner\"><\/div>\n\t\t<\/div>\n\t\t\t\t\t\t<\/div>\n\t\t\t\t<\/div>\n\t\t\t\t\t<\/div>\n\t\t\t\t<\/div>\n\t\t<div class=\"elementor-element elementor-element-12e4923 e-con-full e-grid e-con e-parent\" data-id=\"12e4923\" data-element_type=\"container\" data-e-type=\"container\" data-settings=\"{&quot;background_background&quot;:&quot;classic&quot;}\">\n\t\t<div class=\"elementor-element elementor-element-21784cb e-con-full e-flex e-con e-child\" data-id=\"21784cb\" data-element_type=\"container\" data-e-type=\"container\" data-settings=\"{&quot;background_background&quot;:&quot;classic&quot;}\">\n\t\t\t\t<\/div>\n\t\t<div class=\"elementor-element elementor-element-e6bc89a e-con-full e-flex e-con e-child\" data-id=\"e6bc89a\" data-element_type=\"container\" data-e-type=\"container\">\n\t\t\t\t<div class=\"elementor-element elementor-element-1fa461b elementor-widget elementor-widget-heading\" data-id=\"1fa461b\" data-element_type=\"widget\" data-e-type=\"widget\" data-widget_type=\"heading.default\">\n\t\t\t\t<div class=\"elementor-widget-container\">\n\t\t\t\t\t<h3 class=\"elementor-heading-title elementor-size-default\">Eine Entdeckung, die die Welt ver\u00e4nderte<\/h3>\t\t\t\t<\/div>\n\t\t\t\t<\/div>\n\t\t\t\t<div class=\"elementor-element elementor-element-46aab57 elementor-widget elementor-widget-text-editor\" data-id=\"46aab57\" data-element_type=\"widget\" data-e-type=\"widget\" data-widget_type=\"text-editor.default\">\n\t\t\t\t<div class=\"elementor-widget-container\">\n\t\t\t\t\t\t\t\t\t<p class=\"\" data-start=\"1465\" data-end=\"1641\">Im Fr\u00fchjahr 1974 gruben Bauern nahe des chinesischen Dorfes Xiyang nach Wasser \u2013 und stie\u00dfen auf etwas, das Geschichte schrieb:<br data-start=\"1592\" data-end=\"1595\" \/><strong data-start=\"1595\" data-end=\"1638\">Die erste Tonfigur der Terrakotta-Armee<\/strong>.<\/p><p class=\"\" data-start=\"1643\" data-end=\"1972\">Was folgte, war eine der spektakul\u00e4rsten arch\u00e4ologischen Entdeckungen aller Zeiten. Die unterirdischen Gruben mit \u00fcber <strong data-start=\"1762\" data-end=\"1811\">7.000 Kriegern, Pferden, Wagen und Offizieren<\/strong>, fein s\u00e4uberlich aufgestellt in milit\u00e4rischer Formation, gelten heute als das <strong data-start=\"1890\" data-end=\"1910\">achte Weltwunder<\/strong> \u2013 und stehen unter dem Schutz des <strong data-start=\"1945\" data-end=\"1971\">UNESCO-Weltkulturerbes<\/strong>.<\/p>\t\t\t\t\t\t\t\t<\/div>\n\t\t\t\t<\/div>\n\t\t\t\t<\/div>\n\t\t\t\t<\/div>\n\t\t<div class=\"elementor-element elementor-element-a9e7fc6 elementor-hidden-mobile e-flex e-con-boxed e-con e-parent\" data-id=\"a9e7fc6\" data-element_type=\"container\" data-e-type=\"container\">\n\t\t\t\t\t<div class=\"e-con-inner\">\n\t\t\t\t<div class=\"elementor-element elementor-element-f122667 elementor-widget elementor-widget-spacer\" data-id=\"f122667\" data-element_type=\"widget\" data-e-type=\"widget\" data-widget_type=\"spacer.default\">\n\t\t\t\t<div class=\"elementor-widget-container\">\n\t\t\t\t\t\t\t<div class=\"elementor-spacer\">\n\t\t\t<div class=\"elementor-spacer-inner\"><\/div>\n\t\t<\/div>\n\t\t\t\t\t\t<\/div>\n\t\t\t\t<\/div>\n\t\t\t\t\t<\/div>\n\t\t\t\t<\/div>\n\t\t<div class=\"elementor-element elementor-element-53c71a9 e-flex e-con-boxed e-con e-parent\" data-id=\"53c71a9\" data-element_type=\"container\" data-e-type=\"container\">\n\t\t\t\t\t<div class=\"e-con-inner\">\n\t\t<div class=\"elementor-element elementor-element-10a49f6 e-con-full e-flex e-con e-child\" data-id=\"10a49f6\" data-element_type=\"container\" data-e-type=\"container\">\n\t\t\t\t<div class=\"elementor-element elementor-element-b97563f elementor-widget elementor-widget-heading\" data-id=\"b97563f\" data-element_type=\"widget\" data-e-type=\"widget\" data-widget_type=\"heading.default\">\n\t\t\t\t<div class=\"elementor-widget-container\">\n\t\t\t\t\t<h3 class=\"elementor-heading-title elementor-size-default\">Ein Ort zum Staunen \u2013 und zum Lernen<\/h3>\t\t\t\t<\/div>\n\t\t\t\t<\/div>\n\t\t\t\t<div class=\"elementor-element elementor-element-17dd837 elementor-widget elementor-widget-text-editor\" data-id=\"17dd837\" data-element_type=\"widget\" data-e-type=\"widget\" data-widget_type=\"text-editor.default\">\n\t\t\t\t<div class=\"elementor-widget-container\">\n\t\t\t\t\t\t\t\t\t<p class=\"\" data-start=\"3004\" data-end=\"3282\">Die Halle E ist mehr als ein Ausstellungsraum \u2013 sie ist ein Erlebnisort, ein Geschichtsbuch in Raum und Ton. <strong data-start=\"3115\" data-end=\"3173\">Kinder und Erwachsene, Schulklassen und Geschichtsfans<\/strong> erleben hier, wie die Vergangenheit greifbar wird und die Faszination einer ganzen Epoche zum Leben erwacht.<\/p>\t\t\t\t\t\t\t\t<\/div>\n\t\t\t\t<\/div>\n\t\t\t\t<\/div>\n\t\t<div class=\"elementor-element elementor-element-09881d4 e-con-full e-flex e-con e-child\" data-id=\"09881d4\" data-element_type=\"container\" data-e-type=\"container\">\n\t\t\t\t<div class=\"elementor-element elementor-element-c1bdd5b elementor-widget elementor-widget-html\" data-id=\"c1bdd5b\" data-element_type=\"widget\" data-e-type=\"widget\" data-widget_type=\"html.default\">\n\t\t\t\t<div class=\"elementor-widget-container\">\n\t\t\t\t\t<iframe src=\"https:\/\/www.google.com\/maps\/embed?pb=!4v1744039038484!6m8!1m7!1sCAoSHENJQUJJaEFEeWRFUjVDMW5mbWZ2MzRnQURlME8.!2m2!1d51.26147317879052!2d11.42009249006557!3f181.3030963489968!4f-8.199385729805343!5f0.7820865974627469\" width=\"600\" height=\"450\" style=\"border:0;\" allowfullscreen=\"\" loading=\"lazy\" referrerpolicy=\"no-referrer-when-downgrade\"><\/iframe>\t\t\t\t<\/div>\n\t\t\t\t<\/div>\n\t\t\t\t<\/div>\n\t\t\t\t\t<\/div>\n\t\t\t\t<\/div>\n\t\t<div class=\"elementor-element elementor-element-3def00e elementor-hidden-mobile e-flex e-con-boxed e-con e-parent\" data-id=\"3def00e\" data-element_type=\"container\" data-e-type=\"container\">\n\t\t\t\t\t<div class=\"e-con-inner\">\n\t\t\t\t<div class=\"elementor-element elementor-element-ad255c4 elementor-widget elementor-widget-spacer\" data-id=\"ad255c4\" data-element_type=\"widget\" data-e-type=\"widget\" data-widget_type=\"spacer.default\">\n\t\t\t\t<div class=\"elementor-widget-container\">\n\t\t\t\t\t\t\t<div class=\"elementor-spacer\">\n\t\t\t<div class=\"elementor-spacer-inner\"><\/div>\n\t\t<\/div>\n\t\t\t\t\t\t<\/div>\n\t\t\t\t<\/div>\n\t\t\t\t\t<\/div>\n\t\t\t\t<\/div>\n\t\t<div class=\"elementor-element elementor-element-d078747 e-flex e-con-boxed e-con e-parent\" data-id=\"d078747\" data-element_type=\"container\" data-e-type=\"container\">\n\t\t\t\t\t<div class=\"e-con-inner\">\n\t\t<div class=\"elementor-element elementor-element-16c50eb e-con-full e-flex e-con e-child\" data-id=\"16c50eb\" data-element_type=\"container\" data-e-type=\"container\">\n\t\t\t\t<div class=\"elementor-element elementor-element-2c3161d elementor-widget elementor-widget-image\" data-id=\"2c3161d\" data-element_type=\"widget\" data-e-type=\"widget\" data-widget_type=\"image.default\">\n\t\t\t\t<div class=\"elementor-widget-container\">\n\t\t\t\t\t\t\t\t\t\t\t\t\t\t\t<img decoding=\"async\" width=\"800\" height=\"534\" src=\"https:\/\/www.modellbahn-wiehe.de\/wp-content\/uploads\/2025\/04\/LUIS5128-1024x683.webp\" class=\"attachment-large size-large wp-image-871\" alt=\"\" srcset=\"https:\/\/www.modellbahn-wiehe.de\/wp-content\/uploads\/2025\/04\/LUIS5128-1024x683.webp 1024w, https:\/\/www.modellbahn-wiehe.de\/wp-content\/uploads\/2025\/04\/LUIS5128-300x200.webp 300w, https:\/\/www.modellbahn-wiehe.de\/wp-content\/uploads\/2025\/04\/LUIS5128-768x512.webp 768w, https:\/\/www.modellbahn-wiehe.de\/wp-content\/uploads\/2025\/04\/LUIS5128.webp 1080w\" sizes=\"(max-width: 800px) 100vw, 800px\" \/>\t\t\t\t\t\t\t\t\t\t\t\t\t\t\t<\/div>\n\t\t\t\t<\/div>\n\t\t\t\t<\/div>\n\t\t<div class=\"elementor-element elementor-element-10e17a5 e-con-full e-flex e-con e-child\" data-id=\"10e17a5\" data-element_type=\"container\" data-e-type=\"container\">\n\t\t\t\t<div class=\"elementor-element elementor-element-cd1d21e elementor-widget elementor-widget-heading\" data-id=\"cd1d21e\" data-element_type=\"widget\" data-e-type=\"widget\" data-widget_type=\"heading.default\">\n\t\t\t\t<div class=\"elementor-widget-container\">\n\t\t\t\t\t<h3 class=\"elementor-heading-title elementor-size-default\">Der Kaiser l\u00e4sst gr\u00fc\u00dfen<\/h3>\t\t\t\t<\/div>\n\t\t\t\t<\/div>\n\t\t\t\t<div class=\"elementor-element elementor-element-017ee3b elementor-widget elementor-widget-text-editor\" data-id=\"017ee3b\" data-element_type=\"widget\" data-e-type=\"widget\" data-widget_type=\"text-editor.default\">\n\t\t\t\t<div class=\"elementor-widget-container\">\n\t\t\t\t\t\t\t\t\t<p class=\"\" data-start=\"848\" data-end=\"1209\">Zus\u00e4tzlich bestaunen Sie den ber\u00fchmten <strong data-start=\"1250\" data-end=\"1287\">kaiserlichen Bronze-\u00dcberlandwagen<\/strong>, antike Waffen, Ausr\u00fcstungsgegenst\u00e4nde und Dokumente aus der Zeit der <strong data-start=\"1358\" data-end=\"1374\">Qin-Dynastie<\/strong> \u2013 und erleben so Geschichte hautnah.<\/p>\t\t\t\t\t\t\t\t<\/div>\n\t\t\t\t<\/div>\n\t\t\t\t<\/div>\n\t\t\t\t\t<\/div>\n\t\t\t\t<\/div>\n\t\t<div class=\"elementor-element elementor-element-16fd9f2 elementor-hidden-mobile e-flex e-con-boxed e-con e-parent\" data-id=\"16fd9f2\" data-element_type=\"container\" data-e-type=\"container\">\n\t\t\t\t\t<div class=\"e-con-inner\">\n\t\t\t\t<div class=\"elementor-element elementor-element-be06544 elementor-widget elementor-widget-spacer\" data-id=\"be06544\" data-element_type=\"widget\" data-e-type=\"widget\" data-widget_type=\"spacer.default\">\n\t\t\t\t<div class=\"elementor-widget-container\">\n\t\t\t\t\t\t\t<div class=\"elementor-spacer\">\n\t\t\t<div class=\"elementor-spacer-inner\"><\/div>\n\t\t<\/div>\n\t\t\t\t\t\t<\/div>\n\t\t\t\t<\/div>\n\t\t\t\t\t<\/div>\n\t\t\t\t<\/div>\n\t\t<div class=\"elementor-element elementor-element-5a97793 e-flex e-con-boxed e-con e-parent\" data-id=\"5a97793\" data-element_type=\"container\" data-e-type=\"container\">\n\t\t\t\t\t<div class=\"e-con-inner\">\n\t\t\t\t<div class=\"elementor-element elementor-element-7837aff elementor-widget elementor-widget-text-editor\" data-id=\"7837aff\" data-element_type=\"widget\" data-e-type=\"widget\" data-widget_type=\"text-editor.default\">\n\t\t\t\t<div class=\"elementor-widget-container\">\n\t\t\t\t\t\t\t\t\t<p class=\"\" data-start=\"2560\" data-end=\"2809\">Unsere Ausstellung vermittelt nicht nur die Figuren \u2013 sondern auch die <strong data-start=\"2631\" data-end=\"2662\">Konstruktion der Grabgruben<\/strong>: mit originalgetreu nachgebildeten Erdschichten, St\u00fctzbalken, Lehmdecken und dem schichtweisen Aufbau, der \u00fcber zwei Jahrtausende Bestand hatte.&nbsp;<span style=\"font-family: var( --e-global-typography-text-font-family ), Sans-serif; font-weight: var( --e-global-typography-text-font-weight ); text-align: var(--text-align); color: var( --e-global-color-text ); font-size: 1rem;\">Ein Blick in das <\/span><strong style=\"font-family: var( --e-global-typography-text-font-family ), Sans-serif; text-align: var(--text-align); color: var( --e-global-color-text ); font-size: 1rem;\" data-start=\"2828\" data-end=\"2887\">architektonische Genie einer untergegangenen Hochkultur<\/strong><span style=\"font-family: var( --e-global-typography-text-font-family ), Sans-serif; font-weight: var( --e-global-typography-text-font-weight ); text-align: var(--text-align); color: var( --e-global-color-text ); font-size: 1rem;\">, nachgebildet mit gr\u00f6\u00dfter Sorgfalt und faszinierender Detailtreue.<\/span><\/p>\n<p>Sie m\u00fcssen nicht nach China reisen, um die Magie der Terrakotta-Armee zu erleben.&nbsp;<strong data-start=\"3432\" data-end=\"3558\">In Wiehe erwartet Sie ein kulturelles Weltwunder in monumentalem Ma\u00dfstab \u2013 zum Staunen nah und einzigartig in Deutschland.<\/strong><\/p>\t\t\t\t\t\t\t\t<\/div>\n\t\t\t\t<\/div>\n\t\t\t\t\t<\/div>\n\t\t\t\t<\/div>\n\t\t<div class=\"elementor-element elementor-element-bb2695a elementor-hidden-mobile e-flex e-con-boxed e-con e-parent\" data-id=\"bb2695a\" data-element_type=\"container\" data-e-type=\"container\">\n\t\t\t\t\t<div class=\"e-con-inner\">\n\t\t\t\t<div class=\"elementor-element elementor-element-8112a02 elementor-widget elementor-widget-spacer\" data-id=\"8112a02\" data-element_type=\"widget\" data-e-type=\"widget\" data-widget_type=\"spacer.default\">\n\t\t\t\t<div class=\"elementor-widget-container\">\n\t\t\t\t\t\t\t<div class=\"elementor-spacer\">\n\t\t\t<div class=\"elementor-spacer-inner\"><\/div>\n\t\t<\/div>\n\t\t\t\t\t\t<\/div>\n\t\t\t\t<\/div>\n\t\t\t\t\t<\/div>\n\t\t\t\t<\/div>\n\t\t\t\t<\/div>\n\t\t","protected":false},"excerpt":{"rendered":"<p>Halle E Die Terrakotta-Armee \u2013 Macht, Mythos und Menschlichkeit in Ton Willkommen im Reich der Mitte: In Halle E der Modellbahn Wiehe betreten Sie kein gew\u00f6hnliches Ausstellungsgeb\u00e4ude \u2013 Sie betreten eine Zeitreise ins alte China. Hier erwartet Sie eine monumentale Nachbildung der weltber\u00fchmten Terrakotta-Armee des ersten Kaisers Qin Shi Huangdi, die mit \u00fcber 780 Figuren [&hellip;]<\/p>\n","protected":false},"author":2,"featured_media":0,"parent":0,"menu_order":0,"comment_status":"closed","ping_status":"closed","template":"","meta":{"footnotes":""},"class_list":["post-2434","page","type-page","status-publish","hentry"],"_links":{"self":[{"href":"https:\/\/www.modellbahn-wiehe.de\/index.php?rest_route=\/wp\/v2\/pages\/2434","targetHints":{"allow":["GET"]}}],"collection":[{"href":"https:\/\/www.modellbahn-wiehe.de\/index.php?rest_route=\/wp\/v2\/pages"}],"about":[{"href":"https:\/\/www.modellbahn-wiehe.de\/index.php?rest_route=\/wp\/v2\/types\/page"}],"author":[{"embeddable":true,"href":"https:\/\/www.modellbahn-wiehe.de\/index.php?rest_route=\/wp\/v2\/users\/2"}],"replies":[{"embeddable":true,"href":"https:\/\/www.modellbahn-wiehe.de\/index.php?rest_route=%2Fwp%2Fv2%2Fcomments&post=2434"}],"version-history":[{"count":41,"href":"https:\/\/www.modellbahn-wiehe.de\/index.php?rest_route=\/wp\/v2\/pages\/2434\/revisions"}],"predecessor-version":[{"id":3098,"href":"https:\/\/www.modellbahn-wiehe.de\/index.php?rest_route=\/wp\/v2\/pages\/2434\/revisions\/3098"}],"wp:attachment":[{"href":"https:\/\/www.modellbahn-wiehe.de\/index.php?rest_route=%2Fwp%2Fv2%2Fmedia&parent=2434"}],"curies":[{"name":"wp","href":"https:\/\/api.w.org\/{rel}","templated":true}]}}