{"id":26,"date":"2025-04-02T13:14:27","date_gmt":"2025-04-02T11:14:27","guid":{"rendered":"https:\/\/modellbahn-wiehe.s1135308.keymachine.de\/wordpress\/?page_id=26"},"modified":"2025-04-25T09:24:47","modified_gmt":"2025-04-25T07:24:47","slug":"besucherinfos","status":"publish","type":"page","link":"https:\/\/www.modellbahn-wiehe.de\/?page_id=26","title":{"rendered":"Besucherinfos"},"content":{"rendered":"\t\t<div data-elementor-type=\"wp-page\" data-elementor-id=\"26\" class=\"elementor elementor-26\" data-elementor-post-type=\"page\">\n\t\t\t\t<div class=\"elementor-element elementor-element-4e67780 e-con-full e-flex e-con e-parent\" data-id=\"4e67780\" data-element_type=\"container\" data-e-type=\"container\" data-settings=\"{&quot;background_background&quot;:&quot;classic&quot;,&quot;background_motion_fx_motion_fx_scrolling&quot;:&quot;yes&quot;,&quot;shape_divider_bottom&quot;:&quot;opacity-tilt&quot;,&quot;motion_fx_motion_fx_scrolling&quot;:&quot;yes&quot;,&quot;background_motion_fx_opacity_effect&quot;:&quot;yes&quot;,&quot;background_motion_fx_opacity_level&quot;:{&quot;unit&quot;:&quot;px&quot;,&quot;size&quot;:5,&quot;sizes&quot;:[]},&quot;background_motion_fx_opacity_range&quot;:{&quot;unit&quot;:&quot;%&quot;,&quot;size&quot;:&quot;&quot;,&quot;sizes&quot;:{&quot;start&quot;:0,&quot;end&quot;:100}},&quot;background_motion_fx_scale_effect&quot;:&quot;yes&quot;,&quot;background_motion_fx_scale_speed&quot;:{&quot;unit&quot;:&quot;px&quot;,&quot;size&quot;:0,&quot;sizes&quot;:[]},&quot;background_motion_fx_opacity_direction&quot;:&quot;out-in&quot;,&quot;background_motion_fx_scale_direction&quot;:&quot;out-in&quot;,&quot;background_motion_fx_scale_range&quot;:{&quot;unit&quot;:&quot;%&quot;,&quot;size&quot;:&quot;&quot;,&quot;sizes&quot;:{&quot;start&quot;:20,&quot;end&quot;:80}},&quot;background_motion_fx_devices&quot;:[&quot;desktop&quot;,&quot;tablet&quot;,&quot;mobile&quot;],&quot;motion_fx_devices&quot;:[&quot;desktop&quot;,&quot;tablet&quot;,&quot;mobile&quot;]}\">\n\t\t\t\t<div class=\"elementor-shape elementor-shape-bottom\" aria-hidden=\"true\" data-negative=\"false\">\n\t\t\t<svg xmlns=\"http:\/\/www.w3.org\/2000\/svg\" viewBox=\"0 0 2600 131.1\" preserveAspectRatio=\"none\">\n\t<path class=\"elementor-shape-fill\" d=\"M0 0L2600 0 2600 69.1 0 0z\"\/>\n\t<path class=\"elementor-shape-fill\" style=\"opacity:0.5\" d=\"M0 0L2600 0 2600 69.1 0 69.1z\"\/>\n\t<path class=\"elementor-shape-fill\" style=\"opacity:0.25\" d=\"M2600 0L0 0 0 130.1 2600 69.1z\"\/>\n<\/svg>\t\t<\/div>\n\t\t\t\t<div class=\"elementor-element elementor-element-3c09b6b elementor-widget elementor-widget-heading\" data-id=\"3c09b6b\" data-element_type=\"widget\" data-e-type=\"widget\" data-settings=\"{&quot;motion_fx_motion_fx_scrolling&quot;:&quot;yes&quot;,&quot;motion_fx_opacity_effect&quot;:&quot;yes&quot;,&quot;motion_fx_opacity_direction&quot;:&quot;out-in-out&quot;,&quot;motion_fx_scale_effect&quot;:&quot;yes&quot;,&quot;motion_fx_scale_direction&quot;:&quot;in-out-in&quot;,&quot;motion_fx_scale_speed&quot;:{&quot;unit&quot;:&quot;px&quot;,&quot;size&quot;:10,&quot;sizes&quot;:[]},&quot;motion_fx_opacity_level&quot;:{&quot;unit&quot;:&quot;px&quot;,&quot;size&quot;:10,&quot;sizes&quot;:[]},&quot;motion_fx_opacity_range&quot;:{&quot;unit&quot;:&quot;%&quot;,&quot;size&quot;:&quot;&quot;,&quot;sizes&quot;:{&quot;start&quot;:20,&quot;end&quot;:80}},&quot;motion_fx_scale_range&quot;:{&quot;unit&quot;:&quot;%&quot;,&quot;size&quot;:&quot;&quot;,&quot;sizes&quot;:{&quot;start&quot;:20,&quot;end&quot;:80}},&quot;motion_fx_devices&quot;:[&quot;desktop&quot;,&quot;tablet&quot;,&quot;mobile&quot;]}\" data-widget_type=\"heading.default\">\n\t\t\t\t<div class=\"elementor-widget-container\">\n\t\t\t\t\t<h1 class=\"elementor-heading-title elementor-size-default\">Besucherinfos<\/h1>\t\t\t\t<\/div>\n\t\t\t\t<\/div>\n\t\t\t\t<\/div>\n\t\t<div class=\"elementor-element elementor-element-ec233ca e-flex e-con-boxed e-con e-parent\" data-id=\"ec233ca\" data-element_type=\"container\" data-e-type=\"container\">\n\t\t\t\t\t<div class=\"e-con-inner\">\n\t\t\t\t<div class=\"elementor-element elementor-element-0cbdd82 elementor-widget elementor-widget-heading\" data-id=\"0cbdd82\" data-element_type=\"widget\" data-e-type=\"widget\" data-widget_type=\"heading.default\">\n\t\t\t\t<div class=\"elementor-widget-container\">\n\t\t\t\t\t<h3 class=\"elementor-heading-title elementor-size-default\">Alles auf einen Blick \u2013 Ihre Besucherinfos zur Modellbahn Wiehe<\/h3>\t\t\t\t<\/div>\n\t\t\t\t<\/div>\n\t\t\t\t\t<\/div>\n\t\t\t\t<\/div>\n\t\t<div class=\"elementor-element elementor-element-1b9aec0 elementor-hidden-mobile e-flex e-con-boxed e-con e-parent\" data-id=\"1b9aec0\" data-element_type=\"container\" data-e-type=\"container\">\n\t\t\t\t\t<div class=\"e-con-inner\">\n\t\t\t\t<div class=\"elementor-element elementor-element-56d6559 elementor-widget elementor-widget-spacer\" data-id=\"56d6559\" data-element_type=\"widget\" data-e-type=\"widget\" data-widget_type=\"spacer.default\">\n\t\t\t\t<div class=\"elementor-widget-container\">\n\t\t\t\t\t\t\t<div class=\"elementor-spacer\">\n\t\t\t<div class=\"elementor-spacer-inner\"><\/div>\n\t\t<\/div>\n\t\t\t\t\t\t<\/div>\n\t\t\t\t<\/div>\n\t\t\t\t\t<\/div>\n\t\t\t\t<\/div>\n\t\t<div class=\"elementor-element elementor-element-0f369a8 e-flex e-con-boxed e-con e-parent\" data-id=\"0f369a8\" data-element_type=\"container\" data-e-type=\"container\">\n\t\t\t\t\t<div class=\"e-con-inner\">\n\t\t\t\t<div class=\"elementor-element elementor-element-7fddc06 elementor-widget elementor-widget-text-editor\" data-id=\"7fddc06\" data-element_type=\"widget\" data-e-type=\"widget\" data-widget_type=\"text-editor.default\">\n\t\t\t\t<div class=\"elementor-widget-container\">\n\t\t\t\t\t\t\t\t\t<p>Planen Sie Ihren Besuch bei uns ganz entspannt: Hier finden Sie alle wichtigen Informationen auf einen Blick \u2013 von Anfahrt und \u00d6ffnungszeiten \u00fcber Eintrittspreise bis hin zu gastronomischen Angeboten und Hinweisen zur Barrierefreiheit. Ob Familienausflug, Gruppenreise oder spontaner Besuch \u2013 mit diesen Infos sind Sie bestens vorbereitet! Wir freuen uns auf Ihren Besuch.<\/p>\t\t\t\t\t\t\t\t<\/div>\n\t\t\t\t<\/div>\n\t\t\t\t\t<\/div>\n\t\t\t\t<\/div>\n\t\t<div class=\"elementor-element elementor-element-e7de3bd elementor-hidden-mobile e-flex e-con-boxed e-con e-parent\" data-id=\"e7de3bd\" data-element_type=\"container\" data-e-type=\"container\">\n\t\t\t\t\t<div class=\"e-con-inner\">\n\t\t\t\t<div class=\"elementor-element elementor-element-175dab1 elementor-widget elementor-widget-spacer\" data-id=\"175dab1\" data-element_type=\"widget\" data-e-type=\"widget\" data-widget_type=\"spacer.default\">\n\t\t\t\t<div class=\"elementor-widget-container\">\n\t\t\t\t\t\t\t<div class=\"elementor-spacer\">\n\t\t\t<div class=\"elementor-spacer-inner\"><\/div>\n\t\t<\/div>\n\t\t\t\t\t\t<\/div>\n\t\t\t\t<\/div>\n\t\t\t\t\t<\/div>\n\t\t\t\t<\/div>\n\t\t<div class=\"elementor-element elementor-element-b4b9ff2 e-flex e-con-boxed e-con e-parent\" data-id=\"b4b9ff2\" data-element_type=\"container\" data-e-type=\"container\">\n\t\t\t\t\t<div class=\"e-con-inner\">\n\t\t<div class=\"elementor-element elementor-element-3a58500 e-con-full e-flex e-con e-child\" data-id=\"3a58500\" data-element_type=\"container\" data-e-type=\"container\">\n\t\t\t\t<div class=\"elementor-element elementor-element-6bd0985 elementor-position-top elementor-invisible elementor-widget elementor-widget-image-box\" data-id=\"6bd0985\" data-element_type=\"widget\" data-e-type=\"widget\" data-settings=\"{&quot;_animation&quot;:&quot;fadeIn&quot;}\" data-widget_type=\"image-box.default\">\n\t\t\t\t<div class=\"elementor-widget-container\">\n\t\t\t\t\t<div class=\"elementor-image-box-wrapper\"><figure class=\"elementor-image-box-img\"><a href=\"https:\/\/www.modellbahn-wiehe.de\/?page_id=535\" tabindex=\"-1\"><img fetchpriority=\"high\" decoding=\"async\" width=\"2560\" height=\"1706\" src=\"https:\/\/www.modellbahn-wiehe.de\/wp-content\/uploads\/2025\/04\/DJI_0024.webp\" class=\"elementor-animation-shrink attachment-full size-full wp-image-129\" alt=\"\" srcset=\"https:\/\/www.modellbahn-wiehe.de\/wp-content\/uploads\/2025\/04\/DJI_0024.webp 2560w, https:\/\/www.modellbahn-wiehe.de\/wp-content\/uploads\/2025\/04\/DJI_0024-300x200.webp 300w, https:\/\/www.modellbahn-wiehe.de\/wp-content\/uploads\/2025\/04\/DJI_0024-1024x682.webp 1024w, https:\/\/www.modellbahn-wiehe.de\/wp-content\/uploads\/2025\/04\/DJI_0024-768x512.webp 768w, https:\/\/www.modellbahn-wiehe.de\/wp-content\/uploads\/2025\/04\/DJI_0024-1536x1024.webp 1536w, https:\/\/www.modellbahn-wiehe.de\/wp-content\/uploads\/2025\/04\/DJI_0024-2048x1365.webp 2048w\" sizes=\"(max-width: 2560px) 100vw, 2560px\" \/><\/a><\/figure><div class=\"elementor-image-box-content\"><h4 class=\"elementor-image-box-title\"><a href=\"https:\/\/www.modellbahn-wiehe.de\/?page_id=535\">Anfahrt &amp; Lage<\/a><\/h4><p class=\"elementor-image-box-description\">So finden Sie bequem zur Modellbahn Wiehe \u2013 mit Auto, Bahn oder Bus.<\/p><\/div><\/div>\t\t\t\t<\/div>\n\t\t\t\t<\/div>\n\t\t\t\t<\/div>\n\t\t<div class=\"elementor-element elementor-element-b3881e7 e-con-full e-flex e-con e-child\" data-id=\"b3881e7\" data-element_type=\"container\" data-e-type=\"container\">\n\t\t\t\t<div class=\"elementor-element elementor-element-6c0ad32 elementor-position-top elementor-invisible elementor-widget elementor-widget-image-box\" data-id=\"6c0ad32\" data-element_type=\"widget\" data-e-type=\"widget\" data-settings=\"{&quot;_animation&quot;:&quot;fadeIn&quot;}\" data-widget_type=\"image-box.default\">\n\t\t\t\t<div class=\"elementor-widget-container\">\n\t\t\t\t\t<div class=\"elementor-image-box-wrapper\"><figure class=\"elementor-image-box-img\"><a href=\"https:\/\/www.modellbahn-wiehe.de\/?page_id=546\" tabindex=\"-1\"><img decoding=\"async\" width=\"1536\" height=\"1024\" src=\"https:\/\/www.modellbahn-wiehe.de\/wp-content\/uploads\/2025\/04\/18d378d2-fd0a-4bf9-8297-9225579b040b.png\" class=\"elementor-animation-shrink attachment-full size-full wp-image-1124\" alt=\"\" srcset=\"https:\/\/www.modellbahn-wiehe.de\/wp-content\/uploads\/2025\/04\/18d378d2-fd0a-4bf9-8297-9225579b040b.png 1536w, https:\/\/www.modellbahn-wiehe.de\/wp-content\/uploads\/2025\/04\/18d378d2-fd0a-4bf9-8297-9225579b040b-300x200.png 300w, https:\/\/www.modellbahn-wiehe.de\/wp-content\/uploads\/2025\/04\/18d378d2-fd0a-4bf9-8297-9225579b040b-1024x683.png 1024w, https:\/\/www.modellbahn-wiehe.de\/wp-content\/uploads\/2025\/04\/18d378d2-fd0a-4bf9-8297-9225579b040b-768x512.png 768w\" sizes=\"(max-width: 1536px) 100vw, 1536px\" \/><\/a><\/figure><div class=\"elementor-image-box-content\"><h4 class=\"elementor-image-box-title\"><a href=\"https:\/\/www.modellbahn-wiehe.de\/?page_id=546\">\u00d6ffnungszeiten<\/a><\/h4><p class=\"elementor-image-box-description\">Wir haben ganzj\u00e4hrig t\u00e4glich ge\u00f6ffnet \u2013 auch an Sonn- und Feiertagen.<\/p><\/div><\/div>\t\t\t\t<\/div>\n\t\t\t\t<\/div>\n\t\t\t\t<\/div>\n\t\t<div class=\"elementor-element elementor-element-dcced0a e-con-full e-flex e-con e-child\" data-id=\"dcced0a\" data-element_type=\"container\" data-e-type=\"container\">\n\t\t\t\t<div class=\"elementor-element elementor-element-94ca369 elementor-position-top elementor-invisible elementor-widget elementor-widget-image-box\" data-id=\"94ca369\" data-element_type=\"widget\" data-e-type=\"widget\" data-settings=\"{&quot;_animation&quot;:&quot;fadeIn&quot;}\" data-widget_type=\"image-box.default\">\n\t\t\t\t<div class=\"elementor-widget-container\">\n\t\t\t\t\t<div class=\"elementor-image-box-wrapper\"><figure class=\"elementor-image-box-img\"><a href=\"https:\/\/www.modellbahn-wiehe.de\/?page_id=551\" tabindex=\"-1\"><img decoding=\"async\" width=\"2560\" height=\"1707\" src=\"https:\/\/www.modellbahn-wiehe.de\/wp-content\/uploads\/2025\/04\/dampflokeuros.webp\" class=\"elementor-animation-shrink attachment-full size-full wp-image-2903\" alt=\"Eintrittspreise der Modellbahn Wiehe\" srcset=\"https:\/\/www.modellbahn-wiehe.de\/wp-content\/uploads\/2025\/04\/dampflokeuros.webp 2560w, https:\/\/www.modellbahn-wiehe.de\/wp-content\/uploads\/2025\/04\/dampflokeuros-300x200.webp 300w, https:\/\/www.modellbahn-wiehe.de\/wp-content\/uploads\/2025\/04\/dampflokeuros-1024x683.webp 1024w, https:\/\/www.modellbahn-wiehe.de\/wp-content\/uploads\/2025\/04\/dampflokeuros-768x512.webp 768w, https:\/\/www.modellbahn-wiehe.de\/wp-content\/uploads\/2025\/04\/dampflokeuros-1536x1024.webp 1536w, https:\/\/www.modellbahn-wiehe.de\/wp-content\/uploads\/2025\/04\/dampflokeuros-2048x1366.webp 2048w\" sizes=\"(max-width: 2560px) 100vw, 2560px\" \/><\/a><\/figure><div class=\"elementor-image-box-content\"><h4 class=\"elementor-image-box-title\"><a href=\"https:\/\/www.modellbahn-wiehe.de\/?page_id=551\">Eintrittspreise<\/a><\/h4><p class=\"elementor-image-box-description\">Alle Ticketpreise im \u00dcberblick \u2013 Erm\u00e4\u00dfigungen, Gruppenpreise und Familientarife.<\/p><\/div><\/div>\t\t\t\t<\/div>\n\t\t\t\t<\/div>\n\t\t\t\t<\/div>\n\t\t<div class=\"elementor-element elementor-element-4c499e4 e-con-full e-flex e-con e-child\" data-id=\"4c499e4\" data-element_type=\"container\" data-e-type=\"container\">\n\t\t\t\t<div class=\"elementor-element elementor-element-fe3b289 elementor-position-top elementor-invisible elementor-widget elementor-widget-image-box\" data-id=\"fe3b289\" data-element_type=\"widget\" data-e-type=\"widget\" data-settings=\"{&quot;_animation&quot;:&quot;fadeIn&quot;}\" data-widget_type=\"image-box.default\">\n\t\t\t\t<div class=\"elementor-widget-container\">\n\t\t\t\t\t<div class=\"elementor-image-box-wrapper\"><figure class=\"elementor-image-box-img\"><a href=\"https:\/\/www.modellbahn-wiehe.de\/?page_id=1305\" tabindex=\"-1\"><img loading=\"lazy\" decoding=\"async\" width=\"2560\" height=\"1731\" src=\"https:\/\/www.modellbahn-wiehe.de\/wp-content\/uploads\/2025\/04\/currywurstpommes-1.webp\" class=\"elementor-animation-shrink attachment-full size-full wp-image-2270\" alt=\"Currywurst, Pommes und Cola auf einem Tisch serviert. (Symbolbild per KI erstellt)\" srcset=\"https:\/\/www.modellbahn-wiehe.de\/wp-content\/uploads\/2025\/04\/currywurstpommes-1.webp 2560w, https:\/\/www.modellbahn-wiehe.de\/wp-content\/uploads\/2025\/04\/currywurstpommes-1-300x203.webp 300w, https:\/\/www.modellbahn-wiehe.de\/wp-content\/uploads\/2025\/04\/currywurstpommes-1-1024x692.webp 1024w, https:\/\/www.modellbahn-wiehe.de\/wp-content\/uploads\/2025\/04\/currywurstpommes-1-768x519.webp 768w, https:\/\/www.modellbahn-wiehe.de\/wp-content\/uploads\/2025\/04\/currywurstpommes-1-1536x1039.webp 1536w, https:\/\/www.modellbahn-wiehe.de\/wp-content\/uploads\/2025\/04\/currywurstpommes-1-2048x1385.webp 2048w\" sizes=\"(max-width: 2560px) 100vw, 2560px\" \/><\/a><\/figure><div class=\"elementor-image-box-content\"><h4 class=\"elementor-image-box-title\"><a href=\"https:\/\/www.modellbahn-wiehe.de\/?page_id=1305\">Gastronomie<\/a><\/h4><p class=\"elementor-image-box-description\">Imbissklassiker wie Schnitzel &amp; Currywurst \u2013 ideal f\u00fcr die St\u00e4rkung zwischendurch.<\/p><\/div><\/div>\t\t\t\t<\/div>\n\t\t\t\t<\/div>\n\t\t\t\t<\/div>\n\t\t<div class=\"elementor-element elementor-element-361b274 e-con-full e-flex e-con e-child\" data-id=\"361b274\" data-element_type=\"container\" data-e-type=\"container\">\n\t\t\t\t<div class=\"elementor-element elementor-element-5793bbe elementor-position-top elementor-invisible elementor-widget elementor-widget-image-box\" data-id=\"5793bbe\" data-element_type=\"widget\" data-e-type=\"widget\" data-settings=\"{&quot;_animation&quot;:&quot;fadeIn&quot;}\" data-widget_type=\"image-box.default\">\n\t\t\t\t<div class=\"elementor-widget-container\">\n\t\t\t\t\t<div class=\"elementor-image-box-wrapper\"><figure class=\"elementor-image-box-img\"><a href=\"https:\/\/www.modellbahn-wiehe.de\/?page_id=1351\" tabindex=\"-1\"><img loading=\"lazy\" decoding=\"async\" width=\"1900\" height=\"1267\" src=\"https:\/\/www.modellbahn-wiehe.de\/wp-content\/uploads\/2025\/04\/eiscaftisch.webp\" class=\"elementor-animation-shrink attachment-full size-full wp-image-2910\" alt=\"Leckeres Eis, Kaffee, Waffeln und Cr\u00eapes gibt es im Eiscaf\u00e9 der Modellbahn.\" srcset=\"https:\/\/www.modellbahn-wiehe.de\/wp-content\/uploads\/2025\/04\/eiscaftisch.webp 1900w, https:\/\/www.modellbahn-wiehe.de\/wp-content\/uploads\/2025\/04\/eiscaftisch-300x200.webp 300w, https:\/\/www.modellbahn-wiehe.de\/wp-content\/uploads\/2025\/04\/eiscaftisch-1024x683.webp 1024w, https:\/\/www.modellbahn-wiehe.de\/wp-content\/uploads\/2025\/04\/eiscaftisch-768x512.webp 768w, https:\/\/www.modellbahn-wiehe.de\/wp-content\/uploads\/2025\/04\/eiscaftisch-1536x1024.webp 1536w\" sizes=\"(max-width: 1900px) 100vw, 1900px\" \/><\/a><\/figure><div class=\"elementor-image-box-content\"><h4 class=\"elementor-image-box-title\"><a href=\"https:\/\/www.modellbahn-wiehe.de\/?page_id=1351\">Eiscaf\u00e9<\/a><\/h4><p class=\"elementor-image-box-description\">Genie\u00dfen Sie Eisbecher, Waffeln und Kaffeespezialit\u00e4ten mit Au\u00dfenterrasse.<\/p><\/div><\/div>\t\t\t\t<\/div>\n\t\t\t\t<\/div>\n\t\t\t\t<\/div>\n\t\t<div class=\"elementor-element elementor-element-9ca0adc e-con-full e-flex e-con e-child\" data-id=\"9ca0adc\" data-element_type=\"container\" data-e-type=\"container\">\n\t\t\t\t<div class=\"elementor-element elementor-element-2916323 elementor-position-top elementor-invisible elementor-widget elementor-widget-image-box\" data-id=\"2916323\" data-element_type=\"widget\" data-e-type=\"widget\" data-settings=\"{&quot;_animation&quot;:&quot;fadeIn&quot;}\" data-widget_type=\"image-box.default\">\n\t\t\t\t<div class=\"elementor-widget-container\">\n\t\t\t\t\t<div class=\"elementor-image-box-wrapper\"><figure class=\"elementor-image-box-img\"><a href=\"https:\/\/www.modellbahn-wiehe.de\/?page_id=1036\" tabindex=\"-1\"><img loading=\"lazy\" decoding=\"async\" width=\"1536\" height=\"1024\" src=\"https:\/\/www.modellbahn-wiehe.de\/wp-content\/uploads\/2025\/04\/9cf12a42-b19c-4468-a0d8-11d5c5a499b9.png\" class=\"elementor-animation-shrink attachment-full size-full wp-image-1038\" alt=\"\" srcset=\"https:\/\/www.modellbahn-wiehe.de\/wp-content\/uploads\/2025\/04\/9cf12a42-b19c-4468-a0d8-11d5c5a499b9.png 1536w, https:\/\/www.modellbahn-wiehe.de\/wp-content\/uploads\/2025\/04\/9cf12a42-b19c-4468-a0d8-11d5c5a499b9-300x200.png 300w, https:\/\/www.modellbahn-wiehe.de\/wp-content\/uploads\/2025\/04\/9cf12a42-b19c-4468-a0d8-11d5c5a499b9-1024x683.png 1024w, https:\/\/www.modellbahn-wiehe.de\/wp-content\/uploads\/2025\/04\/9cf12a42-b19c-4468-a0d8-11d5c5a499b9-768x512.png 768w\" sizes=\"(max-width: 1536px) 100vw, 1536px\" \/><\/a><\/figure><div class=\"elementor-image-box-content\"><h4 class=\"elementor-image-box-title\"><a href=\"https:\/\/www.modellbahn-wiehe.de\/?page_id=1036\">Barrierefreiheit<\/a><\/h4><p class=\"elementor-image-box-description\">Unsere Ausstellung ist vollst\u00e4ndig barrierefrei \u2013 Aufzug, Treppenlift &amp; ebenerdig.<\/p><\/div><\/div>\t\t\t\t<\/div>\n\t\t\t\t<\/div>\n\t\t\t\t<\/div>\n\t\t\t\t\t<\/div>\n\t\t\t\t<\/div>\n\t\t<div class=\"elementor-element elementor-element-b2ddafb elementor-hidden-mobile e-flex e-con-boxed e-con e-parent\" data-id=\"b2ddafb\" data-element_type=\"container\" data-e-type=\"container\">\n\t\t\t\t\t<div class=\"e-con-inner\">\n\t\t\t\t<div class=\"elementor-element elementor-element-9fa17b8 elementor-widget elementor-widget-spacer\" data-id=\"9fa17b8\" data-element_type=\"widget\" data-e-type=\"widget\" data-widget_type=\"spacer.default\">\n\t\t\t\t<div class=\"elementor-widget-container\">\n\t\t\t\t\t\t\t<div class=\"elementor-spacer\">\n\t\t\t<div class=\"elementor-spacer-inner\"><\/div>\n\t\t<\/div>\n\t\t\t\t\t\t<\/div>\n\t\t\t\t<\/div>\n\t\t\t\t\t<\/div>\n\t\t\t\t<\/div>\n\t\t\t\t<\/div>\n\t\t","protected":false},"excerpt":{"rendered":"<p>Besucherinfos Alles auf einen Blick \u2013 Ihre Besucherinfos zur Modellbahn Wiehe Planen Sie Ihren Besuch bei uns ganz entspannt: Hier finden Sie alle wichtigen Informationen auf einen Blick \u2013 von Anfahrt und \u00d6ffnungszeiten \u00fcber Eintrittspreise bis hin zu gastronomischen Angeboten und Hinweisen zur Barrierefreiheit. Ob Familienausflug, Gruppenreise oder spontaner Besuch \u2013 mit diesen Infos sind [&hellip;]<\/p>\n","protected":false},"author":2,"featured_media":0,"parent":0,"menu_order":0,"comment_status":"closed","ping_status":"closed","template":"","meta":{"footnotes":""},"class_list":["post-26","page","type-page","status-publish","hentry"],"_links":{"self":[{"href":"https:\/\/www.modellbahn-wiehe.de\/index.php?rest_route=\/wp\/v2\/pages\/26","targetHints":{"allow":["GET"]}}],"collection":[{"href":"https:\/\/www.modellbahn-wiehe.de\/index.php?rest_route=\/wp\/v2\/pages"}],"about":[{"href":"https:\/\/www.modellbahn-wiehe.de\/index.php?rest_route=\/wp\/v2\/types\/page"}],"author":[{"embeddable":true,"href":"https:\/\/www.modellbahn-wiehe.de\/index.php?rest_route=\/wp\/v2\/users\/2"}],"replies":[{"embeddable":true,"href":"https:\/\/www.modellbahn-wiehe.de\/index.php?rest_route=%2Fwp%2Fv2%2Fcomments&post=26"}],"version-history":[{"count":52,"href":"https:\/\/www.modellbahn-wiehe.de\/index.php?rest_route=\/wp\/v2\/pages\/26\/revisions"}],"predecessor-version":[{"id":3062,"href":"https:\/\/www.modellbahn-wiehe.de\/index.php?rest_route=\/wp\/v2\/pages\/26\/revisions\/3062"}],"wp:attachment":[{"href":"https:\/\/www.modellbahn-wiehe.de\/index.php?rest_route=%2Fwp%2Fv2%2Fmedia&parent=26"}],"curies":[{"name":"wp","href":"https:\/\/api.w.org\/{rel}","templated":true}]}}