{"id":2781,"date":"2025-04-08T11:32:43","date_gmt":"2025-04-08T09:32:43","guid":{"rendered":"https:\/\/modellbahn-wiehe.s1135308.keymachine.de\/wordpress\/?page_id=2781"},"modified":"2025-04-25T09:32:45","modified_gmt":"2025-04-25T07:32:45","slug":"halle-e-geldreise","status":"publish","type":"page","link":"https:\/\/www.modellbahn-wiehe.de\/?page_id=2781","title":{"rendered":"Halle E Geldreise"},"content":{"rendered":"\t\t<div data-elementor-type=\"wp-page\" data-elementor-id=\"2781\" class=\"elementor elementor-2781\" data-elementor-post-type=\"page\">\n\t\t\t\t<div class=\"elementor-element elementor-element-f0146da e-con-full e-flex e-con e-parent\" data-id=\"f0146da\" data-element_type=\"container\" data-e-type=\"container\" data-settings=\"{&quot;background_background&quot;:&quot;classic&quot;,&quot;background_motion_fx_motion_fx_scrolling&quot;:&quot;yes&quot;,&quot;shape_divider_bottom&quot;:&quot;opacity-tilt&quot;,&quot;motion_fx_motion_fx_scrolling&quot;:&quot;yes&quot;,&quot;background_motion_fx_opacity_effect&quot;:&quot;yes&quot;,&quot;background_motion_fx_opacity_level&quot;:{&quot;unit&quot;:&quot;px&quot;,&quot;size&quot;:2.5,&quot;sizes&quot;:[]},&quot;background_motion_fx_opacity_range&quot;:{&quot;unit&quot;:&quot;%&quot;,&quot;size&quot;:&quot;&quot;,&quot;sizes&quot;:{&quot;start&quot;:0,&quot;end&quot;:100}},&quot;background_motion_fx_scale_effect&quot;:&quot;yes&quot;,&quot;background_motion_fx_scale_speed&quot;:{&quot;unit&quot;:&quot;px&quot;,&quot;size&quot;:0,&quot;sizes&quot;:[]},&quot;background_motion_fx_opacity_direction&quot;:&quot;out-in&quot;,&quot;background_motion_fx_scale_direction&quot;:&quot;out-in&quot;,&quot;background_motion_fx_scale_range&quot;:{&quot;unit&quot;:&quot;%&quot;,&quot;size&quot;:&quot;&quot;,&quot;sizes&quot;:{&quot;start&quot;:20,&quot;end&quot;:80}},&quot;background_motion_fx_devices&quot;:[&quot;desktop&quot;,&quot;tablet&quot;,&quot;mobile&quot;],&quot;motion_fx_devices&quot;:[&quot;desktop&quot;,&quot;tablet&quot;,&quot;mobile&quot;]}\">\n\t\t\t\t<div class=\"elementor-shape elementor-shape-bottom\" aria-hidden=\"true\" data-negative=\"false\">\n\t\t\t<svg xmlns=\"http:\/\/www.w3.org\/2000\/svg\" viewBox=\"0 0 2600 131.1\" preserveAspectRatio=\"none\">\n\t<path class=\"elementor-shape-fill\" d=\"M0 0L2600 0 2600 69.1 0 0z\"\/>\n\t<path class=\"elementor-shape-fill\" style=\"opacity:0.5\" d=\"M0 0L2600 0 2600 69.1 0 69.1z\"\/>\n\t<path class=\"elementor-shape-fill\" style=\"opacity:0.25\" d=\"M2600 0L0 0 0 130.1 2600 69.1z\"\/>\n<\/svg>\t\t<\/div>\n\t\t\t\t<div class=\"elementor-element elementor-element-1f67cd4 elementor-widget elementor-widget-heading\" data-id=\"1f67cd4\" data-element_type=\"widget\" data-e-type=\"widget\" data-settings=\"{&quot;motion_fx_motion_fx_scrolling&quot;:&quot;yes&quot;,&quot;motion_fx_opacity_effect&quot;:&quot;yes&quot;,&quot;motion_fx_opacity_direction&quot;:&quot;out-in-out&quot;,&quot;motion_fx_scale_effect&quot;:&quot;yes&quot;,&quot;motion_fx_scale_direction&quot;:&quot;in-out-in&quot;,&quot;motion_fx_scale_speed&quot;:{&quot;unit&quot;:&quot;px&quot;,&quot;size&quot;:10,&quot;sizes&quot;:[]},&quot;motion_fx_opacity_level&quot;:{&quot;unit&quot;:&quot;px&quot;,&quot;size&quot;:10,&quot;sizes&quot;:[]},&quot;motion_fx_opacity_range&quot;:{&quot;unit&quot;:&quot;%&quot;,&quot;size&quot;:&quot;&quot;,&quot;sizes&quot;:{&quot;start&quot;:20,&quot;end&quot;:80}},&quot;motion_fx_scale_range&quot;:{&quot;unit&quot;:&quot;%&quot;,&quot;size&quot;:&quot;&quot;,&quot;sizes&quot;:{&quot;start&quot;:20,&quot;end&quot;:80}},&quot;motion_fx_devices&quot;:[&quot;desktop&quot;,&quot;tablet&quot;,&quot;mobile&quot;]}\" data-widget_type=\"heading.default\">\n\t\t\t\t<div class=\"elementor-widget-container\">\n\t\t\t\t\t<h1 class=\"elementor-heading-title elementor-size-default\">Halle E<\/h1>\t\t\t\t<\/div>\n\t\t\t\t<\/div>\n\t\t\t\t<\/div>\n\t\t<div class=\"elementor-element elementor-element-31c47b2 e-flex e-con-boxed e-con e-parent\" data-id=\"31c47b2\" data-element_type=\"container\" data-e-type=\"container\">\n\t\t\t\t\t<div class=\"e-con-inner\">\n\t\t\t\t<div class=\"elementor-element elementor-element-24b0dd4 elementor-widget elementor-widget-heading\" data-id=\"24b0dd4\" data-element_type=\"widget\" data-e-type=\"widget\" data-widget_type=\"heading.default\">\n\t\t\t\t<div class=\"elementor-widget-container\">\n\t\t\t\t\t<h3 class=\"elementor-heading-title elementor-size-default\">Geldreise \u2013 Weltreise: Eine Ausstellung, die verbindet<\/h3>\t\t\t\t<\/div>\n\t\t\t\t<\/div>\n\t\t\t\t\t<\/div>\n\t\t\t\t<\/div>\n\t\t<div class=\"elementor-element elementor-element-06d861e e-flex e-con-boxed e-con e-parent\" data-id=\"06d861e\" data-element_type=\"container\" data-e-type=\"container\">\n\t\t\t\t\t<div class=\"e-con-inner\">\n\t\t\t\t<div class=\"elementor-element elementor-element-8330239 elementor-widget elementor-widget-text-editor\" data-id=\"8330239\" data-element_type=\"widget\" data-e-type=\"widget\" data-widget_type=\"text-editor.default\">\n\t\t\t\t<div class=\"elementor-widget-container\">\n\t\t\t\t\t\t\t\t\t<p class=\"\" data-start=\"363\" data-end=\"793\">Willkommen im Reich der Mitte: In Halle E der Modellbahn Wiehe betreten Sie kein gew\u00f6hnliches Ausstellungsgeb\u00e4ude \u2013 Sie betreten <strong data-start=\"461\" data-end=\"494\">eine Zeitreise ins alte China<\/strong>. Hier erwartet Sie eine monumentale Nachbildung der weltber\u00fchmten <strong data-start=\"563\" data-end=\"618\">Terrakotta-Armee des ersten Kaisers Qin Shi Huangdi<\/strong>, die mit \u00fcber <strong data-start=\"633\" data-end=\"665\">780 Figuren im Ma\u00dfstab 1:2,5<\/strong> und <strong data-start=\"670\" data-end=\"730\">lebensgro\u00dfen Offizieren, Gener\u00e4len und dem Kaiser selbst<\/strong> zu einer der eindrucksvollsten Pr\u00e4sentationen au\u00dferhalb Asiens z\u00e4hlt.<\/p>\t\t\t\t\t\t\t\t<\/div>\n\t\t\t\t<\/div>\n\t\t\t\t\t<\/div>\n\t\t\t\t<\/div>\n\t\t<div class=\"elementor-element elementor-element-1e3e3eb elementor-hidden-mobile e-flex e-con-boxed e-con e-parent\" data-id=\"1e3e3eb\" data-element_type=\"container\" data-e-type=\"container\">\n\t\t\t\t\t<div class=\"e-con-inner\">\n\t\t\t\t<div class=\"elementor-element elementor-element-0fd417b elementor-widget elementor-widget-spacer\" data-id=\"0fd417b\" data-element_type=\"widget\" data-e-type=\"widget\" data-widget_type=\"spacer.default\">\n\t\t\t\t<div class=\"elementor-widget-container\">\n\t\t\t\t\t\t\t<div class=\"elementor-spacer\">\n\t\t\t<div class=\"elementor-spacer-inner\"><\/div>\n\t\t<\/div>\n\t\t\t\t\t\t<\/div>\n\t\t\t\t<\/div>\n\t\t\t\t\t<\/div>\n\t\t\t\t<\/div>\n\t\t<div class=\"elementor-element elementor-element-62a1bb8 e-flex e-con-boxed e-con e-parent\" data-id=\"62a1bb8\" data-element_type=\"container\" data-e-type=\"container\">\n\t\t\t\t\t<div class=\"e-con-inner\">\n\t\t<div class=\"elementor-element elementor-element-e805fc4 e-con-full e-flex e-con e-child\" data-id=\"e805fc4\" data-element_type=\"container\" data-e-type=\"container\">\n\t\t\t\t<div class=\"elementor-element elementor-element-e0cd38d elementor-widget elementor-widget-image\" data-id=\"e0cd38d\" data-element_type=\"widget\" data-e-type=\"widget\" data-widget_type=\"image.default\">\n\t\t\t\t<div class=\"elementor-widget-container\">\n\t\t\t\t\t\t\t\t\t\t\t\t\t\t\t<img fetchpriority=\"high\" decoding=\"async\" width=\"738\" height=\"538\" src=\"https:\/\/www.modellbahn-wiehe.de\/wp-content\/uploads\/2025\/04\/michaelscholten.jpg\" class=\"attachment-large size-large wp-image-2786\" alt=\"\" srcset=\"https:\/\/www.modellbahn-wiehe.de\/wp-content\/uploads\/2025\/04\/michaelscholten.jpg 738w, https:\/\/www.modellbahn-wiehe.de\/wp-content\/uploads\/2025\/04\/michaelscholten-300x219.jpg 300w\" sizes=\"(max-width: 738px) 100vw, 738px\" \/>\t\t\t\t\t\t\t\t\t\t\t\t\t\t\t<\/div>\n\t\t\t\t<\/div>\n\t\t\t\t<\/div>\n\t\t<div class=\"elementor-element elementor-element-aaf8f14 e-con-full e-flex e-con e-child\" data-id=\"aaf8f14\" data-element_type=\"container\" data-e-type=\"container\">\n\t\t\t\t<div class=\"elementor-element elementor-element-ec79114 elementor-widget elementor-widget-heading\" data-id=\"ec79114\" data-element_type=\"widget\" data-e-type=\"widget\" data-widget_type=\"heading.default\">\n\t\t\t\t<div class=\"elementor-widget-container\">\n\t\t\t\t\t<h3 class=\"elementor-heading-title elementor-size-default\">Einmal um die Welt \u2013 durch die Augen des Geldes<\/h3>\t\t\t\t<\/div>\n\t\t\t\t<\/div>\n\t\t\t\t<div class=\"elementor-element elementor-element-bd11b1f elementor-widget elementor-widget-text-editor\" data-id=\"bd11b1f\" data-element_type=\"widget\" data-e-type=\"widget\" data-widget_type=\"text-editor.default\">\n\t\t\t\t<div class=\"elementor-widget-container\">\n\t\t\t\t\t\t\t\t\t<p class=\"\" data-start=\"445\" data-end=\"745\">Der Journalist und Fotograf <strong data-start=\"473\" data-end=\"493\">Michael Scholten<\/strong> bereiste bislang <strong data-start=\"511\" data-end=\"547\">123 L\u00e4nder auf allen Kontinenten<\/strong>. Was er von dort mitbrachte, sind mehr als nur Andenken \u2013 es sind <strong data-start=\"614\" data-end=\"655\">Zeugen globaler Geschichte und Kultur<\/strong>: <strong data-start=\"657\" data-end=\"681\">M\u00fcnzen und Banknoten<\/strong>, die von Menschen, Ereignissen und Lebensrealit\u00e4ten erz\u00e4hlen.\u00a0<span style=\"font-family: var( --e-global-typography-text-font-family ), Sans-serif; font-weight: var( --e-global-typography-text-font-weight ); text-align: var(--text-align); color: var( --e-global-color-text ); font-size: 1rem;\">In der Ausstellung <\/span><strong style=\"font-family: var( --e-global-typography-text-font-family ), Sans-serif; text-align: var(--text-align); color: var( --e-global-color-text ); font-size: 1rem;\" data-start=\"766\" data-end=\"793\">\u201eGeldreise \u2013 Weltreise\u201c<\/strong><span style=\"font-family: var( --e-global-typography-text-font-family ), Sans-serif; font-weight: var( --e-global-typography-text-font-weight ); text-align: var(--text-align); color: var( --e-global-color-text ); font-size: 1rem;\"> l\u00e4dt er Besucher dazu ein, mit ihm auf eine au\u00dfergew\u00f6hnliche Weltreise zu gehen \u2013 <\/span><strong style=\"font-family: var( --e-global-typography-text-font-family ), Sans-serif; text-align: var(--text-align); color: var( --e-global-color-text ); font-size: 1rem;\" data-start=\"876\" data-end=\"914\">durch L\u00e4nder, Zeiten und W\u00e4hrungen<\/strong><span style=\"font-family: var( --e-global-typography-text-font-family ), Sans-serif; font-weight: var( --e-global-typography-text-font-weight ); text-align: var(--text-align); color: var( --e-global-color-text ); font-size: 1rem;\">.<\/span><\/p>\t\t\t\t\t\t\t\t<\/div>\n\t\t\t\t<\/div>\n\t\t\t\t<\/div>\n\t\t\t\t\t<\/div>\n\t\t\t\t<\/div>\n\t\t<div class=\"elementor-element elementor-element-b16d650 elementor-hidden-mobile e-flex e-con-boxed e-con e-parent\" data-id=\"b16d650\" data-element_type=\"container\" data-e-type=\"container\">\n\t\t\t\t\t<div class=\"e-con-inner\">\n\t\t\t\t<div class=\"elementor-element elementor-element-1618696 elementor-widget elementor-widget-spacer\" data-id=\"1618696\" data-element_type=\"widget\" data-e-type=\"widget\" data-widget_type=\"spacer.default\">\n\t\t\t\t<div class=\"elementor-widget-container\">\n\t\t\t\t\t\t\t<div class=\"elementor-spacer\">\n\t\t\t<div class=\"elementor-spacer-inner\"><\/div>\n\t\t<\/div>\n\t\t\t\t\t\t<\/div>\n\t\t\t\t<\/div>\n\t\t\t\t\t<\/div>\n\t\t\t\t<\/div>\n\t\t<div class=\"elementor-element elementor-element-dd07fd7 e-flex e-con-boxed e-con e-parent\" data-id=\"dd07fd7\" data-element_type=\"container\" data-e-type=\"container\">\n\t\t\t\t\t<div class=\"e-con-inner\">\n\t\t\t\t<div class=\"elementor-element elementor-element-1093b49 elementor-widget elementor-widget-heading\" data-id=\"1093b49\" data-element_type=\"widget\" data-e-type=\"widget\" data-widget_type=\"heading.default\">\n\t\t\t\t<div class=\"elementor-widget-container\">\n\t\t\t\t\t<h3 class=\"elementor-heading-title elementor-size-default\">\u00dcber 550 Banknoten &amp; 1.350 M\u00fcnzen aus aller Welt<\/h3>\t\t\t\t<\/div>\n\t\t\t\t<\/div>\n\t\t\t\t\t<\/div>\n\t\t\t\t<\/div>\n\t\t<div class=\"elementor-element elementor-element-57b44fc e-flex e-con-boxed e-con e-parent\" data-id=\"57b44fc\" data-element_type=\"container\" data-e-type=\"container\">\n\t\t\t\t\t<div class=\"e-con-inner\">\n\t\t\t\t<div class=\"elementor-element elementor-element-40e506c elementor-widget elementor-widget-text-editor\" data-id=\"40e506c\" data-element_type=\"widget\" data-e-type=\"widget\" data-widget_type=\"text-editor.default\">\n\t\t\t\t<div class=\"elementor-widget-container\">\n\t\t\t\t\t\t\t\t\t<p class=\"\" data-start=\"977\" data-end=\"1250\">Von der bunten Banknote aus Bhutan \u00fcber seltene Scheine aus S\u00fcdamerika bis zu historischen M\u00fcnzen aus l\u00e4ngst vergangenen Reichen \u2013 in dieser Ausstellung finden sich <strong data-start=\"1142\" data-end=\"1178\">teils einzigartige Sammlerst\u00fccke<\/strong>, die in dieser Form in Deutschland <strong data-start=\"1214\" data-end=\"1247\">nirgendwo sonst zu sehen sind<\/strong>. Viele der Exponate sind <strong data-start=\"1276\" data-end=\"1300\">nicht mehr im Umlauf<\/strong>, manche wurden eigens f\u00fcr politische Umbr\u00fcche oder Gedenkanl\u00e4sse gestaltet \u2013 und jedes St\u00fcck hat seine eigene Geschichte.<\/p>\t\t\t\t\t\t\t\t<\/div>\n\t\t\t\t<\/div>\n\t\t\t\t\t<\/div>\n\t\t\t\t<\/div>\n\t\t<div class=\"elementor-element elementor-element-0e293ab elementor-hidden-mobile e-flex e-con-boxed e-con e-parent\" data-id=\"0e293ab\" data-element_type=\"container\" data-e-type=\"container\">\n\t\t\t\t\t<div class=\"e-con-inner\">\n\t\t\t\t<div class=\"elementor-element elementor-element-443ad8c elementor-widget elementor-widget-spacer\" data-id=\"443ad8c\" data-element_type=\"widget\" data-e-type=\"widget\" data-widget_type=\"spacer.default\">\n\t\t\t\t<div class=\"elementor-widget-container\">\n\t\t\t\t\t\t\t<div class=\"elementor-spacer\">\n\t\t\t<div class=\"elementor-spacer-inner\"><\/div>\n\t\t<\/div>\n\t\t\t\t\t\t<\/div>\n\t\t\t\t<\/div>\n\t\t\t\t\t<\/div>\n\t\t\t\t<\/div>\n\t\t<div class=\"elementor-element elementor-element-12e4923 e-con-full e-grid e-con e-parent\" data-id=\"12e4923\" data-element_type=\"container\" data-e-type=\"container\" data-settings=\"{&quot;background_background&quot;:&quot;classic&quot;}\">\n\t\t<div class=\"elementor-element elementor-element-21784cb e-con-full e-flex e-con e-child\" data-id=\"21784cb\" data-element_type=\"container\" data-e-type=\"container\" data-settings=\"{&quot;background_background&quot;:&quot;classic&quot;}\">\n\t\t\t\t<\/div>\n\t\t<div class=\"elementor-element elementor-element-e6bc89a e-con-full e-flex e-con e-child\" data-id=\"e6bc89a\" data-element_type=\"container\" data-e-type=\"container\">\n\t\t\t\t<div class=\"elementor-element elementor-element-1fa461b elementor-widget elementor-widget-heading\" data-id=\"1fa461b\" data-element_type=\"widget\" data-e-type=\"widget\" data-widget_type=\"heading.default\">\n\t\t\t\t<div class=\"elementor-widget-container\">\n\t\t\t\t\t<h3 class=\"elementor-heading-title elementor-size-default\">Kleine Werte, gro\u00dfe Bedeutung<\/h3>\t\t\t\t<\/div>\n\t\t\t\t<\/div>\n\t\t\t\t<div class=\"elementor-element elementor-element-46aab57 elementor-widget elementor-widget-text-editor\" data-id=\"46aab57\" data-element_type=\"widget\" data-e-type=\"widget\" data-widget_type=\"text-editor.default\">\n\t\t\t\t<div class=\"elementor-widget-container\">\n\t\t\t\t\t\t\t\t\t<p class=\"\" data-start=\"1465\" data-end=\"1641\">Geld ist weit mehr als ein Zahlungsmittel. Es ist <strong data-start=\"1515\" data-end=\"1577\">Kulturtr\u00e4ger, Geschichtenerz\u00e4hler und Spiegel eines Landes<\/strong>. Auf den begleitenden <strong data-start=\"1602\" data-end=\"1616\">Infotafeln<\/strong> erfahren Besucher nicht nur, <strong data-start=\"1646\" data-end=\"1655\">woher<\/strong> ein Geldschein kommt, sondern auch, <strong data-start=\"1692\" data-end=\"1711\">was er bedeutet<\/strong>: Welche Motive wurden gew\u00e4hlt? Welche Pers\u00f6nlichkeiten sind abgebildet? Und warum?<\/p>\t\t\t\t\t\t\t\t<\/div>\n\t\t\t\t<\/div>\n\t\t\t\t<\/div>\n\t\t\t\t<\/div>\n\t\t<div class=\"elementor-element elementor-element-a9e7fc6 elementor-hidden-mobile e-flex e-con-boxed e-con e-parent\" data-id=\"a9e7fc6\" data-element_type=\"container\" data-e-type=\"container\">\n\t\t\t\t\t<div class=\"e-con-inner\">\n\t\t\t\t<div class=\"elementor-element elementor-element-f122667 elementor-widget elementor-widget-spacer\" data-id=\"f122667\" data-element_type=\"widget\" data-e-type=\"widget\" data-widget_type=\"spacer.default\">\n\t\t\t\t<div class=\"elementor-widget-container\">\n\t\t\t\t\t\t\t<div class=\"elementor-spacer\">\n\t\t\t<div class=\"elementor-spacer-inner\"><\/div>\n\t\t<\/div>\n\t\t\t\t\t\t<\/div>\n\t\t\t\t<\/div>\n\t\t\t\t\t<\/div>\n\t\t\t\t<\/div>\n\t\t<div class=\"elementor-element elementor-element-3def00e elementor-hidden-mobile e-flex e-con-boxed e-con e-parent\" data-id=\"3def00e\" data-element_type=\"container\" data-e-type=\"container\">\n\t\t\t\t\t<div class=\"e-con-inner\">\n\t\t\t\t<div class=\"elementor-element elementor-element-ad255c4 elementor-widget elementor-widget-spacer\" data-id=\"ad255c4\" data-element_type=\"widget\" data-e-type=\"widget\" data-widget_type=\"spacer.default\">\n\t\t\t\t<div class=\"elementor-widget-container\">\n\t\t\t\t\t\t\t<div class=\"elementor-spacer\">\n\t\t\t<div class=\"elementor-spacer-inner\"><\/div>\n\t\t<\/div>\n\t\t\t\t\t\t<\/div>\n\t\t\t\t<\/div>\n\t\t\t\t\t<\/div>\n\t\t\t\t<\/div>\n\t\t<div class=\"elementor-element elementor-element-d078747 e-flex e-con-boxed e-con e-parent\" data-id=\"d078747\" data-element_type=\"container\" data-e-type=\"container\">\n\t\t\t\t\t<div class=\"e-con-inner\">\n\t\t<div class=\"elementor-element elementor-element-16c50eb e-con-full e-flex e-con e-child\" data-id=\"16c50eb\" data-element_type=\"container\" data-e-type=\"container\">\n\t\t\t\t<div class=\"elementor-element elementor-element-2c3161d elementor-widget elementor-widget-image\" data-id=\"2c3161d\" data-element_type=\"widget\" data-e-type=\"widget\" data-widget_type=\"image.default\">\n\t\t\t\t<div class=\"elementor-widget-container\">\n\t\t\t\t\t\t\t\t\t\t\t\t\t\t\t<img decoding=\"async\" width=\"800\" height=\"534\" src=\"https:\/\/www.modellbahn-wiehe.de\/wp-content\/uploads\/2025\/04\/Geldreise1-1024x683.jpg\" class=\"attachment-large size-large wp-image-2791\" alt=\"\" srcset=\"https:\/\/www.modellbahn-wiehe.de\/wp-content\/uploads\/2025\/04\/Geldreise1-1024x683.jpg 1024w, https:\/\/www.modellbahn-wiehe.de\/wp-content\/uploads\/2025\/04\/Geldreise1-300x200.jpg 300w, https:\/\/www.modellbahn-wiehe.de\/wp-content\/uploads\/2025\/04\/Geldreise1-768x512.jpg 768w, https:\/\/www.modellbahn-wiehe.de\/wp-content\/uploads\/2025\/04\/Geldreise1.jpg 1506w\" sizes=\"(max-width: 800px) 100vw, 800px\" \/>\t\t\t\t\t\t\t\t\t\t\t\t\t\t\t<\/div>\n\t\t\t\t<\/div>\n\t\t\t\t<\/div>\n\t\t<div class=\"elementor-element elementor-element-10e17a5 e-con-full e-flex e-con e-child\" data-id=\"10e17a5\" data-element_type=\"container\" data-e-type=\"container\">\n\t\t\t\t<div class=\"elementor-element elementor-element-cd1d21e elementor-widget elementor-widget-heading\" data-id=\"cd1d21e\" data-element_type=\"widget\" data-e-type=\"widget\" data-widget_type=\"heading.default\">\n\t\t\t\t<div class=\"elementor-widget-container\">\n\t\t\t\t\t<h3 class=\"elementor-heading-title elementor-size-default\">Weltwissen zum Staunen \u2013 f\u00fcr die ganze Familie<\/h3>\t\t\t\t<\/div>\n\t\t\t\t<\/div>\n\t\t\t\t<div class=\"elementor-element elementor-element-017ee3b elementor-widget elementor-widget-text-editor\" data-id=\"017ee3b\" data-element_type=\"widget\" data-e-type=\"widget\" data-widget_type=\"text-editor.default\">\n\t\t\t\t<div class=\"elementor-widget-container\">\n\t\t\t\t\t\t\t\t\t<p class=\"\" data-start=\"1854\" data-end=\"2048\">Die Ausstellung macht Lust auf <strong data-start=\"1885\" data-end=\"1926\">Entdecken, Vergleichen und Nachfragen<\/strong>. Sie ist spannend f\u00fcr Kinder, faszinierend f\u00fcr Erwachsene \u2013 und perfekt f\u00fcr alle, die <strong data-start=\"2013\" data-end=\"2045\">Wissen mit Neugier verbinden<\/strong>.<\/p><p class=\"\" data-start=\"2050\" data-end=\"2233\">Ob als Einstieg in Geografie, Kultur oder Wirtschaft \u2013 \u201eGeldreise \u2013 Weltreise\u201c zeigt auf unterhaltsame und lehrreiche Weise, <strong data-start=\"2175\" data-end=\"2232\">wie bunt, vielf\u00e4ltig und \u00fcberraschend unsere Welt ist<\/strong>.<\/p>\t\t\t\t\t\t\t\t<\/div>\n\t\t\t\t<\/div>\n\t\t\t\t<\/div>\n\t\t\t\t\t<\/div>\n\t\t\t\t<\/div>\n\t\t<div class=\"elementor-element elementor-element-16fd9f2 elementor-hidden-mobile e-flex e-con-boxed e-con e-parent\" data-id=\"16fd9f2\" data-element_type=\"container\" data-e-type=\"container\">\n\t\t\t\t\t<div class=\"e-con-inner\">\n\t\t\t\t<div class=\"elementor-element elementor-element-be06544 elementor-widget elementor-widget-spacer\" data-id=\"be06544\" data-element_type=\"widget\" data-e-type=\"widget\" data-widget_type=\"spacer.default\">\n\t\t\t\t<div class=\"elementor-widget-container\">\n\t\t\t\t\t\t\t<div class=\"elementor-spacer\">\n\t\t\t<div class=\"elementor-spacer-inner\"><\/div>\n\t\t<\/div>\n\t\t\t\t\t\t<\/div>\n\t\t\t\t<\/div>\n\t\t\t\t\t<\/div>\n\t\t\t\t<\/div>\n\t\t<div class=\"elementor-element elementor-element-5a97793 e-flex e-con-boxed e-con e-parent\" data-id=\"5a97793\" data-element_type=\"container\" data-e-type=\"container\">\n\t\t\t\t\t<div class=\"e-con-inner\">\n\t\t\t\t<div class=\"elementor-element elementor-element-7837aff elementor-widget elementor-widget-text-editor\" data-id=\"7837aff\" data-element_type=\"widget\" data-e-type=\"widget\" data-widget_type=\"text-editor.default\">\n\t\t\t\t<div class=\"elementor-widget-container\">\n\t\t\t\t\t\t\t\t\t<p class=\"\" data-start=\"2293\" data-end=\"2446\">Erleben Sie die Vielfalt der Menschheit in H\u00e4nden \u2013 auf Papier und Metall.&nbsp;<strong data-start=\"2370\" data-end=\"2446\">Geld erz\u00e4hlt Geschichten \u2013 und diese Ausstellung bringt sie zum Klingen.&nbsp;<\/strong><strong data-start=\"2448\" data-end=\"2506\" style=\"font-family: var( --e-global-typography-text-font-family ), Sans-serif; text-align: var(--text-align); color: var( --e-global-color-text ); font-size: 1rem;\">Jetzt entdecken \u2013 nur in Halle E der Modellbahn Wiehe.<\/strong><\/p>\t\t\t\t\t\t\t\t<\/div>\n\t\t\t\t<\/div>\n\t\t\t\t\t<\/div>\n\t\t\t\t<\/div>\n\t\t<div class=\"elementor-element elementor-element-bb2695a elementor-hidden-mobile e-flex e-con-boxed e-con e-parent\" data-id=\"bb2695a\" data-element_type=\"container\" data-e-type=\"container\">\n\t\t\t\t\t<div class=\"e-con-inner\">\n\t\t\t\t<div class=\"elementor-element elementor-element-8112a02 elementor-widget elementor-widget-spacer\" data-id=\"8112a02\" data-element_type=\"widget\" data-e-type=\"widget\" data-widget_type=\"spacer.default\">\n\t\t\t\t<div class=\"elementor-widget-container\">\n\t\t\t\t\t\t\t<div class=\"elementor-spacer\">\n\t\t\t<div class=\"elementor-spacer-inner\"><\/div>\n\t\t<\/div>\n\t\t\t\t\t\t<\/div>\n\t\t\t\t<\/div>\n\t\t\t\t\t<\/div>\n\t\t\t\t<\/div>\n\t\t\t\t<\/div>\n\t\t","protected":false},"excerpt":{"rendered":"<p>Halle E Geldreise \u2013 Weltreise: Eine Ausstellung, die verbindet Willkommen im Reich der Mitte: In Halle E der Modellbahn Wiehe betreten Sie kein gew\u00f6hnliches Ausstellungsgeb\u00e4ude \u2013 Sie betreten eine Zeitreise ins alte China. Hier erwartet Sie eine monumentale Nachbildung der weltber\u00fchmten Terrakotta-Armee des ersten Kaisers Qin Shi Huangdi, die mit \u00fcber 780 Figuren im Ma\u00dfstab [&hellip;]<\/p>\n","protected":false},"author":2,"featured_media":0,"parent":0,"menu_order":0,"comment_status":"closed","ping_status":"closed","template":"","meta":{"footnotes":""},"class_list":["post-2781","page","type-page","status-publish","hentry"],"_links":{"self":[{"href":"https:\/\/www.modellbahn-wiehe.de\/index.php?rest_route=\/wp\/v2\/pages\/2781","targetHints":{"allow":["GET"]}}],"collection":[{"href":"https:\/\/www.modellbahn-wiehe.de\/index.php?rest_route=\/wp\/v2\/pages"}],"about":[{"href":"https:\/\/www.modellbahn-wiehe.de\/index.php?rest_route=\/wp\/v2\/types\/page"}],"author":[{"embeddable":true,"href":"https:\/\/www.modellbahn-wiehe.de\/index.php?rest_route=\/wp\/v2\/users\/2"}],"replies":[{"embeddable":true,"href":"https:\/\/www.modellbahn-wiehe.de\/index.php?rest_route=%2Fwp%2Fv2%2Fcomments&post=2781"}],"version-history":[{"count":10,"href":"https:\/\/www.modellbahn-wiehe.de\/index.php?rest_route=\/wp\/v2\/pages\/2781\/revisions"}],"predecessor-version":[{"id":3101,"href":"https:\/\/www.modellbahn-wiehe.de\/index.php?rest_route=\/wp\/v2\/pages\/2781\/revisions\/3101"}],"wp:attachment":[{"href":"https:\/\/www.modellbahn-wiehe.de\/index.php?rest_route=%2Fwp%2Fv2%2Fmedia&parent=2781"}],"curies":[{"name":"wp","href":"https:\/\/api.w.org\/{rel}","templated":true}]}}