{"id":2844,"date":"2025-04-08T12:52:25","date_gmt":"2025-04-08T10:52:25","guid":{"rendered":"https:\/\/modellbahn-wiehe.s1135308.keymachine.de\/wordpress\/?page_id=2844"},"modified":"2025-04-25T09:35:36","modified_gmt":"2025-04-25T07:35:36","slug":"wandgemaelde","status":"publish","type":"page","link":"https:\/\/www.modellbahn-wiehe.de\/?page_id=2844","title":{"rendered":"Wandgem\u00e4lde"},"content":{"rendered":"\t\t<div data-elementor-type=\"wp-page\" data-elementor-id=\"2844\" class=\"elementor elementor-2844\" data-elementor-post-type=\"page\">\n\t\t\t\t<div class=\"elementor-element elementor-element-f0146da e-con-full e-flex e-con e-parent\" data-id=\"f0146da\" data-element_type=\"container\" data-e-type=\"container\" data-settings=\"{&quot;background_background&quot;:&quot;classic&quot;,&quot;background_motion_fx_motion_fx_scrolling&quot;:&quot;yes&quot;,&quot;shape_divider_bottom&quot;:&quot;opacity-tilt&quot;,&quot;motion_fx_motion_fx_scrolling&quot;:&quot;yes&quot;,&quot;background_motion_fx_opacity_effect&quot;:&quot;yes&quot;,&quot;background_motion_fx_opacity_level&quot;:{&quot;unit&quot;:&quot;px&quot;,&quot;size&quot;:2.5,&quot;sizes&quot;:[]},&quot;background_motion_fx_opacity_range&quot;:{&quot;unit&quot;:&quot;%&quot;,&quot;size&quot;:&quot;&quot;,&quot;sizes&quot;:{&quot;start&quot;:0,&quot;end&quot;:100}},&quot;background_motion_fx_scale_effect&quot;:&quot;yes&quot;,&quot;background_motion_fx_scale_speed&quot;:{&quot;unit&quot;:&quot;px&quot;,&quot;size&quot;:0,&quot;sizes&quot;:[]},&quot;background_motion_fx_opacity_direction&quot;:&quot;out-in&quot;,&quot;background_motion_fx_scale_direction&quot;:&quot;out-in&quot;,&quot;background_motion_fx_scale_range&quot;:{&quot;unit&quot;:&quot;%&quot;,&quot;size&quot;:&quot;&quot;,&quot;sizes&quot;:{&quot;start&quot;:20,&quot;end&quot;:80}},&quot;background_motion_fx_devices&quot;:[&quot;desktop&quot;,&quot;tablet&quot;,&quot;mobile&quot;],&quot;motion_fx_devices&quot;:[&quot;desktop&quot;,&quot;tablet&quot;,&quot;mobile&quot;]}\">\n\t\t\t\t<div class=\"elementor-shape elementor-shape-bottom\" aria-hidden=\"true\" data-negative=\"false\">\n\t\t\t<svg xmlns=\"http:\/\/www.w3.org\/2000\/svg\" viewBox=\"0 0 2600 131.1\" preserveAspectRatio=\"none\">\n\t<path class=\"elementor-shape-fill\" d=\"M0 0L2600 0 2600 69.1 0 0z\"\/>\n\t<path class=\"elementor-shape-fill\" style=\"opacity:0.5\" d=\"M0 0L2600 0 2600 69.1 0 69.1z\"\/>\n\t<path class=\"elementor-shape-fill\" style=\"opacity:0.25\" d=\"M2600 0L0 0 0 130.1 2600 69.1z\"\/>\n<\/svg>\t\t<\/div>\n\t\t\t\t<div class=\"elementor-element elementor-element-1f67cd4 elementor-widget elementor-widget-heading\" data-id=\"1f67cd4\" data-element_type=\"widget\" data-e-type=\"widget\" data-settings=\"{&quot;motion_fx_motion_fx_scrolling&quot;:&quot;yes&quot;,&quot;motion_fx_opacity_effect&quot;:&quot;yes&quot;,&quot;motion_fx_opacity_direction&quot;:&quot;out-in-out&quot;,&quot;motion_fx_scale_effect&quot;:&quot;yes&quot;,&quot;motion_fx_scale_direction&quot;:&quot;in-out-in&quot;,&quot;motion_fx_scale_speed&quot;:{&quot;unit&quot;:&quot;px&quot;,&quot;size&quot;:10,&quot;sizes&quot;:[]},&quot;motion_fx_opacity_level&quot;:{&quot;unit&quot;:&quot;px&quot;,&quot;size&quot;:10,&quot;sizes&quot;:[]},&quot;motion_fx_opacity_range&quot;:{&quot;unit&quot;:&quot;%&quot;,&quot;size&quot;:&quot;&quot;,&quot;sizes&quot;:{&quot;start&quot;:20,&quot;end&quot;:80}},&quot;motion_fx_scale_range&quot;:{&quot;unit&quot;:&quot;%&quot;,&quot;size&quot;:&quot;&quot;,&quot;sizes&quot;:{&quot;start&quot;:20,&quot;end&quot;:80}},&quot;motion_fx_devices&quot;:[&quot;desktop&quot;,&quot;tablet&quot;,&quot;mobile&quot;]}\" data-widget_type=\"heading.default\">\n\t\t\t\t<div class=\"elementor-widget-container\">\n\t\t\t\t\t<h1 class=\"elementor-heading-title elementor-size-default\">Wandgem\u00e4lde<\/h1>\t\t\t\t<\/div>\n\t\t\t\t<\/div>\n\t\t\t\t<\/div>\n\t\t<div class=\"elementor-element elementor-element-31c47b2 e-flex e-con-boxed e-con e-parent\" data-id=\"31c47b2\" data-element_type=\"container\" data-e-type=\"container\">\n\t\t\t\t\t<div class=\"e-con-inner\">\n\t\t\t\t<div class=\"elementor-element elementor-element-24b0dd4 elementor-widget elementor-widget-heading\" data-id=\"24b0dd4\" data-element_type=\"widget\" data-e-type=\"widget\" data-widget_type=\"heading.default\">\n\t\t\t\t<div class=\"elementor-widget-container\">\n\t\t\t\t\t<h3 class=\"elementor-heading-title elementor-size-default\">Burgen &amp; Schl\u00f6sser \u2013 Die Wandgem\u00e4lde in Halle A<\/h3>\t\t\t\t<\/div>\n\t\t\t\t<\/div>\n\t\t\t\t\t<\/div>\n\t\t\t\t<\/div>\n\t\t<div class=\"elementor-element elementor-element-06d861e e-flex e-con-boxed e-con e-parent\" data-id=\"06d861e\" data-element_type=\"container\" data-e-type=\"container\">\n\t\t\t\t\t<div class=\"e-con-inner\">\n\t\t\t\t<div class=\"elementor-element elementor-element-8330239 elementor-widget elementor-widget-text-editor\" data-id=\"8330239\" data-element_type=\"widget\" data-e-type=\"widget\" data-widget_type=\"text-editor.default\">\n\t\t\t\t<div class=\"elementor-widget-container\">\n\t\t\t\t\t\t\t\t\t<p class=\"\" data-start=\"474\" data-end=\"761\">Geschichte trifft auf Malerei: Wer die Modellbahn Wiehe betritt, erlebt nicht nur faszinierende Miniaturwelten \u2013 sondern auch <strong data-start=\"569\" data-end=\"609\">gro\u00dfe Geschichte auf gro\u00dfer Leinwand<\/strong>. In <strong data-start=\"614\" data-end=\"625\">Halle A<\/strong> umrahmen imposante <strong data-start=\"645\" data-end=\"703\">Wandgem\u00e4lde historischer Burgen, Schl\u00f6sser und Kirchen<\/strong> aus <strong data-start=\"708\" data-end=\"740\">Th\u00fcringen und Sachsen-Anhalt<\/strong> die Modellanlagen.\u00a0<span style=\"font-family: var( --e-global-typography-text-font-family ), Sans-serif; font-weight: var( --e-global-typography-text-font-weight ); color: var( --e-global-color-text ); font-size: 1rem;\">Diese kunstvollen Malereien verwandeln die Halle in eine Galerie der Heimatgeschichte \u2013 ein eindrucksvolles visuelles Erlebnis, das tief in die Vergangenheit eintaucht.<\/span><\/p>\t\t\t\t\t\t\t\t<\/div>\n\t\t\t\t<\/div>\n\t\t\t\t\t<\/div>\n\t\t\t\t<\/div>\n\t\t<div class=\"elementor-element elementor-element-1e3e3eb elementor-hidden-mobile e-flex e-con-boxed e-con e-parent\" data-id=\"1e3e3eb\" data-element_type=\"container\" data-e-type=\"container\">\n\t\t\t\t\t<div class=\"e-con-inner\">\n\t\t\t\t<div class=\"elementor-element elementor-element-0fd417b elementor-widget elementor-widget-spacer\" data-id=\"0fd417b\" data-element_type=\"widget\" data-e-type=\"widget\" data-widget_type=\"spacer.default\">\n\t\t\t\t<div class=\"elementor-widget-container\">\n\t\t\t\t\t\t\t<div class=\"elementor-spacer\">\n\t\t\t<div class=\"elementor-spacer-inner\"><\/div>\n\t\t<\/div>\n\t\t\t\t\t\t<\/div>\n\t\t\t\t<\/div>\n\t\t\t\t\t<\/div>\n\t\t\t\t<\/div>\n\t\t<div class=\"elementor-element elementor-element-62a1bb8 e-flex e-con-boxed e-con e-parent\" data-id=\"62a1bb8\" data-element_type=\"container\" data-e-type=\"container\">\n\t\t\t\t\t<div class=\"e-con-inner\">\n\t\t<div class=\"elementor-element elementor-element-e805fc4 e-con-full e-flex e-con e-child\" data-id=\"e805fc4\" data-element_type=\"container\" data-e-type=\"container\">\n\t\t\t\t<div class=\"elementor-element elementor-element-e0cd38d elementor-widget elementor-widget-image\" data-id=\"e0cd38d\" data-element_type=\"widget\" data-e-type=\"widget\" data-widget_type=\"image.default\">\n\t\t\t\t<div class=\"elementor-widget-container\">\n\t\t\t\t\t\t\t\t\t\t\t\t\t\t\t<img fetchpriority=\"high\" decoding=\"async\" width=\"800\" height=\"534\" src=\"https:\/\/www.modellbahn-wiehe.de\/wp-content\/uploads\/2025\/04\/PXL_20250404_091629258-1-1024x683.webp\" class=\"attachment-large size-large wp-image-2850\" alt=\"\" srcset=\"https:\/\/www.modellbahn-wiehe.de\/wp-content\/uploads\/2025\/04\/PXL_20250404_091629258-1-1024x683.webp 1024w, https:\/\/www.modellbahn-wiehe.de\/wp-content\/uploads\/2025\/04\/PXL_20250404_091629258-1-300x200.webp 300w, https:\/\/www.modellbahn-wiehe.de\/wp-content\/uploads\/2025\/04\/PXL_20250404_091629258-1-768x512.webp 768w, https:\/\/www.modellbahn-wiehe.de\/wp-content\/uploads\/2025\/04\/PXL_20250404_091629258-1-1536x1024.webp 1536w, https:\/\/www.modellbahn-wiehe.de\/wp-content\/uploads\/2025\/04\/PXL_20250404_091629258-1-2048x1366.webp 2048w\" sizes=\"(max-width: 800px) 100vw, 800px\" \/>\t\t\t\t\t\t\t\t\t\t\t\t\t\t\t<\/div>\n\t\t\t\t<\/div>\n\t\t\t\t<\/div>\n\t\t<div class=\"elementor-element elementor-element-aaf8f14 e-con-full e-flex e-con e-child\" data-id=\"aaf8f14\" data-element_type=\"container\" data-e-type=\"container\">\n\t\t\t\t<div class=\"elementor-element elementor-element-ec79114 elementor-widget elementor-widget-heading\" data-id=\"ec79114\" data-element_type=\"widget\" data-e-type=\"widget\" data-widget_type=\"heading.default\">\n\t\t\t\t<div class=\"elementor-widget-container\">\n\t\t\t\t\t<h3 class=\"elementor-heading-title elementor-size-default\">Ein K\u00fcnstler mit Gesp\u00fcr f\u00fcr Vergangenheit<\/h3>\t\t\t\t<\/div>\n\t\t\t\t<\/div>\n\t\t\t\t<div class=\"elementor-element elementor-element-bd11b1f elementor-widget elementor-widget-text-editor\" data-id=\"bd11b1f\" data-element_type=\"widget\" data-e-type=\"widget\" data-widget_type=\"text-editor.default\">\n\t\t\t\t<div class=\"elementor-widget-container\">\n\t\t\t\t\t\t\t\t\t<p class=\"\" data-start=\"1402\" data-end=\"1795\">Die Idee zu den Wandgem\u00e4lden stammt von Ausstellungsgr\u00fcnder <strong data-start=\"1030\" data-end=\"1052\">Hans-J\u00f6rg Stiegler<\/strong>, umgesetzt wurden sie vom renommierten Kunstmaler <strong data-start=\"1103\" data-end=\"1118\">Hans Tempel<\/strong>. Mit feinem Pinselstrich, historischem Verst\u00e4ndnis und einer gro\u00dfen Portion Leidenschaft schuf er eine <strong data-start=\"1222\" data-end=\"1247\">einzigartige Bildwelt<\/strong>, die bis heute Besucher begeistert.<\/p>\t\t\t\t\t\t\t\t<\/div>\n\t\t\t\t<\/div>\n\t\t\t\t<\/div>\n\t\t\t\t\t<\/div>\n\t\t\t\t<\/div>\n\t\t<div class=\"elementor-element elementor-element-11865da elementor-hidden-mobile e-flex e-con-boxed e-con e-parent\" data-id=\"11865da\" data-element_type=\"container\" data-e-type=\"container\">\n\t\t\t\t\t<div class=\"e-con-inner\">\n\t\t\t\t<div class=\"elementor-element elementor-element-b032d60 elementor-widget elementor-widget-spacer\" data-id=\"b032d60\" data-element_type=\"widget\" data-e-type=\"widget\" data-widget_type=\"spacer.default\">\n\t\t\t\t<div class=\"elementor-widget-container\">\n\t\t\t\t\t\t\t<div class=\"elementor-spacer\">\n\t\t\t<div class=\"elementor-spacer-inner\"><\/div>\n\t\t<\/div>\n\t\t\t\t\t\t<\/div>\n\t\t\t\t<\/div>\n\t\t\t\t\t<\/div>\n\t\t\t\t<\/div>\n\t\t<div class=\"elementor-element elementor-element-12e4923 e-con-full e-grid e-con e-parent\" data-id=\"12e4923\" data-element_type=\"container\" data-e-type=\"container\" data-settings=\"{&quot;background_background&quot;:&quot;classic&quot;}\">\n\t\t<div class=\"elementor-element elementor-element-e6bc89a e-con-full e-flex e-con e-child\" data-id=\"e6bc89a\" data-element_type=\"container\" data-e-type=\"container\">\n\t\t\t\t<div class=\"elementor-element elementor-element-1fa461b elementor-widget elementor-widget-heading\" data-id=\"1fa461b\" data-element_type=\"widget\" data-e-type=\"widget\" data-widget_type=\"heading.default\">\n\t\t\t\t<div class=\"elementor-widget-container\">\n\t\t\t\t\t<h3 class=\"elementor-heading-title elementor-size-default\">Mehr als Dekoration \u2013 ein Streifzug durch deutsche Geschichte<\/h3>\t\t\t\t<\/div>\n\t\t\t\t<\/div>\n\t\t\t\t<div class=\"elementor-element elementor-element-46aab57 elementor-widget elementor-widget-text-editor\" data-id=\"46aab57\" data-element_type=\"widget\" data-e-type=\"widget\" data-widget_type=\"text-editor.default\">\n\t\t\t\t<div class=\"elementor-widget-container\">\n\t\t\t\t\t\t\t\t\t<p class=\"\" data-start=\"1358\" data-end=\"1561\">Die Gem\u00e4lde zeigen nicht nur eindrucksvolle Architektur \u2013 sie erz\u00e4hlen Geschichten:<br data-start=\"1441\" data-end=\"1444\" \/>Von <strong data-start=\"1448\" data-end=\"1478\">Kaiserpfalzen und Kl\u00f6stern<\/strong>, von <strong data-start=\"1484\" data-end=\"1511\">Machtzentren und Ruinen<\/strong>, von <strong data-start=\"1517\" data-end=\"1558\">Kriegen, Reformation und Wiederaufbau<\/strong>.<\/p><p class=\"\" data-start=\"1563\" data-end=\"1816\">Die dargestellten Bauwerke sind <strong data-start=\"1595\" data-end=\"1638\">Sinnbilder einer bewegten Vergangenheit<\/strong> \u2013 viele davon direkt aus dem <strong data-start=\"1668\" data-end=\"1699\">\u201eTal der K\u00f6nige und Kaiser\u201c<\/strong>, dem Unstruttal, das Wiehe umgibt. Hier wirkte einst <strong data-start=\"1753\" data-end=\"1771\">Kaiser Otto I.<\/strong>, hier formte sich deutsche Reichsgeschichte.<\/p>\t\t\t\t\t\t\t\t<\/div>\n\t\t\t\t<\/div>\n\t\t\t\t<\/div>\n\t\t<div class=\"elementor-element elementor-element-21784cb e-con-full e-flex e-con e-child\" data-id=\"21784cb\" data-element_type=\"container\" data-e-type=\"container\" data-settings=\"{&quot;background_background&quot;:&quot;classic&quot;}\">\n\t\t\t\t<\/div>\n\t\t\t\t<\/div>\n\t\t<div class=\"elementor-element elementor-element-ba51050 elementor-hidden-mobile e-flex e-con-boxed e-con e-parent\" data-id=\"ba51050\" data-element_type=\"container\" data-e-type=\"container\">\n\t\t\t\t\t<div class=\"e-con-inner\">\n\t\t\t\t<div class=\"elementor-element elementor-element-5be796b elementor-widget elementor-widget-spacer\" data-id=\"5be796b\" data-element_type=\"widget\" data-e-type=\"widget\" data-widget_type=\"spacer.default\">\n\t\t\t\t<div class=\"elementor-widget-container\">\n\t\t\t\t\t\t\t<div class=\"elementor-spacer\">\n\t\t\t<div class=\"elementor-spacer-inner\"><\/div>\n\t\t<\/div>\n\t\t\t\t\t\t<\/div>\n\t\t\t\t<\/div>\n\t\t\t\t\t<\/div>\n\t\t\t\t<\/div>\n\t\t<div class=\"elementor-element elementor-element-dd07fd7 e-flex e-con-boxed e-con e-parent\" data-id=\"dd07fd7\" data-element_type=\"container\" data-e-type=\"container\">\n\t\t\t\t\t<div class=\"e-con-inner\">\n\t\t\t\t<div class=\"elementor-element elementor-element-1093b49 elementor-widget elementor-widget-heading\" data-id=\"1093b49\" data-element_type=\"widget\" data-e-type=\"widget\" data-widget_type=\"heading.default\">\n\t\t\t\t<div class=\"elementor-widget-container\">\n\t\t\t\t\t<h3 class=\"elementor-heading-title elementor-size-default\">Entdecken, raten, lernen<\/h3>\t\t\t\t<\/div>\n\t\t\t\t<\/div>\n\t\t\t\t\t<\/div>\n\t\t\t\t<\/div>\n\t\t<div class=\"elementor-element elementor-element-57b44fc e-flex e-con-boxed e-con e-parent\" data-id=\"57b44fc\" data-element_type=\"container\" data-e-type=\"container\">\n\t\t\t\t\t<div class=\"e-con-inner\">\n\t\t\t\t<div class=\"elementor-element elementor-element-40e506c elementor-widget elementor-widget-text-editor\" data-id=\"40e506c\" data-element_type=\"widget\" data-e-type=\"widget\" data-widget_type=\"text-editor.default\">\n\t\t\t\t<div class=\"elementor-widget-container\">\n\t\t\t\t\t\t\t\t\t<p class=\"\" data-start=\"1854\" data-end=\"2124\">Das Besondere: Die Wandbilder <strong data-start=\"1884\" data-end=\"1915\">tragen keine Beschriftungen<\/strong>. Stattdessen l\u00e4dt die Ausstellung zum Mitr\u00e4tseln ein: Besucher erhalten ein <strong data-start=\"1994\" data-end=\"2008\">Wappenheft<\/strong> mit begleitenden Informationen und spannenden historischen Texten \u2013 verfasst vom Historiker <strong data-start=\"2101\" data-end=\"2121\">Dr. Franz Rittig<\/strong>.\u00a0<span style=\"font-family: var( --e-global-typography-text-font-family ), Sans-serif; font-weight: var( --e-global-typography-text-font-weight ); text-align: var(--text-align); color: var( --e-global-color-text ); font-size: 1rem;\">So wird aus dem Rundgang durch Halle A eine <\/span><strong style=\"font-family: var( --e-global-typography-text-font-family ), Sans-serif; text-align: var(--text-align); color: var( --e-global-color-text ); font-size: 1rem;\" data-start=\"2170\" data-end=\"2210\">lehrreiche und interaktive Zeitreise<\/strong><span style=\"font-family: var( --e-global-typography-text-font-family ), Sans-serif; font-weight: var( --e-global-typography-text-font-weight ); text-align: var(--text-align); color: var( --e-global-color-text ); font-size: 1rem;\"> \u2013 unterhaltsam f\u00fcr Kinder, faszinierend f\u00fcr Erwachsene, bereichernd f\u00fcr alle.<\/span><\/p>\t\t\t\t\t\t\t\t<\/div>\n\t\t\t\t<\/div>\n\t\t\t\t\t<\/div>\n\t\t\t\t<\/div>\n\t\t<div class=\"elementor-element elementor-element-0e293ab elementor-hidden-mobile e-flex e-con-boxed e-con e-parent\" data-id=\"0e293ab\" data-element_type=\"container\" data-e-type=\"container\">\n\t\t\t\t\t<div class=\"e-con-inner\">\n\t\t\t\t<div class=\"elementor-element elementor-element-443ad8c elementor-widget elementor-widget-spacer\" data-id=\"443ad8c\" data-element_type=\"widget\" data-e-type=\"widget\" data-widget_type=\"spacer.default\">\n\t\t\t\t<div class=\"elementor-widget-container\">\n\t\t\t\t\t\t\t<div class=\"elementor-spacer\">\n\t\t\t<div class=\"elementor-spacer-inner\"><\/div>\n\t\t<\/div>\n\t\t\t\t\t\t<\/div>\n\t\t\t\t<\/div>\n\t\t\t\t\t<\/div>\n\t\t\t\t<\/div>\n\t\t<div class=\"elementor-element elementor-element-d078747 e-flex e-con-boxed e-con e-parent\" data-id=\"d078747\" data-element_type=\"container\" data-e-type=\"container\">\n\t\t\t\t\t<div class=\"e-con-inner\">\n\t\t<div class=\"elementor-element elementor-element-16c50eb e-con-full e-flex e-con e-child\" data-id=\"16c50eb\" data-element_type=\"container\" data-e-type=\"container\">\n\t\t\t\t<div class=\"elementor-element elementor-element-2c3161d elementor-widget elementor-widget-image\" data-id=\"2c3161d\" data-element_type=\"widget\" data-e-type=\"widget\" data-widget_type=\"image.default\">\n\t\t\t\t<div class=\"elementor-widget-container\">\n\t\t\t\t\t\t\t\t\t\t\t\t\t\t\t<img decoding=\"async\" width=\"800\" height=\"534\" src=\"https:\/\/www.modellbahn-wiehe.de\/wp-content\/uploads\/2025\/04\/PXL_20250404_091636683-1024x683.webp\" class=\"attachment-large size-large wp-image-2848\" alt=\"\" srcset=\"https:\/\/www.modellbahn-wiehe.de\/wp-content\/uploads\/2025\/04\/PXL_20250404_091636683-1024x683.webp 1024w, https:\/\/www.modellbahn-wiehe.de\/wp-content\/uploads\/2025\/04\/PXL_20250404_091636683-300x200.webp 300w, https:\/\/www.modellbahn-wiehe.de\/wp-content\/uploads\/2025\/04\/PXL_20250404_091636683-768x512.webp 768w, https:\/\/www.modellbahn-wiehe.de\/wp-content\/uploads\/2025\/04\/PXL_20250404_091636683.webp 1080w\" sizes=\"(max-width: 800px) 100vw, 800px\" \/>\t\t\t\t\t\t\t\t\t\t\t\t\t\t\t<\/div>\n\t\t\t\t<\/div>\n\t\t\t\t<\/div>\n\t\t<div class=\"elementor-element elementor-element-10e17a5 e-con-full e-flex e-con e-child\" data-id=\"10e17a5\" data-element_type=\"container\" data-e-type=\"container\">\n\t\t\t\t<div class=\"elementor-element elementor-element-cd1d21e elementor-widget elementor-widget-heading\" data-id=\"cd1d21e\" data-element_type=\"widget\" data-e-type=\"widget\" data-widget_type=\"heading.default\">\n\t\t\t\t<div class=\"elementor-widget-container\">\n\t\t\t\t\t<h3 class=\"elementor-heading-title elementor-size-default\">Kunst, die Wissen schafft<\/h3>\t\t\t\t<\/div>\n\t\t\t\t<\/div>\n\t\t\t\t<div class=\"elementor-element elementor-element-017ee3b elementor-widget elementor-widget-text-editor\" data-id=\"017ee3b\" data-element_type=\"widget\" data-e-type=\"widget\" data-widget_type=\"text-editor.default\">\n\t\t\t\t<div class=\"elementor-widget-container\">\n\t\t\t\t\t\t\t\t\t<p class=\"\" data-start=\"2327\" data-end=\"2521\">Ob passionierter Geschichtsfan oder neugieriger Entdecker: Die Wandgem\u00e4lde der Modellbahn Wiehe bieten <strong data-start=\"2430\" data-end=\"2478\">eine Br\u00fccke zwischen Miniatur und Monumental<\/strong>, zwischen Eisenbahnwelt und Heimatkunde.<\/p><p class=\"\" data-start=\"2523\" data-end=\"2624\"><strong data-start=\"2523\" data-end=\"2624\">Einmal mehr zeigt sich: In Wiehe f\u00e4hrt nicht nur die Modellbahn \u2013 hier f\u00e4hrt auch Geschichte mit.<\/strong><\/p>\t\t\t\t\t\t\t\t<\/div>\n\t\t\t\t<\/div>\n\t\t\t\t<\/div>\n\t\t\t\t\t<\/div>\n\t\t\t\t<\/div>\n\t\t<div class=\"elementor-element elementor-element-bb2695a elementor-hidden-mobile e-flex e-con-boxed e-con e-parent\" data-id=\"bb2695a\" data-element_type=\"container\" data-e-type=\"container\">\n\t\t\t\t\t<div class=\"e-con-inner\">\n\t\t\t\t<div class=\"elementor-element elementor-element-8112a02 elementor-widget elementor-widget-spacer\" data-id=\"8112a02\" data-element_type=\"widget\" data-e-type=\"widget\" data-widget_type=\"spacer.default\">\n\t\t\t\t<div class=\"elementor-widget-container\">\n\t\t\t\t\t\t\t<div class=\"elementor-spacer\">\n\t\t\t<div class=\"elementor-spacer-inner\"><\/div>\n\t\t<\/div>\n\t\t\t\t\t\t<\/div>\n\t\t\t\t<\/div>\n\t\t\t\t\t<\/div>\n\t\t\t\t<\/div>\n\t\t\t\t<\/div>\n\t\t","protected":false},"excerpt":{"rendered":"<p>Wandgem\u00e4lde Burgen &#038; Schl\u00f6sser \u2013 Die Wandgem\u00e4lde in Halle A Geschichte trifft auf Malerei: Wer die Modellbahn Wiehe betritt, erlebt nicht nur faszinierende Miniaturwelten \u2013 sondern auch gro\u00dfe Geschichte auf gro\u00dfer Leinwand. In Halle A umrahmen imposante Wandgem\u00e4lde historischer Burgen, Schl\u00f6sser und Kirchen aus Th\u00fcringen und Sachsen-Anhalt die Modellanlagen.\u00a0Diese kunstvollen Malereien verwandeln die Halle in [&hellip;]<\/p>\n","protected":false},"author":2,"featured_media":0,"parent":0,"menu_order":0,"comment_status":"closed","ping_status":"closed","template":"","meta":{"footnotes":""},"class_list":["post-2844","page","type-page","status-publish","hentry"],"_links":{"self":[{"href":"https:\/\/www.modellbahn-wiehe.de\/index.php?rest_route=\/wp\/v2\/pages\/2844","targetHints":{"allow":["GET"]}}],"collection":[{"href":"https:\/\/www.modellbahn-wiehe.de\/index.php?rest_route=\/wp\/v2\/pages"}],"about":[{"href":"https:\/\/www.modellbahn-wiehe.de\/index.php?rest_route=\/wp\/v2\/types\/page"}],"author":[{"embeddable":true,"href":"https:\/\/www.modellbahn-wiehe.de\/index.php?rest_route=\/wp\/v2\/users\/2"}],"replies":[{"embeddable":true,"href":"https:\/\/www.modellbahn-wiehe.de\/index.php?rest_route=%2Fwp%2Fv2%2Fcomments&post=2844"}],"version-history":[{"count":13,"href":"https:\/\/www.modellbahn-wiehe.de\/index.php?rest_route=\/wp\/v2\/pages\/2844\/revisions"}],"predecessor-version":[{"id":3132,"href":"https:\/\/www.modellbahn-wiehe.de\/index.php?rest_route=\/wp\/v2\/pages\/2844\/revisions\/3132"}],"wp:attachment":[{"href":"https:\/\/www.modellbahn-wiehe.de\/index.php?rest_route=%2Fwp%2Fv2%2Fmedia&parent=2844"}],"curies":[{"name":"wp","href":"https:\/\/api.w.org\/{rel}","templated":true}]}}