{"id":479,"date":"2025-04-03T11:36:48","date_gmt":"2025-04-03T09:36:48","guid":{"rendered":"https:\/\/modellbahn-wiehe.s1135308.keymachine.de\/wordpress\/?page_id=479"},"modified":"2025-04-25T09:25:02","modified_gmt":"2025-04-25T07:25:02","slug":"datenschutzerklaerung-2","status":"publish","type":"page","link":"https:\/\/www.modellbahn-wiehe.de\/?page_id=479","title":{"rendered":"Datenschutzerkl\u00e4rung"},"content":{"rendered":"\t\t<div data-elementor-type=\"wp-page\" data-elementor-id=\"479\" class=\"elementor elementor-479\" data-elementor-post-type=\"page\">\n\t\t\t\t<div class=\"elementor-element elementor-element-273958c e-con-full e-flex e-con e-parent\" data-id=\"273958c\" data-element_type=\"container\" data-e-type=\"container\" data-settings=\"{&quot;background_background&quot;:&quot;classic&quot;,&quot;background_motion_fx_motion_fx_scrolling&quot;:&quot;yes&quot;,&quot;shape_divider_bottom&quot;:&quot;opacity-tilt&quot;,&quot;motion_fx_motion_fx_scrolling&quot;:&quot;yes&quot;,&quot;background_motion_fx_opacity_effect&quot;:&quot;yes&quot;,&quot;background_motion_fx_opacity_level&quot;:{&quot;unit&quot;:&quot;px&quot;,&quot;size&quot;:5,&quot;sizes&quot;:[]},&quot;background_motion_fx_opacity_range&quot;:{&quot;unit&quot;:&quot;%&quot;,&quot;size&quot;:&quot;&quot;,&quot;sizes&quot;:{&quot;start&quot;:0,&quot;end&quot;:100}},&quot;background_motion_fx_scale_effect&quot;:&quot;yes&quot;,&quot;background_motion_fx_scale_speed&quot;:{&quot;unit&quot;:&quot;px&quot;,&quot;size&quot;:0,&quot;sizes&quot;:[]},&quot;background_motion_fx_opacity_direction&quot;:&quot;out-in&quot;,&quot;background_motion_fx_scale_direction&quot;:&quot;out-in&quot;,&quot;background_motion_fx_scale_range&quot;:{&quot;unit&quot;:&quot;%&quot;,&quot;size&quot;:&quot;&quot;,&quot;sizes&quot;:{&quot;start&quot;:20,&quot;end&quot;:80}},&quot;background_motion_fx_devices&quot;:[&quot;desktop&quot;,&quot;tablet&quot;,&quot;mobile&quot;],&quot;motion_fx_devices&quot;:[&quot;desktop&quot;,&quot;tablet&quot;,&quot;mobile&quot;]}\">\n\t\t\t\t<div class=\"elementor-shape elementor-shape-bottom\" aria-hidden=\"true\" data-negative=\"false\">\n\t\t\t<svg xmlns=\"http:\/\/www.w3.org\/2000\/svg\" viewBox=\"0 0 2600 131.1\" preserveAspectRatio=\"none\">\n\t<path class=\"elementor-shape-fill\" d=\"M0 0L2600 0 2600 69.1 0 0z\"\/>\n\t<path class=\"elementor-shape-fill\" style=\"opacity:0.5\" d=\"M0 0L2600 0 2600 69.1 0 69.1z\"\/>\n\t<path class=\"elementor-shape-fill\" style=\"opacity:0.25\" d=\"M2600 0L0 0 0 130.1 2600 69.1z\"\/>\n<\/svg>\t\t<\/div>\n\t\t\t\t<div class=\"elementor-element elementor-element-bb1e11b elementor-widget elementor-widget-heading\" data-id=\"bb1e11b\" data-element_type=\"widget\" data-e-type=\"widget\" data-settings=\"{&quot;motion_fx_motion_fx_scrolling&quot;:&quot;yes&quot;,&quot;motion_fx_opacity_effect&quot;:&quot;yes&quot;,&quot;motion_fx_opacity_direction&quot;:&quot;out-in-out&quot;,&quot;motion_fx_scale_effect&quot;:&quot;yes&quot;,&quot;motion_fx_scale_direction&quot;:&quot;in-out-in&quot;,&quot;motion_fx_scale_speed&quot;:{&quot;unit&quot;:&quot;px&quot;,&quot;size&quot;:10,&quot;sizes&quot;:[]},&quot;motion_fx_opacity_level&quot;:{&quot;unit&quot;:&quot;px&quot;,&quot;size&quot;:10,&quot;sizes&quot;:[]},&quot;motion_fx_opacity_range&quot;:{&quot;unit&quot;:&quot;%&quot;,&quot;size&quot;:&quot;&quot;,&quot;sizes&quot;:{&quot;start&quot;:20,&quot;end&quot;:80}},&quot;motion_fx_scale_range&quot;:{&quot;unit&quot;:&quot;%&quot;,&quot;size&quot;:&quot;&quot;,&quot;sizes&quot;:{&quot;start&quot;:20,&quot;end&quot;:80}},&quot;motion_fx_devices&quot;:[&quot;desktop&quot;,&quot;tablet&quot;,&quot;mobile&quot;]}\" data-widget_type=\"heading.default\">\n\t\t\t\t<div class=\"elementor-widget-container\">\n\t\t\t\t\t<h1 class=\"elementor-heading-title elementor-size-default\">Datenschutz<\/h1>\t\t\t\t<\/div>\n\t\t\t\t<\/div>\n\t\t\t\t<\/div>\n\t\t<div class=\"elementor-element elementor-element-caf69b2 e-flex e-con-boxed e-con e-parent\" data-id=\"caf69b2\" data-element_type=\"container\" data-e-type=\"container\">\n\t\t\t\t\t<div class=\"e-con-inner\">\n\t\t\t\t<div class=\"elementor-element elementor-element-4bac223 elementor-widget elementor-widget-text-editor\" data-id=\"4bac223\" data-element_type=\"widget\" data-e-type=\"widget\" data-widget_type=\"text-editor.default\">\n\t\t\t\t<div class=\"elementor-widget-container\">\n\t\t\t\t\t\t\t\t\t<p>Der Schutz und die Sicherheit Ihrer pers\u00f6nlichen Daten stehen f\u00fcr uns an erster Stelle. Ihre personenbezogenen Daten werden von uns stets vertraulich und entsprechend der gesetzlichen Datenschutzvorschriften behandelt. Nachfolgend informieren wir Sie dar\u00fcber, welche Art von Daten w\u00e4hrend Ihres Besuchs erfasst, zu welchem Zweck sie erhoben und wie lange diese gespeichert werden. Wir haben diese Internetseite im Hinblick auf die Einhaltung datenschutzrechtlicher Vorschriften \u00fcberpr\u00fcft und freigegeben. Sollten Sie noch Fragen zum Datenschutz haben, wenden Sie sich bitte an:<\/p><p><span style=\"color: var( --e-global-color-text ); font-family: var( --e-global-typography-text-font-family ), Sans-serif; font-weight: var( --e-global-typography-text-font-weight ); font-size: 1rem;\">Modellbahn Wiehe GmbH<br \/><\/span><span style=\"color: var( --e-global-color-text ); font-family: var( --e-global-typography-text-font-family ), Sans-serif; font-weight: var( --e-global-typography-text-font-weight ); font-size: 1rem;\">Sonnenring 69<br \/><\/span><span style=\"color: var( --e-global-color-text ); font-family: var( --e-global-typography-text-font-family ), Sans-serif; font-weight: var( --e-global-typography-text-font-weight ); font-size: 1rem;\">84051 Essenbach &#8211; Altheim<br \/><\/span><span style=\"color: var( --e-global-color-text ); font-family: var( --e-global-typography-text-font-family ), Sans-serif; font-weight: var( --e-global-typography-text-font-weight ); font-size: 1rem;\">Telefon: 08703\/2891<\/span><br \/>Gesch\u00e4ftsf\u00fchrer:\u00a0<span style=\"color: var( --e-global-color-text ); font-family: var( --e-global-typography-text-font-family ), Sans-serif; font-size: 1rem;\"><span style=\"font-weight: var( --e-global-typography-text-font-weight );\">Helmut Aiwanger<\/span><br \/><\/span><span style=\"color: var( --e-global-color-text ); font-family: var( --e-global-typography-text-font-family ), Sans-serif; font-size: 1rem;\"><br \/><b>Rechte hinsichtlich personenbezogener Daten<br \/><\/b><\/span><span style=\"color: var( --e-global-color-text ); font-family: var( --e-global-typography-text-font-family ), Sans-serif; font-size: 1rem;\"><b><br \/><\/b><span style=\"font-weight: var( --e-global-typography-text-font-weight );\">Die Nutzung unseres Internetangebots ist grunds\u00e4tzlich auch ohne Bekanntgabe Ihrer personenbezogenen Informationen m\u00f6glich.\u00a0<\/span><\/span><span style=\"color: var( --e-global-color-text ); font-family: var( --e-global-typography-text-font-family ), Sans-serif; font-weight: var( --e-global-typography-text-font-weight ); font-size: 1rem;\">Auf Antrag erhalten Sie von uns jederzeit unentgeltlich Auskunft \u00fcber die zu Ihrer Person gespeicherten Daten und k\u00f6nnen unrichtige Daten berichtigen lassen (Art. 15 und Art. 16 DSGVO). Sofern die gesetzlichen Voraussetzungen vorliegen, k\u00f6nnen Sie auch eine Sperrung oder L\u00f6schung der gespeicherten Daten verlangen (Art. 17 und Art. 18 DSGVO). Dar\u00fcber hinaus k\u00f6nnen Sie jederzeit nach Art. 21 DSGVO gegen die Verarbeitung Ihrer personenbezogenen Daten Widerspruch einlegen um die Verarbeitung Ihrer personenbezogenen Daten zu stoppen. Die Verarbeitung wird gem\u00e4\u00df Art. 21 DSGVO gestoppt sofern nicht zwingende schutzw\u00fcrdige Gr\u00fcnde seitens der verarbeitenden Stelle nachgewiesen werden, die eine Verarbeitung erforderlich machen.<\/span><\/p><p><span style=\"color: var( --e-global-color-text ); font-family: var( --e-global-typography-text-font-family ), Sans-serif; font-weight: var( --e-global-typography-text-font-weight ); font-size: 1rem;\"><strong>Zustimmung (Einwilligung) zur Erhebung, Nutzung und Verarbeitung personenbezogener Daten<\/strong><\/span><\/p><p>Au\u00dferhalb gesetzlicher Verpflichtungen d\u00fcrfen personenbezogene Daten nur mit (und im Rahmen) Ihrer Zustimmung erhoben, genutzt oder verarbeitet werden. Um dies zu gew\u00e4hrleisten, k\u00f6nnen Sie, w\u00e4hrend der Nutzung unseres Internetangebots, an verschiedenen Stellen aufgefordert werden, unseren Datenschutzbestimmungen, oder der Verarbeitung Ihrer Daten zu einem bestimmten Zweck (z.B. Kontaktaufnahme mittels Kontaktformular) zuzustimmen. Aus der Nicht-Einwilligung oder einem Widerruf darf Ihnen kein Nachteil entstehen. Ein Widerruf kann nur mit Wirkung f\u00fcr die Zukunft erkl\u00e4rt werden. Wenn sie Ihre Einwilligung widerrufen m\u00f6chten, senden Sie bitte eine entsprechende Email an info@mowi-world.de<br \/><span style=\"color: var( --e-global-color-text ); font-family: var( --e-global-typography-text-font-family ), Sans-serif; font-weight: var( --e-global-typography-text-font-weight ); font-size: 1rem;\"><br \/><strong>Einwilligung durch Minderj\u00e4hrige<\/strong><\/span><\/p><p>Personen unter 18 Jahren sollten ohne Zustimmung der Erziehungsberechtigten keine personenbezogenen Daten an uns \u00fcbermitteln. Gem\u00e4\u00df Art. 8 DSGVO d\u00fcrfen Kinder bis 16 Jahre solche Einwilligungen nur mit Zustimmung der Erziehungsberechtigten erkl\u00e4ren. Personenbezogene Daten von Minderj\u00e4hrigen werden nicht bewusst erhoben und verarbeitet.<br \/><span style=\"color: var( --e-global-color-text ); font-family: var( --e-global-typography-text-font-family ), Sans-serif; font-weight: var( --e-global-typography-text-font-weight ); font-size: 1rem;\"><br \/><strong>Datensicherheit<\/strong><\/span><\/p><p>Wir verwenden technische und organisatorische Ma\u00dfnahmen um Ihre Daten vor dem Zugriff Unberechtigter und vor Manipulation, \u00dcbermittlung, Verlust oder Zerst\u00f6rung zu sch\u00fctzen. Unsere Sicherheitsverfahren \u00fcberpr\u00fcfen wir regelm\u00e4\u00dfig und passen sie dem technologischen Fortschritt an.<br \/>S\u00e4mtliche an uns \u00fcber das Kontaktformular \u00fcbermittelten Daten werden durch geeignete Verschl\u00fcsselungsverfahren gesch\u00fctzt.<br \/><span style=\"color: var( --e-global-color-text ); font-family: var( --e-global-typography-text-font-family ), Sans-serif; font-weight: var( --e-global-typography-text-font-weight ); font-size: 1rem;\"><br \/><strong>Offenlegung und Weitergabe personenbezogener Daten<\/strong><\/span><\/p><p>Alle personenbezogenen Daten werden ausschlie\u00dflich mit Ihrer ausdr\u00fccklichen Zustimmung oder aufgrund gesetzlicher Verpflichtung, weitergegeben und werden f\u00fcr keine anderen Zwecke, als die in unserer Datenschutzerkl\u00e4rung genannten, verwendet.<br \/><span style=\"color: var( --e-global-color-text ); font-family: var( --e-global-typography-text-font-family ), Sans-serif; font-weight: var( --e-global-typography-text-font-weight ); font-size: 1rem;\"><br \/><strong>Datenerhebung, Datennutzung und Verarbeitung<\/strong><\/span><\/p><p>Elektronische Datenerhebung innerhalb des Webangebotes: Wenn Sie innerhalb unseres Internetangebots aufgefordert werden Daten \u00fcber sich einzugeben, erfolgt deren Transport \u00fcber das Internet unter Verwendung von ssl-Verschl\u00fcsselung, um Ihre Daten vor einer Kenntnisnahme durch Unbefugte zu sch\u00fctzen.<br \/><span style=\"color: var( --e-global-color-text ); font-family: var( --e-global-typography-text-font-family ), Sans-serif; font-weight: var( --e-global-typography-text-font-weight ); font-size: 1rem;\"><br \/><strong>Elektronische Post (E-Mail)<\/strong><\/span><\/p><p>Wenn Sie uns E-Mails senden wird Ihre E-Mail-Adresse nur f\u00fcr die Korrespondenz mit Ihnen verwendet. Informationen, die Sie unverschl\u00fcsselt per E-Mail an uns senden k\u00f6nnen m\u00f6glicherweise auf dem \u00dcbertragungsweg von Dritten gelesen werden. Wir k\u00f6nnen in der Regel auch Ihre Identit\u00e4t nicht \u00fcberpr\u00fcfen und wissen nicht, wer sich hinter einer E-Mail-Adresse verbirgt, so dass eine rechtssichere Kommunikation durch einfache E-Mail daher nicht gew\u00e4hrleistet ist. Wir setzen zudem sog. SPAM-Filter gegen unerw\u00fcnschte Werbung ein, die in seltenen F\u00e4llen auch normale E-Mails f\u00e4lschlicherweise automatisch als unerw\u00fcnschte Werbung einordnen k\u00f6nnen. E-Mails, die sch\u00e4digende Programme (\u201eViren etc.\u201c) enthalten, werden von uns in jedem Fall gel\u00f6scht. Wenn Sie schutzw\u00fcrdige Nachrichten an uns senden wollen, empfehlen wir dringend, die Nachricht auf konventionellem Postwege oder per Fax an uns zu senden.<\/p><p><strong>Kontaktformulare<br \/><\/strong><br \/>Wenn Sie unser Kontaktformular benutzen, werden Ihre Daten durch Verwendung einer ssl-Verbindung (https:\/\/) verschl\u00fcsselt und entsprechend \u00a7 13 Abs. 7 TMG gesch\u00fctzt. Zudem werden Sie bei Verwendung aufgefordert durch Klick, der im Formular enthaltenen Checkbox, Ihrer Zustimmung zu unseren Datenschutzrichtlinien zu best\u00e4tigen. Erst nachdem Sie so Ihre Einwilligung erkl\u00e4rt haben wird Ihre Anfrage an uns versandt. Ihre an uns gesendeten Angaben werden ausschlie\u00dflich zur Bearbeitung Ihrer Anfrage gespeichert, nur zur Bearbeitung Ihres Anliegens verwendet und nach dessen Erledigung gel\u00f6scht, sofern einer L\u00f6schung keine gesetzlichen Aufbewahrungs-\/Dokumentationspflichten entgegenstehen.<\/p><p><strong>Angaben zu automatisierten Datenerfassung und Speicherung \/ Protokollierung<\/strong><\/p><p>Wenn Sie diese oder andere Internetseiten aufrufen \u00fcbermitteln Sie \u00fcber Ihren Internetbrowser automatisch Daten an unseren Webserver.<\/p><p>Die folgenden Daten werden w\u00e4hrend einer laufenden Verbindung protokoliert:<br \/>\u2022 Datum und Uhrzeit der Anforderung<br \/>\u2022 Name der angeforderten Datei<br \/>\u2022 Seite von der aus die Datei angefordert wurde<br \/>\u2022 Zugriffsstatus (Datei \u00fcbertragen, Datei nicht gefunden, etc.)<br \/>\u2022 Verwendete Webbrowser und verwendetes Betriebssystem<br \/>\u2022 \u00dcbertragene Datenmenge<\/p><p>Die \u00fcbermittelte IP-Adresse wird, als anonymer Abruf f\u00fcr Statistikzwecke, in einer auf Domain-Ebene verk\u00fcrzten Form, die keine personenbezogenen Angaben enth\u00e4lt, protokolliert, sodass ein R\u00fcckschluss auf Sie nicht mehr m\u00f6glich ist.\u00a0<span style=\"color: var( --e-global-color-text ); font-family: var( --e-global-typography-text-font-family ), Sans-serif; font-weight: var( --e-global-typography-text-font-weight ); font-size: 1rem;\">Wir erfahren durch die Anwendung von Google Analytics (n\u00e4heres s.u.) bestimmte technische Informationen anhand von Ihrem Browser \u00fcbermittelter Daten (z.B. Browsertyp\/- version, verwendetes Betriebssystem, bei uns besuchte Webseiten inkl. Verweildauer, zuvor besuchte Webseite), die von uns nur zu statistischen Zwecken ausgewertet werden.\u00a0<\/span><span style=\"color: var( --e-global-color-text ); font-family: var( --e-global-typography-text-font-family ), Sans-serif; font-weight: var( --e-global-typography-text-font-weight ); font-size: 1rem;\">Nach Ende der Verbindung <\/span><span style=\"color: var( --e-global-color-text ); font-family: var( --e-global-typography-text-font-family ), Sans-serif; font-weight: var( --e-global-typography-text-font-weight ); font-size: 1rem;\">werden diese Daten aus Gr\u00fcnden der technischen Sicherheit, insbesondere zur Abwehr von Angriffsversuchen auf unseren Webserver, von uns protokoliert. Dessen ungeachtet behalten wir uns vor IP-Adressen bei Angriffen auf die Internet- Infrastruktur zu verwerten.\u00a0<\/span><span style=\"color: var( --e-global-color-text ); font-family: var( --e-global-typography-text-font-family ), Sans-serif; font-weight: var( --e-global-typography-text-font-weight ); font-size: 1rem;\">Die Daten werden ausschlie\u00dflich zu diesem Zweck und in anonymisierter Form zu statistischen Zwecken verarbeitet, ein Abgleich mit anderen Datenbest\u00e4nden oder eine Weitergabe an Dritte, auch in Ausz\u00fcgen, findet nicht statt.<br \/><\/span><span style=\"color: var( --e-global-color-text ); font-family: var( --e-global-typography-text-font-family ), Sans-serif; font-weight: var( --e-global-typography-text-font-weight ); font-size: 1rem;\"><br \/><strong>Cookies<\/strong><br \/><\/span><span style=\"color: var( --e-global-color-text ); font-family: var( --e-global-typography-text-font-family ), Sans-serif; font-weight: var( --e-global-typography-text-font-weight ); font-size: 1rem;\"><br \/>Bei Nutzung unseres Internetangebots werden Sie von uns unverz\u00fcglich auf s\u00e4mtliche durch uns verwendete Cookies und deren Zweck hingewiesen. Nur wenn sie unsere Verwendung von Cookies zustimmen werden sog. Session Cookies (kleine Dateien) auf Ihrer Festplatte gespeichert. Diese sind nur f\u00fcr die Dauer Ihres Besuches auf der Internetseite g\u00fcltig und werden ausschlie\u00dflich dazu verwendet Sie w\u00e4hrend Ihres Besuchs unserer Internetseite zu identifizieren und autorisieren.\u00a0<\/span><span style=\"color: var( --e-global-color-text ); font-family: var( --e-global-typography-text-font-family ), Sans-serif; font-weight: var( --e-global-typography-text-font-weight ); font-size: 1rem;\">Sie haben das Recht und die M\u00f6glichkeit unsere Cookies abzulehnen. Ihre Zustimmung kann zudem jederzeit, eigenst\u00e4ndig und mit Wirkung f\u00fcr die Zukunft von Ihnen widerrufen werden.\u00a0<\/span><span style=\"color: var( --e-global-color-text ); font-family: var( --e-global-typography-text-font-family ), Sans-serif; font-weight: var( --e-global-typography-text-font-weight ); font-size: 1rem;\">Unser Internetangebot steht ihnen selbstverst\u00e4ndlich auch dann im vollen Umfang zur Verf\u00fcgung.\u00a0<\/span><span style=\"color: var( --e-global-color-text ); font-family: var( --e-global-typography-text-font-family ), Sans-serif; font-weight: var( --e-global-typography-text-font-weight ); font-size: 1rem;\">Die meisten Browser sind so eingestellt, dass sie die Verwendung von Cookies akzeptieren, diese Funktion kann aber durch die Einstellung des Internetbrowsers von Ihnen f\u00fcr die laufende Sitzung oder dauerhaft abgeschaltet werden. Nach Ende Ihres Besuches werden diese Cookies automatisch wieder von Ihrer Festplatte gel\u00f6scht.<br \/><\/span><span style=\"color: var( --e-global-color-text ); font-family: var( --e-global-typography-text-font-family ), Sans-serif; font-size: 1rem; font-weight: var( --e-global-typography-text-font-weight );\"><br \/><strong>Google Analytics<\/strong><br \/><\/span><span style=\"color: var( --e-global-color-text ); font-family: var( --e-global-typography-text-font-family ), Sans-serif; font-size: 1rem; font-weight: var( --e-global-typography-text-font-weight );\"><br \/>Google Analytics [Webanalysedienst, Google Inc.] analysiert, auf Basis eines Auftragsdatenverarbeitungsvertrags (ADV- Vertrag), die Nutzung unserer Internetseiten. Google Analytics verwendet hierzu Cookies (kleine Dateien), die auf Ihrem Computer gespeichert werden, um eine Analyse der Nutzung unserer Internetpr\u00e4senz zu erm\u00f6glichen. Die so erzeugten Nutzungs-Informationen werden im Anschluss, zumindest in der Regel, an einen Google Server in den USA \u00fcbertragen und dort gespeichert. Da wir die IP-Anonymisierung auf unseren Seiten aktiviert haben, verk\u00fcrzt Google (innerhalb der EU Mitgliedstaaten oder anderen Vertragsstaaten des EWR) die gesammelte IP-Adressen vor deren Transport. Nur in Ausnahmef\u00e4llen werden volle IP-Adressen an Google Server in den USA \u00fcbertragen und erst dort gek\u00fcrzt. In unserem Auftrag wird Google diese Informationen nur verwenden um die Nutzung unserer Internetpr\u00e4senz auszuwerten, um Berichte \u00fcber Websiteaktivit\u00e4ten zusammenzustellen und weitere, mit der Website- und Internetnutzung verbundene, Dienstleistungen, gegen\u00fcber uns (dem Betreiber), zu erbringen. Die durch Ihren Browser \u00fcbermittelte, verk\u00fcrzte und anonymisierte IP-Adresse wird von Google nicht mit anderen Daten zusammengef\u00fchrt. Durch entsprechende Einstellung Ihrer Browser-Software kann eine Speicherung von Cookies zwar verhindert werden, doch dies kann gegebenenfalls dazu f\u00fchren, dass nicht s\u00e4mtliche Funktionen unseres Internetangebots vollumf\u00e4nglich zug\u00e4nglich sind. Sie k\u00f6nnen eine Erfassung, Nutzung, sowie die Verarbeitung Ihrer Daten durch Google jedoch verhindern, indem Sie hier:<\/span><\/p><p>http:\/\/tools.google.com\/dlpage\/gaoptout?hl=de das verf\u00fcgbare Browser-Plugin herunterladen und installieren.<br \/>Weitere Informationen zu den Nutzungsbedingungen und dem Datenschutz bei Google Inc. finden Sie unter:<br \/>http:\/\/www.google.com\/analytics\/terms\/de.html, bzw. https:\/\/www.google.de\/intl\/de\/policies\/<\/p><p><strong>Aktive Komponenten<\/strong><\/p><p>Im Informationsangebot werden keine aktiven Komponenten, wie JavaScript, Flash, Java-Applets oder Active-X-Controls, verwendet.<\/p><p><strong>Einbindung eines fremden Dienstleisters bei der Realisierung\/ Betriebs einer Website \/\u00a0Erhebung von Daten<\/strong><\/p><p>Wir sammeln keinerlei personenbezogene Daten \u00fcber die Besucher unserer Web-Site. Aufgrund eines Auftragsdatenverarbeitungsvertrags (ADV-Vertrag) speichert unser Service-Provider Strato AG von Ihrem Besuch, je nach verwendetem Zugriffsprotokoll, folgende Daten:<\/p><p>\u2022 Datum und Uhrzeit der Anforderung,<br \/>\u2022 vom anfordernden Rechner gew\u00fcnschte Zugriffsmethode\/Funktion,<br \/>\u2022 vom anfordernden Rechner \u00fcbermittelte Eingabewerte (Dateiname, &#8230;),<br \/>\u2022 Zugriffsstatus des Web-Servers (Datei \u00fcbertragen, Datei nicht gefunden, Kommando nicht ausgef\u00fchrt, etc.),<br \/>\u2022 sowie Name der angeforderten Datei.<br \/>Nicht gespeichert wird die IP-Adresse des Rechners von dem die Anfrage abgeschickt wurde.<br \/><span style=\"color: var( --e-global-color-text ); font-family: var( --e-global-typography-text-font-family ), Sans-serif; font-size: 1rem;\"><br \/><b>Disclaimer Externer Links<br \/><\/b><\/span><span style=\"color: var( --e-global-color-text ); font-family: var( --e-global-typography-text-font-family ), Sans-serif; font-size: 1rem;\"><b><br \/><\/b><span style=\"font-weight: var( --e-global-typography-text-font-weight );\">Externe Links \u00f6ffnen sich in einem neuen Fenster. Durch diese Aufruf- und Verlinkungsmethodik vermeiden wir eine automatische kurzzeitige Zwischenspeicherung dieser &#8222;fremden Informationen&#8220;, so dass wir keine Verantwortung f\u00fcr den Datenschutz f\u00fcr diese fremden Inhalte tragen. Durch externe Links vermitteln wir ausschlie\u00dflich den Zugang zur Nutzung dieser Inhalte (\u00a7 8 TMG): Wir sind f\u00fcr diese Inhalte nicht verantwortlich, da wir weder die \u00dcbermittlung der Information veranlasst, den Adressaten der \u00fcbermittelten Informationen und die \u00fcbermittelten Informationen selbst ausgew\u00e4hlt oder ver\u00e4ndert haben.<\/span><\/span><\/p><p><strong>\u00c4nderungen der Datenschutzerkl\u00e4rung<br \/><\/strong><br \/>Wir behalten uns vor diese Datenschutzerkl\u00e4rung zu \u00e4ndern, um sie an ge\u00e4nderte Rechtslagen und technische Standards anzupassen. Unsere Nutzer werden gebeten sich regelm\u00e4\u00dfig zu informieren. Diese Datenschutzerkl\u00e4rung befindet sich derzeit auf dem Stand vom (25.05.2018).<\/p>\t\t\t\t\t\t\t\t<\/div>\n\t\t\t\t<\/div>\n\t\t\t\t\t<\/div>\n\t\t\t\t<\/div>\n\t\t<div class=\"elementor-element elementor-element-0e293ab e-flex e-con-boxed e-con e-parent\" data-id=\"0e293ab\" data-element_type=\"container\" data-e-type=\"container\">\n\t\t\t\t\t<div class=\"e-con-inner\">\n\t\t\t\t<div class=\"elementor-element elementor-element-443ad8c elementor-widget elementor-widget-spacer\" data-id=\"443ad8c\" data-element_type=\"widget\" data-e-type=\"widget\" data-widget_type=\"spacer.default\">\n\t\t\t\t<div class=\"elementor-widget-container\">\n\t\t\t\t\t\t\t<div class=\"elementor-spacer\">\n\t\t\t<div class=\"elementor-spacer-inner\"><\/div>\n\t\t<\/div>\n\t\t\t\t\t\t<\/div>\n\t\t\t\t<\/div>\n\t\t\t\t\t<\/div>\n\t\t\t\t<\/div>\n\t\t\t\t<\/div>\n\t\t","protected":false},"excerpt":{"rendered":"<p>Datenschutz Der Schutz und die Sicherheit Ihrer pers\u00f6nlichen Daten stehen f\u00fcr uns an erster Stelle. Ihre personenbezogenen Daten werden von uns stets vertraulich und entsprechend der gesetzlichen Datenschutzvorschriften behandelt. Nachfolgend informieren wir Sie dar\u00fcber, welche Art von Daten w\u00e4hrend Ihres Besuchs erfasst, zu welchem Zweck sie erhoben und wie lange diese gespeichert werden. Wir haben [&hellip;]<\/p>\n","protected":false},"author":2,"featured_media":0,"parent":0,"menu_order":0,"comment_status":"closed","ping_status":"closed","template":"","meta":{"footnotes":""},"class_list":["post-479","page","type-page","status-publish","hentry"],"_links":{"self":[{"href":"https:\/\/www.modellbahn-wiehe.de\/index.php?rest_route=\/wp\/v2\/pages\/479","targetHints":{"allow":["GET"]}}],"collection":[{"href":"https:\/\/www.modellbahn-wiehe.de\/index.php?rest_route=\/wp\/v2\/pages"}],"about":[{"href":"https:\/\/www.modellbahn-wiehe.de\/index.php?rest_route=\/wp\/v2\/types\/page"}],"author":[{"embeddable":true,"href":"https:\/\/www.modellbahn-wiehe.de\/index.php?rest_route=\/wp\/v2\/users\/2"}],"replies":[{"embeddable":true,"href":"https:\/\/www.modellbahn-wiehe.de\/index.php?rest_route=%2Fwp%2Fv2%2Fcomments&post=479"}],"version-history":[{"count":19,"href":"https:\/\/www.modellbahn-wiehe.de\/index.php?rest_route=\/wp\/v2\/pages\/479\/revisions"}],"predecessor-version":[{"id":3065,"href":"https:\/\/www.modellbahn-wiehe.de\/index.php?rest_route=\/wp\/v2\/pages\/479\/revisions\/3065"}],"wp:attachment":[{"href":"https:\/\/www.modellbahn-wiehe.de\/index.php?rest_route=%2Fwp%2Fv2%2Fmedia&parent=479"}],"curies":[{"name":"wp","href":"https:\/\/api.w.org\/{rel}","templated":true}]}}