{"id":546,"date":"2025-04-03T12:49:38","date_gmt":"2025-04-03T10:49:38","guid":{"rendered":"https:\/\/modellbahn-wiehe.s1135308.keymachine.de\/wordpress\/?page_id=546"},"modified":"2026-03-27T08:44:58","modified_gmt":"2026-03-27T07:44:58","slug":"oeffnungszeiten","status":"publish","type":"page","link":"https:\/\/www.modellbahn-wiehe.de\/?page_id=546","title":{"rendered":"\u00d6ffnungszeiten"},"content":{"rendered":"\t\t<div data-elementor-type=\"wp-page\" data-elementor-id=\"546\" class=\"elementor elementor-546\" data-elementor-post-type=\"page\">\n\t\t\t\t<div class=\"elementor-element elementor-element-c40952f e-con-full e-flex e-con e-parent\" data-id=\"c40952f\" data-element_type=\"container\" data-e-type=\"container\" data-settings=\"{&quot;background_background&quot;:&quot;classic&quot;,&quot;background_motion_fx_motion_fx_scrolling&quot;:&quot;yes&quot;,&quot;shape_divider_bottom&quot;:&quot;opacity-tilt&quot;,&quot;motion_fx_motion_fx_scrolling&quot;:&quot;yes&quot;,&quot;background_motion_fx_opacity_effect&quot;:&quot;yes&quot;,&quot;background_motion_fx_opacity_level&quot;:{&quot;unit&quot;:&quot;px&quot;,&quot;size&quot;:5,&quot;sizes&quot;:[]},&quot;background_motion_fx_opacity_range&quot;:{&quot;unit&quot;:&quot;%&quot;,&quot;size&quot;:&quot;&quot;,&quot;sizes&quot;:{&quot;start&quot;:0,&quot;end&quot;:100}},&quot;background_motion_fx_scale_effect&quot;:&quot;yes&quot;,&quot;background_motion_fx_scale_speed&quot;:{&quot;unit&quot;:&quot;px&quot;,&quot;size&quot;:0,&quot;sizes&quot;:[]},&quot;background_motion_fx_opacity_direction&quot;:&quot;out-in&quot;,&quot;background_motion_fx_scale_direction&quot;:&quot;out-in&quot;,&quot;background_motion_fx_scale_range&quot;:{&quot;unit&quot;:&quot;%&quot;,&quot;size&quot;:&quot;&quot;,&quot;sizes&quot;:{&quot;start&quot;:20,&quot;end&quot;:80}},&quot;background_motion_fx_devices&quot;:[&quot;desktop&quot;,&quot;tablet&quot;,&quot;mobile&quot;],&quot;motion_fx_devices&quot;:[&quot;desktop&quot;,&quot;tablet&quot;,&quot;mobile&quot;]}\">\n\t\t\t\t<div class=\"elementor-shape elementor-shape-bottom\" aria-hidden=\"true\" data-negative=\"false\">\n\t\t\t<svg xmlns=\"http:\/\/www.w3.org\/2000\/svg\" viewBox=\"0 0 2600 131.1\" preserveAspectRatio=\"none\">\n\t<path class=\"elementor-shape-fill\" d=\"M0 0L2600 0 2600 69.1 0 0z\"\/>\n\t<path class=\"elementor-shape-fill\" style=\"opacity:0.5\" d=\"M0 0L2600 0 2600 69.1 0 69.1z\"\/>\n\t<path class=\"elementor-shape-fill\" style=\"opacity:0.25\" d=\"M2600 0L0 0 0 130.1 2600 69.1z\"\/>\n<\/svg>\t\t<\/div>\n\t\t\t\t<div class=\"elementor-element elementor-element-a03c893 elementor-widget elementor-widget-heading\" data-id=\"a03c893\" data-element_type=\"widget\" data-e-type=\"widget\" data-settings=\"{&quot;motion_fx_motion_fx_scrolling&quot;:&quot;yes&quot;,&quot;motion_fx_opacity_effect&quot;:&quot;yes&quot;,&quot;motion_fx_opacity_direction&quot;:&quot;out-in-out&quot;,&quot;motion_fx_scale_effect&quot;:&quot;yes&quot;,&quot;motion_fx_scale_direction&quot;:&quot;in-out-in&quot;,&quot;motion_fx_scale_speed&quot;:{&quot;unit&quot;:&quot;px&quot;,&quot;size&quot;:10,&quot;sizes&quot;:[]},&quot;motion_fx_opacity_level&quot;:{&quot;unit&quot;:&quot;px&quot;,&quot;size&quot;:10,&quot;sizes&quot;:[]},&quot;motion_fx_opacity_range&quot;:{&quot;unit&quot;:&quot;%&quot;,&quot;size&quot;:&quot;&quot;,&quot;sizes&quot;:{&quot;start&quot;:20,&quot;end&quot;:80}},&quot;motion_fx_scale_range&quot;:{&quot;unit&quot;:&quot;%&quot;,&quot;size&quot;:&quot;&quot;,&quot;sizes&quot;:{&quot;start&quot;:20,&quot;end&quot;:80}},&quot;motion_fx_devices&quot;:[&quot;desktop&quot;,&quot;tablet&quot;,&quot;mobile&quot;]}\" data-widget_type=\"heading.default\">\n\t\t\t\t<div class=\"elementor-widget-container\">\n\t\t\t\t\t<h1 class=\"elementor-heading-title elementor-size-default\">\u00d6ffnungszeiten<\/h1>\t\t\t\t<\/div>\n\t\t\t\t<\/div>\n\t\t\t\t<\/div>\n\t\t<div class=\"elementor-element elementor-element-31c47b2 e-flex e-con-boxed e-con e-parent\" data-id=\"31c47b2\" data-element_type=\"container\" data-e-type=\"container\">\n\t\t\t\t\t<div class=\"e-con-inner\">\n\t\t\t\t<div class=\"elementor-element elementor-element-24b0dd4 elementor-widget elementor-widget-heading\" data-id=\"24b0dd4\" data-element_type=\"widget\" data-e-type=\"widget\" data-widget_type=\"heading.default\">\n\t\t\t\t<div class=\"elementor-widget-container\">\n\t\t\t\t\t<h3 class=\"elementor-heading-title elementor-size-default\">Unsere \u00d6ffnungszeiten<\/h3>\t\t\t\t<\/div>\n\t\t\t\t<\/div>\n\t\t\t\t\t<\/div>\n\t\t\t\t<\/div>\n\t\t<div class=\"elementor-element elementor-element-b1ad531 elementor-hidden-mobile e-flex e-con-boxed e-con e-parent\" data-id=\"b1ad531\" data-element_type=\"container\" data-e-type=\"container\">\n\t\t\t\t\t<div class=\"e-con-inner\">\n\t\t\t\t<div class=\"elementor-element elementor-element-0261646 elementor-widget elementor-widget-spacer\" data-id=\"0261646\" data-element_type=\"widget\" data-e-type=\"widget\" data-widget_type=\"spacer.default\">\n\t\t\t\t<div class=\"elementor-widget-container\">\n\t\t\t\t\t\t\t<div class=\"elementor-spacer\">\n\t\t\t<div class=\"elementor-spacer-inner\"><\/div>\n\t\t<\/div>\n\t\t\t\t\t\t<\/div>\n\t\t\t\t<\/div>\n\t\t\t\t\t<\/div>\n\t\t\t\t<\/div>\n\t\t<div class=\"elementor-element elementor-element-06d861e e-flex e-con-boxed e-con e-parent\" data-id=\"06d861e\" data-element_type=\"container\" data-e-type=\"container\">\n\t\t\t\t\t<div class=\"e-con-inner\">\n\t\t\t\t<div class=\"elementor-element elementor-element-8330239 elementor-widget elementor-widget-text-editor\" data-id=\"8330239\" data-element_type=\"widget\" data-e-type=\"widget\" data-widget_type=\"text-editor.default\">\n\t\t\t\t<div class=\"elementor-widget-container\">\n\t\t\t\t\t\t\t\t\t<p class=\"\" data-start=\"182\" data-end=\"313\">Wir haben <strong data-start=\"208\" data-end=\"222\">ganzj\u00e4hrig<\/strong> f\u00fcr Sie ge\u00f6ffnet \u2013 auch an Feiertagen!<br><br data-start=\"261\" data-end=\"264\"><img decoding=\"async\" draggable=\"false\" role=\"img\" class=\"emoji\" alt=\"\ud83d\udd59\" src=\"https:\/\/s.w.org\/images\/core\/emoji\/17.0.2\/svg\/1f559.svg\"> t<strong data-start=\"267\" data-end=\"302\">\u00e4glich (Montag bis Sonntag) von 10:00 bis 17:00 Uhr&nbsp;<\/strong><img decoding=\"async\" draggable=\"false\" role=\"img\" class=\"emoji\" alt=\"\ud83d\udd14\" src=\"https:\/\/s.w.org\/images\/core\/emoji\/17.0.2\/svg\/1f514.svg\"> Letzter Einlass: <strong data-start=\"325\" data-end=\"338\">16:00 Uhr<\/strong><\/p>\n<p><strong data-start=\"325\" data-end=\"338\">Sonder\u00f6ffnungszeiten Dezember: 2026: 24. Dezember geschlossen \u2022&nbsp;31. Dezember (Silvester): 10 bis 14 Uhr (letzter Einlass 13 Uhr)<br><\/strong><br data-start=\"338\" data-end=\"341\"><img decoding=\"async\" draggable=\"false\" role=\"img\" class=\"emoji\" alt=\"\u23f3\" src=\"https:\/\/s.w.org\/images\/core\/emoji\/17.0.2\/svg\/23f3.svg\"> F\u00fcr Ihren Besuch empfehlen wir eine <strong data-start=\"379\" data-end=\"419\">Aufenthaltsdauer von 2 bis 3 Stunden<\/strong>, um die Ausstellung in Ruhe zu genie\u00dfen.<\/p>\t\t\t\t\t\t\t\t<\/div>\n\t\t\t\t<\/div>\n\t\t\t\t\t<\/div>\n\t\t\t\t<\/div>\n\t\t<div class=\"elementor-element elementor-element-7929767 e-flex e-con-boxed e-con e-parent\" data-id=\"7929767\" data-element_type=\"container\" data-e-type=\"container\">\n\t\t\t\t\t<div class=\"e-con-inner\">\n\t\t<div class=\"elementor-element elementor-element-cd9927a e-con-full e-flex e-con e-child\" data-id=\"cd9927a\" data-element_type=\"container\" data-e-type=\"container\">\n\t\t\t\t<div class=\"elementor-element elementor-element-b4b4000 elementor-position-top elementor-invisible elementor-widget elementor-widget-image-box\" data-id=\"b4b4000\" data-element_type=\"widget\" data-e-type=\"widget\" data-settings=\"{&quot;_animation&quot;:&quot;fadeIn&quot;}\" data-widget_type=\"image-box.default\">\n\t\t\t\t<div class=\"elementor-widget-container\">\n\t\t\t\t\t<div class=\"elementor-image-box-wrapper\"><figure class=\"elementor-image-box-img\"><img decoding=\"async\" src=\"https:\/\/www.modellbahn-wiehe.de\/wp-content\/uploads\/elementor\/thumbs\/LUIS5317-r3t9vg9lktkqfzw2a4v1qtqls9kkzkvjlpkx86790w.webp\" title=\"LUIS5317\" alt=\"LUIS5317\" class=\"elementor-animation-shrink\" loading=\"lazy\" \/><\/figure><div class=\"elementor-image-box-content\"><h3 class=\"elementor-image-box-title\">Modellbahnausstellung<\/h3><p class=\"elementor-image-box-description\">ganzj\u00e4hrig t\u00e4glich von 10:00 bis 17:00 Uhr ge\u00f6ffnet<\/p><\/div><\/div>\t\t\t\t<\/div>\n\t\t\t\t<\/div>\n\t\t\t\t<\/div>\n\t\t<div class=\"elementor-element elementor-element-e80ffd2 e-con-full e-flex e-con e-child\" data-id=\"e80ffd2\" data-element_type=\"container\" data-e-type=\"container\">\n\t\t\t\t<div class=\"elementor-element elementor-element-5faf100 elementor-position-top elementor-invisible elementor-widget elementor-widget-image-box\" data-id=\"5faf100\" data-element_type=\"widget\" data-e-type=\"widget\" data-settings=\"{&quot;_animation&quot;:&quot;fadeIn&quot;}\" data-widget_type=\"image-box.default\">\n\t\t\t\t<div class=\"elementor-widget-container\">\n\t\t\t\t\t<div class=\"elementor-image-box-wrapper\"><figure class=\"elementor-image-box-img\"><img decoding=\"async\" src=\"https:\/\/www.modellbahn-wiehe.de\/wp-content\/uploads\/elementor\/thumbs\/LUI01667-r3v2liev4392hjckdbdqmuddlp05sr1umfno93ects.webp\" title=\"LUI01667\" alt=\"LUI01667\" class=\"elementor-animation-shrink\" loading=\"lazy\" \/><\/figure><div class=\"elementor-image-box-content\"><h3 class=\"elementor-image-box-title\">Gastronomie<\/h3><p class=\"elementor-image-box-description\">ganzj\u00e4hrig t\u00e4glich von 10:00 bis 17:00 Uhr ge\u00f6ffnet<\/p><\/div><\/div>\t\t\t\t<\/div>\n\t\t\t\t<\/div>\n\t\t\t\t<\/div>\n\t\t\t\t\t<\/div>\n\t\t\t\t<\/div>\n\t\t<div class=\"elementor-element elementor-element-0e293ab elementor-hidden-mobile e-flex e-con-boxed e-con e-parent\" data-id=\"0e293ab\" data-element_type=\"container\" data-e-type=\"container\">\n\t\t\t\t\t<div class=\"e-con-inner\">\n\t\t\t\t<div class=\"elementor-element elementor-element-443ad8c elementor-widget elementor-widget-spacer\" data-id=\"443ad8c\" data-element_type=\"widget\" data-e-type=\"widget\" data-widget_type=\"spacer.default\">\n\t\t\t\t<div class=\"elementor-widget-container\">\n\t\t\t\t\t\t\t<div class=\"elementor-spacer\">\n\t\t\t<div class=\"elementor-spacer-inner\"><\/div>\n\t\t<\/div>\n\t\t\t\t\t\t<\/div>\n\t\t\t\t<\/div>\n\t\t\t\t\t<\/div>\n\t\t\t\t<\/div>\n\t\t<div class=\"elementor-element elementor-element-1b860e3 e-flex e-con-boxed e-con e-parent\" data-id=\"1b860e3\" data-element_type=\"container\" data-e-type=\"container\">\n\t\t\t\t\t<div class=\"e-con-inner\">\n\t\t<div class=\"elementor-element elementor-element-61a22ed e-con-full e-flex e-con e-child\" data-id=\"61a22ed\" data-element_type=\"container\" data-e-type=\"container\">\n\t\t\t\t<div class=\"elementor-element elementor-element-97eed07 elementor-widget elementor-widget-image\" data-id=\"97eed07\" data-element_type=\"widget\" data-e-type=\"widget\" data-widget_type=\"image.default\">\n\t\t\t\t<div class=\"elementor-widget-container\">\n\t\t\t\t\t\t\t\t\t\t\t\t\t\t\t<img fetchpriority=\"high\" decoding=\"async\" width=\"779\" height=\"519\" src=\"https:\/\/www.modellbahn-wiehe.de\/wp-content\/uploads\/2025\/11\/HalleD_Hund.webp\" class=\"attachment-large size-large wp-image-3378\" alt=\"Familie mit Labrador in der Modellbahn Wiehe.\" srcset=\"https:\/\/www.modellbahn-wiehe.de\/wp-content\/uploads\/2025\/11\/HalleD_Hund.webp 779w, https:\/\/www.modellbahn-wiehe.de\/wp-content\/uploads\/2025\/11\/HalleD_Hund-300x200.webp 300w, https:\/\/www.modellbahn-wiehe.de\/wp-content\/uploads\/2025\/11\/HalleD_Hund-768x512.webp 768w\" sizes=\"(max-width: 779px) 100vw, 779px\" \/>\t\t\t\t\t\t\t\t\t\t\t\t\t\t\t<\/div>\n\t\t\t\t<\/div>\n\t\t\t\t<\/div>\n\t\t<div class=\"elementor-element elementor-element-6c8eca2 e-con-full e-flex e-con e-child\" data-id=\"6c8eca2\" data-element_type=\"container\" data-e-type=\"container\">\n\t\t\t\t<div class=\"elementor-element elementor-element-9ca7e8c elementor-widget elementor-widget-heading\" data-id=\"9ca7e8c\" data-element_type=\"widget\" data-e-type=\"widget\" data-widget_type=\"heading.default\">\n\t\t\t\t<div class=\"elementor-widget-container\">\n\t\t\t\t\t<h3 class=\"elementor-heading-title elementor-size-default\">\ud83d\udc36 Hunde sind herzlich willkommen<\/h3>\t\t\t\t<\/div>\n\t\t\t\t<\/div>\n\t\t\t\t<div class=\"elementor-element elementor-element-a7d5fcc elementor-widget elementor-widget-text-editor\" data-id=\"a7d5fcc\" data-element_type=\"widget\" data-e-type=\"widget\" data-widget_type=\"text-editor.default\">\n\t\t\t\t<div class=\"elementor-widget-container\">\n\t\t\t\t\t\t\t\t\t<p class=\"\" data-start=\"515\" data-end=\"607\">Auch Ihre vierbeinigen Freunde sind bei uns herzlich willkommen!<br data-start=\"579\" data-end=\"582\" \/>Bitte beachten Sie dabei:<\/p><ul data-start=\"609\" data-end=\"854\"><li class=\"\" data-start=\"609\" data-end=\"663\"><p class=\"\" data-start=\"611\" data-end=\"663\">Hunde d\u00fcrfen <strong data-start=\"624\" data-end=\"637\">angeleint<\/strong> mit in die Ausstellung.<\/p><\/li><li class=\"\" data-start=\"664\" data-end=\"731\"><p class=\"\" data-start=\"666\" data-end=\"731\">Achten Sie darauf, dass sich andere G\u00e4ste nicht gest\u00f6rt f\u00fchlen.<\/p><\/li><li class=\"\" data-start=\"732\" data-end=\"854\"><p class=\"\" data-start=\"734\" data-end=\"854\">Selbstverst\u00e4ndlich bitten wir darum, dass Ihr Hund sich <strong data-start=\"790\" data-end=\"819\">sauber und r\u00fccksichtsvoll<\/strong> in den Ausstellungsr\u00e4umen verh\u00e4lt.<\/p><\/li><\/ul><p class=\"\" data-start=\"856\" data-end=\"915\">Vielen Dank f\u00fcr Ihr Verst\u00e4ndnis und Ihre R\u00fccksichtnahme!<\/p>\t\t\t\t\t\t\t\t<\/div>\n\t\t\t\t<\/div>\n\t\t\t\t<\/div>\n\t\t\t\t\t<\/div>\n\t\t\t\t<\/div>\n\t\t<div class=\"elementor-element elementor-element-62a1bb8 e-flex e-con-boxed e-con e-parent\" data-id=\"62a1bb8\" data-element_type=\"container\" data-e-type=\"container\">\n\t\t\t\t\t<div class=\"e-con-inner\">\n\t\t<div class=\"elementor-element elementor-element-e805fc4 e-con-full e-flex e-con e-child\" data-id=\"e805fc4\" data-element_type=\"container\" data-e-type=\"container\">\n\t\t\t\t<div class=\"elementor-element elementor-element-e0cd38d elementor-widget elementor-widget-image\" data-id=\"e0cd38d\" data-element_type=\"widget\" data-e-type=\"widget\" data-widget_type=\"image.default\">\n\t\t\t\t<div class=\"elementor-widget-container\">\n\t\t\t\t\t\t\t\t\t\t\t\t\t\t\t<img decoding=\"async\" width=\"800\" height=\"534\" src=\"https:\/\/www.modellbahn-wiehe.de\/wp-content\/uploads\/2025\/04\/183ae28c-8c5d-4c7c-b260-25663e14f087-1024x683.png\" class=\"attachment-large size-large wp-image-1012\" alt=\"\" srcset=\"https:\/\/www.modellbahn-wiehe.de\/wp-content\/uploads\/2025\/04\/183ae28c-8c5d-4c7c-b260-25663e14f087-1024x683.png 1024w, https:\/\/www.modellbahn-wiehe.de\/wp-content\/uploads\/2025\/04\/183ae28c-8c5d-4c7c-b260-25663e14f087-300x200.png 300w, https:\/\/www.modellbahn-wiehe.de\/wp-content\/uploads\/2025\/04\/183ae28c-8c5d-4c7c-b260-25663e14f087-768x512.png 768w, https:\/\/www.modellbahn-wiehe.de\/wp-content\/uploads\/2025\/04\/183ae28c-8c5d-4c7c-b260-25663e14f087.png 1536w\" sizes=\"(max-width: 800px) 100vw, 800px\" \/>\t\t\t\t\t\t\t\t\t\t\t\t\t\t\t<\/div>\n\t\t\t\t<\/div>\n\t\t\t\t<\/div>\n\t\t<div class=\"elementor-element elementor-element-aaf8f14 e-con-full e-flex e-con e-child\" data-id=\"aaf8f14\" data-element_type=\"container\" data-e-type=\"container\">\n\t\t\t\t<div class=\"elementor-element elementor-element-ec79114 elementor-widget elementor-widget-heading\" data-id=\"ec79114\" data-element_type=\"widget\" data-e-type=\"widget\" data-widget_type=\"heading.default\">\n\t\t\t\t<div class=\"elementor-widget-container\">\n\t\t\t\t\t<h3 class=\"elementor-heading-title elementor-size-default\">\ud83d\udd0c Strom tanken einfach &amp; bequem<\/h3>\t\t\t\t<\/div>\n\t\t\t\t<\/div>\n\t\t\t\t<div class=\"elementor-element elementor-element-bd11b1f elementor-widget elementor-widget-text-editor\" data-id=\"bd11b1f\" data-element_type=\"widget\" data-e-type=\"widget\" data-widget_type=\"text-editor.default\">\n\t\t\t\t<div class=\"elementor-widget-container\">\n\t\t\t\t\t\t\t\t\t<p class=\"\" data-start=\"169\" data-end=\"390\">Auf unserem <strong data-start=\"181\" data-end=\"199\">Hauptparkplatz<\/strong> steht Ihnen eine moderne <strong data-start=\"225\" data-end=\"249\">E-Lades\u00e4ule der TEAG<\/strong> zur Verf\u00fcgung.<br data-start=\"264\" data-end=\"267\" \/>Die Lades\u00e4ule bietet <strong data-start=\"288\" data-end=\"307\">zwei Ladepunkte<\/strong>, sodass <strong data-start=\"316\" data-end=\"354\">zwei Elektrofahrzeuge gleichzeitig<\/strong> laden k\u00f6nnen \u2013 ganz ohne Wartezeit.<\/p><p class=\"\" data-start=\"392\" data-end=\"576\">\u26a1 Die Stromtankstelle ist <strong data-start=\"418\" data-end=\"473\">24 Stunden t\u00e4glich und an 7 Tagen die Woche nutzbar<\/strong>, sowohl f\u00fcr unsere Ausstellungsbesucher als auch f\u00fcr Durchreisende oder G\u00e4ste des Gastronomiebereichs.<\/p><p class=\"\" data-start=\"578\" data-end=\"752\">Die Ladepl\u00e4tze sind direkt neben dem Eingangsbereich ausgeschildert und einfach zu erreichen. So starten Sie nach dem Besuch bei uns wieder <strong data-start=\"723\" data-end=\"745\">mit voller Energie<\/strong> durch!<\/p>\t\t\t\t\t\t\t\t<\/div>\n\t\t\t\t<\/div>\n\t\t\t\t<\/div>\n\t\t\t\t\t<\/div>\n\t\t\t\t<\/div>\n\t\t<div class=\"elementor-element elementor-element-8d87fd2 elementor-hidden-mobile e-flex e-con-boxed e-con e-parent\" data-id=\"8d87fd2\" data-element_type=\"container\" data-e-type=\"container\">\n\t\t\t\t\t<div class=\"e-con-inner\">\n\t\t\t\t<div class=\"elementor-element elementor-element-cebd118 elementor-widget elementor-widget-spacer\" data-id=\"cebd118\" data-element_type=\"widget\" data-e-type=\"widget\" data-widget_type=\"spacer.default\">\n\t\t\t\t<div class=\"elementor-widget-container\">\n\t\t\t\t\t\t\t<div class=\"elementor-spacer\">\n\t\t\t<div class=\"elementor-spacer-inner\"><\/div>\n\t\t<\/div>\n\t\t\t\t\t\t<\/div>\n\t\t\t\t<\/div>\n\t\t\t\t\t<\/div>\n\t\t\t\t<\/div>\n\t\t\t\t<\/div>\n\t\t","protected":false},"excerpt":{"rendered":"<p>\u00d6ffnungszeiten Unsere \u00d6ffnungszeiten Wir haben ganzj\u00e4hrig f\u00fcr Sie ge\u00f6ffnet \u2013 auch an Feiertagen! t\u00e4glich (Montag bis Sonntag) von 10:00 bis 17:00 Uhr&nbsp; Letzter Einlass: 16:00 Uhr Sonder\u00f6ffnungszeiten Dezember: 2026: 24. Dezember geschlossen \u2022&nbsp;31. Dezember (Silvester): 10 bis 14 Uhr (letzter Einlass 13 Uhr) F\u00fcr Ihren Besuch empfehlen wir eine Aufenthaltsdauer von 2 bis 3 Stunden, [&hellip;]<\/p>\n","protected":false},"author":2,"featured_media":0,"parent":0,"menu_order":0,"comment_status":"closed","ping_status":"closed","template":"","meta":{"footnotes":""},"class_list":["post-546","page","type-page","status-publish","hentry"],"_links":{"self":[{"href":"https:\/\/www.modellbahn-wiehe.de\/index.php?rest_route=\/wp\/v2\/pages\/546","targetHints":{"allow":["GET"]}}],"collection":[{"href":"https:\/\/www.modellbahn-wiehe.de\/index.php?rest_route=\/wp\/v2\/pages"}],"about":[{"href":"https:\/\/www.modellbahn-wiehe.de\/index.php?rest_route=\/wp\/v2\/types\/page"}],"author":[{"embeddable":true,"href":"https:\/\/www.modellbahn-wiehe.de\/index.php?rest_route=\/wp\/v2\/users\/2"}],"replies":[{"embeddable":true,"href":"https:\/\/www.modellbahn-wiehe.de\/index.php?rest_route=%2Fwp%2Fv2%2Fcomments&post=546"}],"version-history":[{"count":67,"href":"https:\/\/www.modellbahn-wiehe.de\/index.php?rest_route=\/wp\/v2\/pages\/546\/revisions"}],"predecessor-version":[{"id":3589,"href":"https:\/\/www.modellbahn-wiehe.de\/index.php?rest_route=\/wp\/v2\/pages\/546\/revisions\/3589"}],"wp:attachment":[{"href":"https:\/\/www.modellbahn-wiehe.de\/index.php?rest_route=%2Fwp%2Fv2%2Fmedia&parent=546"}],"curies":[{"name":"wp","href":"https:\/\/api.w.org\/{rel}","templated":true}]}}